{"id":1048,"date":"2020-02-22T03:34:50","date_gmt":"2020-02-22T02:34:50","guid":{"rendered":"http:\/\/www.enda.fr\/?page_id=1048"},"modified":"2021-02-05T13:23:54","modified_gmt":"2021-02-05T12:23:54","slug":"modalidades-de-admision","status":"publish","type":"page","link":"https:\/\/www.enda.fr\/es\/modalidades-de-admision\/","title":{"rendered":"Modalidades de admisi\u00f3n"},"content":{"rendered":"\n<p>La admisi\u00f3n se realiza \u00fanicamente gracias a un concurso antes el inicio de cada sesi\u00f3n. Dos o tres etapas tienen que cumplirse para la admisi\u00f3n:\u00a0<br>1. El deposito completo de la candidatura\u00a0<br>2. El estudio de la candidatura\u00a0<br>3. En algunos casos una entrevista con un jurado de admisi\u00f3n<\/p>\n\n\n\n<p>La ENDA recibe candidaturas, a lo largo del a\u00f1o, para integrar su formaci\u00f3n. Las candidaturas se tratan en flujo continuo hasta la constituci\u00f3n de grupos de sesi\u00f3n o de bloques de formaci\u00f3n.\u00a0<\/p>\n\n\n\n<h3 class=\"wp-block-heading\"><strong><strong>Deposito de la candidatura<\/strong><\/strong><\/h3>\n\n\n\n<p>El proceso de deposito de la candidatura se realiza en l\u00ednea gracias a un proceso simplificado, a trav\u00e9s de un formulario de candidatura en acceso al vinculo siguiente:&nbsp;<\/p>\n\n\n\n<figure class=\"wp-block-embed is-type-wp-embed is-provider-fr-enda-ecole-nationale-d-039-art wp-block-embed-fr-enda-ecole-nationale-d-039-art\"><div class=\"wp-block-embed__wrapper\">\n<blockquote class=\"wp-embedded-content\" data-secret=\"yk7ZRynW6h\"><a href=\"http:\/\/www.enda.fr\/candidature-appel\/\">Candidature &#8211; Appel<\/a><\/blockquote><iframe class=\"wp-embedded-content\" sandbox=\"allow-scripts\" security=\"restricted\" style=\"position: absolute; clip: rect(1px, 1px, 1px, 1px);\" title=\"\u00ab\u00a0Candidature &#8211; Appel\u00a0\u00bb &#8212; FR - ENDA - Ecole nationale d&#039;art\" src=\"http:\/\/www.enda.fr\/candidature-appel\/embed\/#?secret=yk7ZRynW6h\" data-secret=\"yk7ZRynW6h\" width=\"600\" height=\"338\" frameborder=\"0\" marginwidth=\"0\" marginheight=\"0\" scrolling=\"no\"><\/iframe>\n<\/div><\/figure>\n\n\n\n<p>Hay que rellenar los campos de formularios de candidaturas con sus informaciones personales y su texto de motivaci\u00f3n donde se explican porqu\u00e9 quer\u00eda integrar la ENDA. En vez del texto de motivaci\u00f3n se puede adjuntar al formulario un video de motivaci\u00f3n o una grabaci\u00f3n. Los candidatos y candidatas se eval\u00faan sobre la base de su motivaci\u00f3n.<\/p>\n\n\n\n<p>CONSEJO\u00a0<br>Redactar su texto antes de empezar a rellenar el formulario. Gracias a un copiar\/pegar se puede insertar el texto en el formulario<\/p>\n\n\n\n<h3 class=\"wp-block-heading\"><strong><strong>Validaci\u00f3n del expediente de candidatura<\/strong><\/strong><\/h3>\n\n\n\n<p>Cuando se valida el expediente de candidatura, no se puede modificarlo. La escuela tendr\u00e1 acceso a las informaciones rellenadas por no se podr\u00e1 modificarlas m\u00e1s. Cuidado.&nbsp;<\/p>\n\n\n\n<p>Para que sea evaluada, el expediente de candidatura tiene que entregarse ante de la fecha limite y ser complejo con gastos de inscripci\u00f3n pagados.&nbsp;<\/p>\n\n\n\n<p>No se puede tomar en cuenta documentos que llegan m\u00e1s tarde, excepto si se realiza una demanda expresa al secretariado.&nbsp;<\/p>\n\n\n\n<p>Tras el dep\u00f3sito de la candidatura, recibir\u00e1 por correo electr\u00f3nico una confirmaci\u00f3n de la recepci\u00f3n de su candidatura. Hay que conservarla. El formulario de inscripci\u00f3n puede rellenarse en franc\u00e9s, en ingl\u00e9s \u2013 o en la lengua del pa\u00eds donde la formaci\u00f3n tiene lugar.<\/p>\n\n\n\n<p>INFORMACI\u00d3N IMPORTANTE\u00a0<br>La escuela no toma en cuenta las informaciones y los documentos que no son obligatorios. Los books o CV no se aceptan.\u00a0<\/p>\n\n\n\n<h3 class=\"wp-block-heading\"><strong><strong>Regalamiento de los gastos de inscripci\u00f3n\u00a0<\/strong><\/strong><\/h3>\n\n\n\n<p>Los gastos del expediente de candidatura se reeval\u00faan cada a\u00f1o. Este regalamiento se puede realizar por cheque, por transferencia bancaria o en l\u00ednea. Las informaciones necesarias se entregar\u00e1n al momento del reglamento.&nbsp;<\/p>\n\n\n\n<p>INFORMACI\u00d3N IMPORTANTE<br>Excepto acuerdo con el secretariado, los candidatos que no finalizaron su inscripci\u00f3n (foto, seguro, reglamento interior y reglamento de la matriculo) ante de la fecha limite pierden su admisi\u00f3n en la lista de espera.\u00a0<\/p>\n\n\n\n<h3 class=\"wp-block-heading\"><strong>Fechas de resultados<\/strong><\/h3>\n\n\n\n<p>Se informan los candidatos de los resultados de admisi\u00f3n una semana tras la fecha limite de candidatura. Para la admisi\u00f3n tras una entrevista con el jurado de admisi\u00f3n, los plazos de admisi\u00f3n son m\u00e1s largos.&nbsp;<\/p>\n\n\n\n<p>El n\u00famero de admitidos varia de un a\u00f1o al otro seg\u00fan los criterios de admisi\u00f3n fijados. En general, los grupos de investigaci\u00f3n y de trabajo no superan 20 participantes.<\/p>\n\n\n\n<h3 class=\"wp-block-heading\"><strong><strong>Casos particulares<\/strong><\/strong><\/h3>\n\n\n\n<p>1. Es posible ser admitido m\u00e1s de una vez. Se solicita un correo electr\u00f3nico explicando esta intenci\u00f3n adem\u00e1s del procedimiento habitual.&nbsp;<\/p>\n\n\n\n<p>2. No se puede volver a utilizar la misma aplicaci\u00f3n que la realizada el a\u00f1o anterior. Para aumentar las posibilidades de ser admitido, debe iniciar una nueva solicitud y validarla dentro del per\u00edodo de solicitud.&nbsp;<\/p>\n","protected":false},"excerpt":{"rendered":"<p>La admisi\u00f3n se realiza \u00fanicamente gracias a un concurso antes el inicio de cada sesi\u00f3n. Dos o tres etapas tienen que cumplirse para la admisi\u00f3n:\u00a01. El deposito completo de la candidatura\u00a02. El estudio de la candidatura\u00a03. En algunos casos una entrevista con un jurado de admisi\u00f3n La ENDA recibe candidaturas, a lo largo del a\u00f1o, [&hellip;]<\/p>\n","protected":false},"author":1,"featured_media":0,"parent":0,"menu_order":0,"comment_status":"closed","ping_status":"closed","template":"","meta":{"_coblocks_attr":"","_coblocks_dimensions":"","_coblocks_responsive_height":"","_coblocks_accordion_ie_support":"","footnotes":""},"_links":{"self":[{"href":"https:\/\/www.enda.fr\/es\/wp-json\/wp\/v2\/pages\/1048"}],"collection":[{"href":"https:\/\/www.enda.fr\/es\/wp-json\/wp\/v2\/pages"}],"about":[{"href":"https:\/\/www.enda.fr\/es\/wp-json\/wp\/v2\/types\/page"}],"author":[{"embeddable":true,"href":"https:\/\/www.enda.fr\/es\/wp-json\/wp\/v2\/users\/1"}],"replies":[{"embeddable":true,"href":"https:\/\/www.enda.fr\/es\/wp-json\/wp\/v2\/comments?post=1048"}],"version-history":[{"count":80,"href":"https:\/\/www.enda.fr\/es\/wp-json\/wp\/v2\/pages\/1048\/revisions"}],"predecessor-version":[{"id":4528,"href":"https:\/\/www.enda.fr\/es\/wp-json\/wp\/v2\/pages\/1048\/revisions\/4528"}],"wp:attachment":[{"href":"https:\/\/www.enda.fr\/es\/wp-json\/wp\/v2\/media?parent=1048"}],"curies":[{"name":"wp","href":"https:\/\/api.w.org\/{rel}","templated":true}]}}