{"id":1163,"date":"2020-02-22T06:06:00","date_gmt":"2020-02-22T05:06:00","guid":{"rendered":"http:\/\/www.enda.fr\/?page_id=1163"},"modified":"2021-02-25T17:35:28","modified_gmt":"2021-02-25T16:35:28","slug":"preguntas-frecuentes","status":"publish","type":"page","link":"https:\/\/www.enda.fr\/es\/preguntas-frecuentes\/","title":{"rendered":"Preguntas frecuentes"},"content":{"rendered":"\n<div class=\"wp-block-coblocks-accordion\">\n<div class=\"wp-block-coblocks-accordion-item\"><details><summary class=\"wp-block-coblocks-accordion-item__title\"> <strong>1. <strong>Candidatura<\/strong><\/strong> <\/summary><div class=\"wp-block-coblocks-accordion-item__content\">\n<div class=\"wp-block-coblocks-accordion\">\n<div class=\"wp-block-coblocks-accordion-item\"><\/div>\n<\/div>\n\n\n\n<p>1.1. \u00bfC\u00f3mo se efect\u00faa la candidatura?&nbsp;<br>El candidato tiene que rellenar el formulario en l\u00ednea con sus informaciones personales, un texto de motivaci\u00f3n y pagar los gastos de inscripci\u00f3n. El texto de motivaci\u00f3n se puede reemplaza por una grabaci\u00f3n audio o un v\u00eddeo de motivaci\u00f3n a entregar en el formulario.<\/p>\n\n\n\n<p>1.2. \u00bfCu\u00e1les son las condiciones requisitos?<br>No hay ninguna condici\u00f3n particular para integrar la ENDA. La formaci\u00f3n est\u00e1 abierta a todos y a todas a partir de 18 a\u00f1os. Ning\u00fan diploma ni limite de edad se exigen.<\/p>\n\n\n\n<p>1.3. \u00bfCu\u00e1les el periodo de candidatura?&nbsp;<br>Los candidatos tienen que entregar su expediente de candidatura ante la fecha limite de la llamada a candidatura. El candidato podr\u00e1 realizar la aplicaci\u00f3n el a\u00f1o siguiente.<\/p>\n\n\n\n<p>1.4. \u00bfEn cu\u00e1l momento inscribirse?&nbsp;<br>Si la fecha de aplicaci\u00f3n puede parecer lejana, se aconseja de realizar la candidatura lo m\u00e1s temprano posible. Las demandas de inscripci\u00f3n se estudian de manera continua en funci\u00f3n de su llegada.&nbsp;<\/p>\n<\/div><\/details><\/div>\n<\/div>\n\n\n\n<div class=\"wp-block-coblocks-accordion\">\n<div class=\"wp-block-coblocks-accordion-item\"><details><summary class=\"wp-block-coblocks-accordion-item__title\"> <strong>2. <strong>Admisi\u00f3n<\/strong><\/strong> <\/summary><div class=\"wp-block-coblocks-accordion-item__content\">\n<p>2.1. \u00bfC\u00f3mo integrar la ENDA?<br>La admisi\u00f3n se realiza \u00fanicamente por la v\u00eda de concurso ante el inicio de cada sesi\u00f3n.<\/p>\n\n\n\n<p>2.2. \u00bfCu\u00e1ntas etapas hay para ser admitido?<br>Hay dos o tres etapas a realizar para ser admitido: deposito del expediente de la candidatura, estudio de la candidatura, y en algunos casos una entrevista con un jurado de admisi\u00f3n.<\/p>\n\n\n\n<p>2.3. \u00bfCu\u00e1les son los criterios de admisi\u00f3n?<br>La admisi\u00f3n se realiza con la base de la motivaci\u00f3n del candidato. Otros criterios secundarios entran en juego, pero la motivaci\u00f3n queda el elemento determinante. Otros criterios de admisi\u00f3n: la personalidad, la disponibilidad, el potencial, la capacidad de adaptaci\u00f3n y de evoluci\u00f3n en los entornos internacionales y multiculturales, la curiosidad, la aptitud al trabajo colectivo, o el gusto para la experimentaci\u00f3n y el riego\u2026&nbsp;<\/p>\n\n\n\n<p>2.4. \u00bfEl candidato tiene que estar presente a la entrevista con el jurado de admisi\u00f3n en caso de convocatoria?<br>Si, la presencia del candidato es obligatoria tras la convocatoria. Se trata de su inter\u00e9s en estar presente. Sin embargo, caso por caso, la ENDA propone entrevistas a distancia. Se pueden tambi\u00e9n realizar entrevistas telef\u00f3nicas con los candidatos.&nbsp;<\/p>\n\n\n\n<p>2.5. \u00bfCu\u00e1l es el n\u00famero de admitidos per-a\u00f1os?<br>El n\u00famero de admitidos varia de un a\u00f1o al otro en funci\u00f3n de los criterios de admisi\u00f3n fijados. En general, los grupos de investigaci\u00f3n y de trabajo no superan 20 participantes.<\/p>\n\n\n\n<p>2.6. \u00bfCu\u00e1l es la fecha de resultados de admisi\u00f3n?&nbsp;<br>Los candidatos se informan de los resultados de admisi\u00f3n m\u00e1s o menos una semana tras la recepci\u00f3n de su candidatura. Para las admisiones tras una entrevista con un jurado, este periodo es m\u00e1s amplio.&nbsp;<\/p>\n\n\n\n<p>2.7. \u00bfSe puede integrar la ENDA varias veces?<br>Si, es posible ser admitido m\u00e1s de una vez. Se solicita una carta explicando esta intenci\u00f3n adem\u00e1s del procedimiento habitual.<\/p>\n\n\n\n<p>2.8. \u00bfSe puede usar el mismo expediente de candidatura de un a\u00f1o al otro, de ser necesario?<br>No, no se puede usar el mismo expediente de candidatura, aunque se valid\u00f3 el a\u00f1o anterior. Para aumentar sus probabilidades de integrar la ENDA, hay que redactar de nuevo un expediente y validarlo en el periodo de deposito de la candidatura.&nbsp;<\/p>\n<\/div><\/details><\/div>\n<\/div>\n\n\n\n<div class=\"wp-block-coblocks-accordion\">\n<div class=\"wp-block-coblocks-accordion-item\"><details><summary class=\"wp-block-coblocks-accordion-item__title\"> <strong>3. <strong>Gastos<\/strong><\/strong> <\/summary><div class=\"wp-block-coblocks-accordion-item__content\">\n<p>3.1. \u00bfLa formaci\u00f3n tiene un costo?&nbsp;<br>Si, la formaci\u00f3n tiene un costo y los gastos de matricula son de 3000\u20ac. Estos gastos se pueden pagar en varias veces y\/o cubiertos a t\u00edtulos de formaci\u00f3n continua, de beca de investigaci\u00f3n o de ayuda en funci\u00f3n de su situaci\u00f3n.&nbsp;<\/p>\n\n\n\n<p>3.2. \u00bfLa ENDA entrega becas?<br>Si, la ENDA entrega becas cada a\u00f1o. Por esto hay que consultar enda.fr para informarse del n\u00famero de becas ofertas, de periodos y de condiciones de entrega.<\/p>\n\n\n\n<p>3.3. \u00bfEn qu\u00e9 momento hay que buscar una ayuda financiera?<br>Si en busca un financiamiento para la matricula, hay que presentar su candidatura a las ayudas financieras existentes y adaptadas a su situaci\u00f3n de ser admitidos o no.&nbsp;<\/p>\n<\/div><\/details><\/div>\n<\/div>\n\n\n\n<div class=\"wp-block-coblocks-accordion\">\n<div class=\"wp-block-coblocks-accordion-item\"><details><summary class=\"wp-block-coblocks-accordion-item__title\"> <strong>4. <strong>El diploma DNREA<\/strong><\/strong><\/summary><div class=\"wp-block-coblocks-accordion-item__content\">\n<p>4.1 \u00bfQu\u00e9 es el diploma entregado?<br>ENDA otorga un diploma DNREA (Diploma Nacional de Investigaci\u00f3n y Experimentaci\u00f3n) tras una entrevista con un jurado de sesi\u00f3n sobre la base de la investigaci\u00f3n y el trabajo realizados durante la sesi\u00f3n. No se trata de un diploma de arte en el sentido habitual del t\u00e9rmino, sino de un diploma de investigaci\u00f3n y experimentaci\u00f3n art\u00edstica.<\/p>\n\n\n\n<p>4.2. \u00bfPor qu\u00e9 la ENDA entrega un diploma?<br>El objetivo primero de la ENDA no es de prepara a careras art\u00edsticas ni de entregar un diploma sino de ofrecer condiciones de desarrollo de procesos singulares, condici\u00f3n sine qua non para existir como individuos en el arte como en otros \u00e1mbitos. El diploma etregado por la ENDA es un documento formal que atesta de esta experiencia.&nbsp;<\/p>\n\n\n\n<p>4.3. \u00bfCu\u00e1les son los criterios de obtenci\u00f3n del DNREA?<br>La evaluaci\u00f3n no se nota. Se realiza al final del curso y responde a las modalidades originales, cada a\u00f1o diferente. Algunos de los criterios de evaluaci\u00f3n: la asiduidad, la calidad del trabajo realizado, la capacidad de ponerlo en perspectiva y de citar lo que est\u00e1 en juego, la singularidad, el m\u00e9todo de trabajo, la perseverancia, la coherencia, un cierto estado de \u00e1nimo liberado de las limitaciones normativas del arte, la estructuraci\u00f3n del propio enfoque, la conciencia de s\u00ed mismo, la asunci\u00f3n de riesgos, el compromiso y la curiosidad&#8230;<\/p>\n\n\n\n<p>4.4. \u00bfExiste una equivalencia con otros diplomas en Francia o en el extranjero?<br>No, no existen equivalencias autom\u00e1ticas con otros diplomas. El DNREA no obedece a la nomenclatura existente de la ense\u00f1anza art\u00edstica. El nivel el m\u00e1s cercano ser\u00eda le pos-diploma\/pos-m\u00e1ster. El DNREA es un testigo de un trabajo, de una investigaci\u00f3n exigente efectuada a la imagen de cient\u00edficos trabajando en un laboratorio de investigaci\u00f3n para un periodo determinado.<\/p>\n\n\n\n<p>4.5. \u00bfC\u00f3mo una formaci\u00f3n de alto nivel pueda ser accesible a todo el mundo a partir de 18 a\u00f1os sin prerrequisitos?<br>Aunque el arte tenga que obedecer a exigencias, se constituye por su naturaleza como en un \u00e1mbito de todos los posibles. En varios aspectos, el arte no obedece a ninguna regla y la ENDA de hecho, hace de esto una de sus particularidades. Por esta raz\u00f3n se rinde accesible a todos y todas sin condiciones.<\/p>\n\n\n\n<p>4.6. \u00bfCu\u00e1les son las salidas profesionales y las ventajas del DNREA?&nbsp;<br>Adquirir las bases para formular un proceso singular, formular un proyecto permitiendo de ofrecer una autonom\u00eda de pensamiento y de acci\u00f3n, atestar de un trabajo de investigaci\u00f3n, poseer un alto nivel de estudio y manejar nuevos enfoques de la pr\u00e1ctica del arte. Los participantes pueden ser operativos al final del per\u00edodo de sesiones.&nbsp;<\/p>\n<\/div><\/details><\/div>\n<\/div>\n\n\n\n<div class=\"wp-block-coblocks-accordion\">\n<div class=\"wp-block-coblocks-accordion-item\"><details><summary class=\"wp-block-coblocks-accordion-item__title\"> <strong>5. <strong>Desarrollo del curso<\/strong><\/strong><\/summary><div class=\"wp-block-coblocks-accordion-item__content\">\n<p>5.1. \u00bfEn cu\u00e1l lengua se desarrollan los m\u00f3dulos de trabajo?<br>En franc\u00e9s, seg\u00fan los casos con precisiones en ingl\u00e9s.<\/p>\n\n\n\n<p>5.2. \u00bfCu\u00e1l es la duraci\u00f3n del curso?&nbsp;<br>La duraci\u00f3n del curso de la ENDA es un a\u00f1o acad\u00e9mico (una sesi\u00f3n): un poco m\u00e1s de cinco meses consecutivos para Paris. Para las sesiones fueras de Par\u00eds las duraciones var\u00edan.<\/p>\n\n\n\n<p>5.3. \u00bfC\u00f3mo se desarrolla el a\u00f1o?<br>El a\u00f1o es intensa, compuesta de m\u00f3dulos de trabajo pr\u00e1cticos y te\u00f3ricos, 4 per-semana reagrupados en 2 d\u00edas, generalmente los jueves y viernes. Los m\u00f3dulos se clasifican por niveles: de ligero a at\u00f3mico. De 15 a 30 intervinientes\/oradores externos por sesi\u00f3n del sector del arte dinamizan el curso.&nbsp;<\/p>\n\n\n\n<p>5.4. \u00bfLos programas son id\u00e9nticos de un a\u00f1o al otro?<br>Si y no. Si porque la base de los programas se conserva. No porque se tratan de programas evolutivos en funci\u00f3n de m\u00faltiples par\u00e1metros: nuevos intervinientes, nuevos proyectos, nuevas oportunidades\u2026 El programa evoluciona de un lugar al otro y en funci\u00f3n de la investigaci\u00f3n de participantes. Por ejemplo, la sesi\u00f3n que se desarrolla en Par\u00eds no es id\u00e9ntica a la que se desarrolla en La Reuni\u00f3n o en Nueva York.&nbsp;<\/p>\n\n\n\n<p>5.5. \u00bfCu\u00e1l es el calendario?<br>El calendario se publica cada a\u00f1o en el sitio de la ENDA. Para Par\u00eds se desarrolla a finales de noviembre al mes de mayo del a\u00f1o siguiente.<\/p>\n\n\n\n<p>5.6. \u00bfSe puede integrar la ENDA y tener otra actividad al mismo tiempo?<br>Si, los participantes en la ENDA pueden tener una actividad fuera de la ENDA. Su curso tiene lugar dos d\u00edas per-semana lo que permite a los participantes quedar con una actividad profesional, proyectos o otros estudios en paralelo.&nbsp;<\/p>\n\n\n\n<p>5.7. \u00bfQu\u00e9 es un m\u00f3dulo?<br>Un m\u00f3dulo es una sesi\u00f3n de trabajo de tres horas, te\u00f3ricas o pr\u00e1cticas, sobre un o varios temas. Los m\u00f3dulos se desarrollan dentro de LDRE (L\u00edneas de investigaci\u00f3n y de experimentaci\u00f3n) que son ejes de investigaci\u00f3n tratando de aspectos, de tem\u00e1ticas o de cuestiones consideradas como fundamentales.<\/p>\n\n\n\n<p>5.8. \u00bfD\u00f3nde se desarrollan los m\u00f3dulos?&nbsp;<br>Para Par\u00eds los m\u00f3dulos se desarrollan en Par\u00eds y regi\u00f3n parisina, en varios tipos de lugares: escuelas, centros de arte, parkings, museos, pisos, universidades, jardines, galer\u00edas, subterr\u00e1neos, centros culturales, embajadas\u2026 Algunos de estos lugares se eligen en funci\u00f3n del tema o de la naturaleza del m\u00f3dulo. Esta indiferenciaci\u00f3n topol\u00f3gica no es arbitraria y permite una fluidez estimulante, una mejor recepci\u00f3n y una aumentaci\u00f3n de la atenci\u00f3. Permite tambi\u00e9n a los participantes entrar en contacto directamente con numerosos lugares e instituciones.<\/p>\n\n\n\n<p>5.9. \u00bfLa presencia en los m\u00f3dulos es obligatoria?<br>Si, la presencia en los m\u00f3dulos es obligatoria. La presencia y la puntualidad son necesaria en el inter\u00e9s de los participantes, pero tambi\u00e9n para el bueno desarrollo de los m\u00f3dulos, sobretodo que est\u00e1n vinculados los unos y los otros e inscritos en una din\u00e1mica evolutiva. Toda ausencia debe justificarse a la escuela antes del desarrollo del m\u00f3dulo.&nbsp;<\/p>\n\n\n\n<p>5.10. \u00bfQu\u00e9 es el informe de actividad?<br>El informe de actividad que los participantes tienen que redactar en el cuadro de la sesi\u00f3n. Este documento informa sobre su proyecto de sesi\u00f3n y su investigaci\u00f3n. El informe de actividades tiene que entregarse antes del fin de la sesi\u00f3n.&nbsp;<\/p>\n\n\n\n<p>5.11. \u00bfCu\u00e1ndo hay que entregar el proyecto de fin de estudio?<br>El proyecto tiene que entregarse ante del final de sesi\u00f3n.&nbsp;<\/p>\n\n\n\n<p>5.12. \u00bfCu\u00e1ndo voy a obtener mi carta de practicante?<br>La carta ENDA se entrega el d\u00eda del inicio del curso cada a\u00f1o.<\/p>\n<\/div><\/details><\/div>\n<\/div>\n\n\n\n<div class=\"wp-block-coblocks-accordion\">\n<div class=\"wp-block-coblocks-accordion-item\"><details><summary class=\"wp-block-coblocks-accordion-item__title\"> <strong>6. <strong>Acceso a los p\u00fablicos externos<\/strong><\/strong><\/summary><div class=\"wp-block-coblocks-accordion-item__content\">\n<p>6.1. \u00bfSe puede asistir como p\u00fablico externo los m\u00f3dulos?<br>Si, una persona externa realizar por demanda escrito para asistir a los m\u00f3dulos, si se lo cualifica el m\u00f3dulo de p\u00fablico.<\/p>\n\n\n\n<p>6.2. \u00bfSe puede tener un estatuto de auditor libre?<br>No, no es posible ser auditor libre, excepto para los m\u00f3dulos p\u00fablicos.&nbsp;<\/p>\n\n\n\n<p>6.3. \u00bfC\u00f3mo se puede informar sobre actividades de la ENDA?<br>Toda persona puede informarse sobre las actividades de la ENDA gracias a la Letra de la ENDA. Se publica en enda.fr las informaciones relativas a sus actividades.<\/p>\n\n\n\n<p>6.4. \u00bfExisten clases nocturnas, de verano y\/o talleres libres?<br>No, no hay clases nocturnas, de verano y\/o talleres libres.&nbsp;<\/p>\n<\/div><\/details><\/div>\n<\/div>\n\n\n\n<div class=\"wp-block-coblocks-accordion\">\n<div class=\"wp-block-coblocks-accordion-item\"><details><summary class=\"wp-block-coblocks-accordion-item__title\"> <strong>7. <strong>Naturaleza del curso<\/strong><\/strong><\/summary><div class=\"wp-block-coblocks-accordion-item__content\">\n<p>7.1. \u00bfSe puede estudiar en alternancia?<br>No, la ENDA no propone de formaci\u00f3n en alternancia o de modo semi-presidencial. Los estudios son \u201cde continuo\u201d.<\/p>\n\n\n\n<p>7.2. \u00bfSe puede estudiar a distancia?<br>No, no es posible estudiar a distancia. La presencia en los m\u00f3dulos tiene que ser concreta, la din\u00e1mica, la energ\u00eda y la inteligencia de grupo son determinantes y sin estos factores humanos el curso se convierte en algo fr\u00edo, mec\u00e1nico y sin sentido.<\/p>\n<\/div><\/details><\/div>\n<\/div>\n\n\n\n<div class=\"wp-block-coblocks-accordion\">\n<div class=\"wp-block-coblocks-accordion-item\"><details><summary class=\"wp-block-coblocks-accordion-item__title\"> <strong>8. <strong>Los candidatos extranjeros<\/strong><\/strong> <\/summary><div class=\"wp-block-coblocks-accordion-item__content\">\n<p>8.1. \u00bfCu\u00e1les son las condiciones de admisi\u00f3n para los candidatos extranjeros?<br>Las condiciones de admisi\u00f3n para los candidatos extranjeros son id\u00e9nticas a las para los candidatos franceses.&nbsp;<\/p>\n\n\n\n<p>8.2. \u00bfC\u00f3mo hay que organizar la llegada en Francia si su pa\u00eds de origen est\u00e1 fuera del espacio Shengen?<br>Antes de venir a Francia, hay que realizar una demanda de visa de larga estancia para estudias al Consulado de Francia de su pa\u00eds de origen.&nbsp;<\/p>\n<\/div><\/details><\/div>\n<\/div>\n\n\n\n<div class=\"wp-block-coblocks-accordion\">\n<div class=\"wp-block-coblocks-accordion-item\"><details><summary class=\"wp-block-coblocks-accordion-item__title\"> <strong>9. <strong>Pr\u00e1cticas\/Pasant\u00edas<\/strong><\/strong> <\/summary><div class=\"wp-block-coblocks-accordion-item__content\">\n<p> 9.1. \u00bfSe aceptan los estudiantes en pr\u00e1ctica\/pasantes?<br>Si, a condici\u00f3n de que los estudiantes en pr\u00e1ctica o pasantes tienen un proyecto de pr\u00e1ctica\/pasant\u00eda en adecuaci\u00f3n con el estado de esp\u00edritu de la ENDA.&nbsp; <\/p>\n<\/div><\/details><\/div>\n<\/div>\n\n\n\n<div class=\"wp-block-coblocks-accordion\">\n<div class=\"wp-block-coblocks-accordion-item\"><details><summary class=\"wp-block-coblocks-accordion-item__title\"> <strong>10. <strong>Alojamientos<\/strong><\/strong> <\/summary><div class=\"wp-block-coblocks-accordion-item__content\">\n<p>10.1. \u00bfLa ENDA tiene servicios de alojamiento para los participantes?<br>No, la ENDA no dispone servicios de alojamientos para los participantes.<\/p>\n<\/div><\/details><\/div>\n<\/div>\n\n\n\n<div class=\"wp-block-coblocks-accordion\">\n<div class=\"wp-block-coblocks-accordion-item\"><details><summary class=\"wp-block-coblocks-accordion-item__title\"> <strong>11. <strong>Acceso a los estudiantes de doctorando<\/strong><\/strong><\/summary><div class=\"wp-block-coblocks-accordion-item__content\">\n<p> 11.1. \u00bfEl programa de investigaci\u00f3n est\u00e1 abierto a lo estudiantes de doctorado de otras instituciones? <br>Si, la pol\u00edtica de investigaci\u00f3n de la ENDA permite a los estudiantes doctorando de varias instituciones de realizar su proyecto de tesis en una de las LDRE (L\u00ednea de Investigaci\u00f3n y de Experimentaci\u00f3n) de la ENDA. Se puede tambi\u00e9n realizar tesis co-tuteladas.&nbsp;<\/p>\n<\/div><\/details><\/div>\n<\/div>\n","protected":false},"excerpt":{"rendered":"","protected":false},"author":1,"featured_media":0,"parent":0,"menu_order":0,"comment_status":"closed","ping_status":"closed","template":"","meta":{"_coblocks_attr":"","_coblocks_dimensions":"","_coblocks_responsive_height":"","_coblocks_accordion_ie_support":"","footnotes":""},"_links":{"self":[{"href":"https:\/\/www.enda.fr\/es\/wp-json\/wp\/v2\/pages\/1163"}],"collection":[{"href":"https:\/\/www.enda.fr\/es\/wp-json\/wp\/v2\/pages"}],"about":[{"href":"https:\/\/www.enda.fr\/es\/wp-json\/wp\/v2\/types\/page"}],"author":[{"embeddable":true,"href":"https:\/\/www.enda.fr\/es\/wp-json\/wp\/v2\/users\/1"}],"replies":[{"embeddable":true,"href":"https:\/\/www.enda.fr\/es\/wp-json\/wp\/v2\/comments?post=1163"}],"version-history":[{"count":44,"href":"https:\/\/www.enda.fr\/es\/wp-json\/wp\/v2\/pages\/1163\/revisions"}],"predecessor-version":[{"id":4760,"href":"https:\/\/www.enda.fr\/es\/wp-json\/wp\/v2\/pages\/1163\/revisions\/4760"}],"wp:attachment":[{"href":"https:\/\/www.enda.fr\/es\/wp-json\/wp\/v2\/media?parent=1163"}],"curies":[{"name":"wp","href":"https:\/\/api.w.org\/{rel}","templated":true}]}}