{"id":1166,"date":"2020-02-22T12:11:00","date_gmt":"2020-02-22T11:11:00","guid":{"rendered":"http:\/\/www.enda.fr\/?page_id=1166"},"modified":"2021-02-08T02:14:02","modified_gmt":"2021-02-08T01:14:02","slug":"proyectos-asociados-a-la-investigacion","status":"publish","type":"page","link":"https:\/\/www.enda.fr\/es\/proyectos-asociados-a-la-investigacion\/","title":{"rendered":"Proyectos asociados a la investigaci\u00f3n"},"content":{"rendered":"\n<h3 class=\"wp-block-heading\"><strong>Sobrevivir al arte<\/strong><\/h3>\n\n\n\n<p><strong>Del 18 al 20 de mayo de 2017, Academia Real de Bellas-Artes, Bruselas<\/strong><br>Se trata de una experiencia que propone de encerrar los participantes en una escuela de arte de Bruselas durante dos d\u00edas. El objetivo es de observar las capacidades f\u00edsicas y mentales de sobrevivencia de los participantes: artistas o\/y m\u00e1s de manera m\u00e1s general actores del mundo del arte. La experiencia valida o invalida la necesidad de sobrevivencia en, a, con, sin\u2026 su pr\u00e1ctica. El proyecto elaborado por Lola Martins-Coignus y Jean Casanova Castell, estudiantes en la Academia Real de Bellas-Artes de Bruselas, en colaboraci\u00f3n con los practicantes de l\u2019Escuela nacional de arte (ENDA), pero tambi\u00e9n con personas externas. (M\u00e1s informaciones.) <a href=\"http:\/\/www.enda.fr\/es\/survivre-a-l-art\/\">Plus d&#8217;informations<\/a><\/p>\n\n\n\n<h3 class=\"wp-block-heading\"><strong>R.E.P.A.S (Reuni\u00f3n de Estudios Post Apocal\u00edptico sobre el Arte y su Sistema<\/strong>)<\/h3>\n\n\n\n<p><strong>El 16 de diciembre de 2016, Monnaie de Paris, Par\u00eds<\/strong>&nbsp;<br>R.E.P.A.S tuvo lugar bajo los techos de la Monnaie de Paris. Un grupo se reuni\u00f3, de manera secreta, en una de las m\u00e1s viejas instituciones del mundo durante una noche. Durante la cena organizada, los participantes se preocuparon del futuro de la Instituci\u00f3n tras el Apocalipsis. Antes del final de la cena, tuvieron que entregar un plano de acci\u00f3n detallado a seguir en caso de apocalipsis.<\/p>\n\n\n\n<h3 class=\"wp-block-heading\"><strong>Alternative Art School Fair (AASF)<\/strong><\/h3>\n\n\n<p><strong>Del 17 al 19 de noviembre de 2016, Pioneer Works, Nueva York<\/strong><span class=\"Apple-converted-space\">&nbsp;<br><\/span>En cooperaci\u00f3n con Pioneer Works, l\u2019iheap Nueva York (futuro ENDA) cre\u00f3 la primera feria de las escuelas de arte alternativas que reuni\u00f3 por primera vez m\u00e1s de 40 escuelas de 17 pa\u00edses (EE. UU., R-U, Italia, Noruega, Jordania, Egipto, Ben\u00edn, Francia, Alemania\u2026). Criterios de participaci\u00f3n: autodenominarse como \u201cescuela\u201d, estudiar el arte o pr\u00e1cticas creativas y educativas en su programa, proponer al \u00fanico a nivel metodol\u00f3gico, de la organizaci\u00f3n, de misiones, de programas o de finalidades, proponer algo que tendr\u00eda un impacto o que transformar\u00e1 la educaci\u00f3n art\u00edstica, aunque el participante se considere como una escuela o una escuela de arte, ser un especio que genera alternativas a nivel del sistema y de los modelos culturales.<\/p>","protected":false},"excerpt":{"rendered":"<p>Sobrevivir al arte Del 18 al 20 de mayo de 2017, Academia Real de Bellas-Artes, BruselasSe trata de una experiencia que propone de encerrar los participantes en una escuela de arte de Bruselas durante dos d\u00edas. El objetivo es de observar las capacidades f\u00edsicas y mentales de sobrevivencia de los participantes: artistas o\/y m\u00e1s de [&hellip;]<\/p>\n","protected":false},"author":1,"featured_media":0,"parent":0,"menu_order":0,"comment_status":"closed","ping_status":"closed","template":"","meta":{"_coblocks_attr":"","_coblocks_dimensions":"","_coblocks_responsive_height":"","_coblocks_accordion_ie_support":"","footnotes":""},"_links":{"self":[{"href":"https:\/\/www.enda.fr\/es\/wp-json\/wp\/v2\/pages\/1166"}],"collection":[{"href":"https:\/\/www.enda.fr\/es\/wp-json\/wp\/v2\/pages"}],"about":[{"href":"https:\/\/www.enda.fr\/es\/wp-json\/wp\/v2\/types\/page"}],"author":[{"embeddable":true,"href":"https:\/\/www.enda.fr\/es\/wp-json\/wp\/v2\/users\/1"}],"replies":[{"embeddable":true,"href":"https:\/\/www.enda.fr\/es\/wp-json\/wp\/v2\/comments?post=1166"}],"version-history":[{"count":50,"href":"https:\/\/www.enda.fr\/es\/wp-json\/wp\/v2\/pages\/1166\/revisions"}],"predecessor-version":[{"id":4620,"href":"https:\/\/www.enda.fr\/es\/wp-json\/wp\/v2\/pages\/1166\/revisions\/4620"}],"wp:attachment":[{"href":"https:\/\/www.enda.fr\/es\/wp-json\/wp\/v2\/media?parent=1166"}],"curies":[{"name":"wp","href":"https:\/\/api.w.org\/{rel}","templated":true}]}}