{"id":1200,"date":"2020-02-22T18:57:23","date_gmt":"2020-02-22T17:57:23","guid":{"rendered":"http:\/\/www.enda.fr\/?page_id=1200"},"modified":"2021-02-05T01:18:42","modified_gmt":"2021-02-05T00:18:42","slug":"historia","status":"publish","type":"page","link":"https:\/\/www.enda.fr\/es\/historia\/","title":{"rendered":"Historia"},"content":{"rendered":"\n<p>La Escuela nacional de arte (ENDA) es el resultado de doce a\u00f1os de investigaci\u00f3n. Los eventos que condujeron la Bienal de Par\u00eds a crear, captar o acapararse las formas respectivas de colegios, de institutos y de escuelas, marcan etapas en la realizaci\u00f3n de sus investigaciones en pedagog\u00eda, y en general de una tendencia al cambio, en particular en cuanto a las modalidades de su acci\u00f3n. Su funci\u00f3n y su papel como escuela de arte se modificaron con los que pasaron por esta formaci\u00f3n y por la evoluci\u00f3n del mundo.\u00a0<\/p>\n\n\n\n<h3 class=\"wp-block-heading\">2008<\/h3>\n\n\n\n<h4 class=\"wp-block-heading\"><strong>El colegio de la Bienal de Par\u00eds<\/strong><\/h4>\n\n\n\n<p>La idea de crear una escuela de Bienal de Par\u00eds era de aumentar la accesibilidad a la Bienal y de compartirla. Desde la creaci\u00f3n del Colegio de la Bienal de Par\u00eds en 2008, algunos elementos del proyecto de ENDA ya estaban presentes. Su movilidad, una entidad que tiene un lugar sin tenerlo, permiti\u00f3 la construcci\u00f3n de una organizaci\u00f3n horizontal, donde los estatus de profesores y de estudiantes se pone en cuesti\u00f3n en particular por el formato y por la oralidad de los intercambios. El colegio consiste en un \u201cmomento colegial sin estudiantes, sin profesores, sin techo, sin plan de estudios, en ruptura con todas las nociones que instituyen el arte y su ense\u00f1anza\u201d. (*) La iniciativa acompa\u00f1aba \u201cusos susceptibles de quitar el arte de si-mismo\u201d (*).\u00a0<\/p>\n\n\n\n<p>Los dos a\u00f1os de existencia del Colegio de la Bienal de Par\u00eds, gracias a Alexandre Gurita, Ghislain Mollet-Vi\u00e9ville, Steven Wright, Caroline Keppi, Fran\u00e7ois Deck, Liliane Viala, Sylvain Soussan, Jean-Baptiste Farkas, Paul Robert, Karine Lebrun, Claire Dehove y Andr\u00e9 \u00c9ric L\u00e9tourneau, permitieron la emergencia de problem\u00e1ticas vinculadas al propio estatuto de escuela y a la manera de entrar en contacto con el arte y su sistema. Esta \u201cexperiencia colegial\u201d se prorrog\u00f3 con la creaci\u00f3n de una verdadera escuela, la Iheap (Instituto de Altos estudios en Artes Pl\u00e1sticas).\u00a0<\/p>\n\n\n\n<figure class=\"wp-block-image size-large\"><img loading=\"lazy\" decoding=\"async\" width=\"737\" height=\"553\" src=\"http:\/\/www.enda.fr\/es\/wp-content\/uploads\/sites\/10\/2020\/02\/Copie-de-2008-2010_22012010_MAL_strat_elem_3.jpg\" alt=\"\" class=\"wp-image-3478\" srcset=\"https:\/\/www.enda.fr\/es\/wp-content\/uploads\/sites\/10\/2020\/02\/Copie-de-2008-2010_22012010_MAL_strat_elem_3.jpg 737w, https:\/\/www.enda.fr\/es\/wp-content\/uploads\/sites\/10\/2020\/02\/Copie-de-2008-2010_22012010_MAL_strat_elem_3-300x225.jpg 300w, https:\/\/www.enda.fr\/es\/wp-content\/uploads\/sites\/10\/2020\/02\/Copie-de-2008-2010_22012010_MAL_strat_elem_3-555x416.jpg 555w, https:\/\/www.enda.fr\/es\/wp-content\/uploads\/sites\/10\/2020\/02\/Copie-de-2008-2010_22012010_MAL_strat_elem_3-107x80.jpg 107w\" sizes=\"(max-width: 737px) 100vw, 737px\" \/><figcaption>El colegio de la Bienal de Par\u00eds, Modulo Estrat\u00e9gico Elemental, Museo de la Moneda, Par\u00eds, el 22 de enero de 2010. El Colegio organizaba sus modulas de manera aleatoria a nivel de los lugares, de las fechas, de los temas y de los oradores.\u00a0<\/figcaption><\/figure>\n\n\n\n<h3 class=\"wp-block-heading\"><strong>2012<\/strong><\/h3>\n\n\n\n<h4 class=\"wp-block-heading\"><strong>El Instituto de altos estudios en artes pl\u00e1sticas (Iheap)<\/strong><\/h4>\n\n\n\n<p>Se fund\u00f3 el Instituto de altos estudios en artes pl\u00e1sticas (Iheap) en 1989 gracias al trabajo de la ciudad de Par\u00eds y se pens\u00f3 como una alternativa a la Escuela nacional superior de Bellas Artes de Par\u00eds (ensba). Funcion\u00f3 durante siete a\u00f1os bajo la direcci\u00f3n de Pontus Hulten, cofundador del Centro Pompidou y se liquid\u00f3 en 1995 tras la supresi\u00f3n de sus subvenciones por la ciudad. El instituto se posicion\u00f3 en la continuaci\u00f3n del Bauhaus y Black Moutain College y para ofrecer a los j\u00f3venes artsitas el contexto art\u00edstico estimulante. La Bienal de Par\u00eds capt\u00f3 esta instituci\u00f3n en la idea de reactivarla y de desarrollar su establecimiento educativo. Funcion\u00f3 durante 4 a\u00f1os de 2012 a 2017.\u00a0<\/p>\n\n\n\n<p>El 13 de enero de 2013 se abri\u00f3 la VIII<sup>va<\/sup> sesi\u00f3n sesi\u00f3n de l\u2019Iheap. Durante estos cuatro a\u00f1os, el instituto se desarroll\u00f3 y estructur\u00f3 con un programa ambulante y un seguimiento de la labor de sus &#8220;sesionistas&#8221;, continuando su acci\u00f3n hasta Nueva York, donde en 2015 se abri\u00f3 una sucursal americana.&nbsp;<\/p>\n\n\n\n<p>La experiencia a largo plazo del grupo de trabajo permiti\u00f3 establecer un cuadro y m\u00e9todos emergentes al mismo momento que estaban constituyendo grupos. La pr\u00e1ctica de un trabajo en com\u00fan se desarrollaba gracias a los procesos singulares de los sesionistas pero tambi\u00e9n gracias a la manera de trabajo del instituto. En 2018, l\u2019Iheap cambi\u00f3 de nombre y se converti\u00f3 en la Escuela nacional de arte (ENDA).<\/p>\n\n\n\n<figure class=\"wp-block-image size-large\"><img loading=\"lazy\" decoding=\"async\" width=\"1024\" height=\"768\" src=\"http:\/\/www.enda.fr\/es\/wp-content\/uploads\/sites\/10\/2020\/02\/Copie-de-Iheap_IX_Ph_admiss_12-1024x768.jpg\" alt=\"\" class=\"wp-image-3480\" srcset=\"https:\/\/www.enda.fr\/es\/wp-content\/uploads\/sites\/10\/2020\/02\/Copie-de-Iheap_IX_Ph_admiss_12-1024x768.jpg 1024w, https:\/\/www.enda.fr\/es\/wp-content\/uploads\/sites\/10\/2020\/02\/Copie-de-Iheap_IX_Ph_admiss_12-300x225.jpg 300w, https:\/\/www.enda.fr\/es\/wp-content\/uploads\/sites\/10\/2020\/02\/Copie-de-Iheap_IX_Ph_admiss_12-768x576.jpg 768w, https:\/\/www.enda.fr\/es\/wp-content\/uploads\/sites\/10\/2020\/02\/Copie-de-Iheap_IX_Ph_admiss_12-555x416.jpg 555w, https:\/\/www.enda.fr\/es\/wp-content\/uploads\/sites\/10\/2020\/02\/Copie-de-Iheap_IX_Ph_admiss_12-107x80.jpg 107w, https:\/\/www.enda.fr\/es\/wp-content\/uploads\/sites\/10\/2020\/02\/Copie-de-Iheap_IX_Ph_admiss_12.jpg 1280w\" sizes=\"(max-width: 1024px) 100vw, 1024px\" \/><figcaption>El jurado de admisi\u00f3n de Iheap, sesi\u00f3n IX, se reuni\u00f3 en el Ayuntamiento del distrito XI de Par\u00eds a finales de 2013 para entrevistar a los nuevos candidatos. Los miembros del jurado ten\u00edan funciones como cambiar de lugar con un empleado del ayuntamiento en alg\u00fan momento de la evaluaci\u00f3n.<\/figcaption><\/figure>\n\n\n\n<h3 class=\"wp-block-heading\">2015<\/h3>\n\n\n\n<h4 class=\"wp-block-heading\">L&#8217;<strong>Iheap Nueva York<\/strong><\/h4>\n\n\n\n<p>En 2015, l\u2019Iheap cre\u00f3 una antena a Nueva York con el mismo modelo que en Par\u00eds, la idea era de ampliar la geograf\u00eda de su acci\u00f3n y de su impacto. Las escuelas de arte en EE. UU. son muy caras y dif\u00edcil de acceso. Se trataba de proponer un plan de estudio y una investigaci\u00f3n de alto nivel con un coste accesible a todos y todas. L\u2019Iheap Nueva York es la primera escuela de arte franc\u00e9s en el extranjero. Su logro es importante teniendo en cuanta que al mismo momento Universidad de La Sorbonne Par\u00eds intent\u00f3 sin \u00e9xito crear un programa en Nueva York con la Universidad de Nueva York.<\/p>\n\n\n\n<p>La famosa critica de arte Paddy Jonson elogi\u00f3 la accesibilidad y la calidad del Iheap Nueva York en comparaci\u00f3n con escuelas equivalentes del pa\u00eds como la Universidad de Columbia o la Escuela de Arte de Yale.<\/p>\n\n\n\n<figure class=\"wp-block-gallery columns-1 is-cropped wp-block-gallery-1 is-layout-flex wp-block-gallery-is-layout-flex\"><ul class=\"blocks-gallery-grid\"><li class=\"blocks-gallery-item\"><figure><img loading=\"lazy\" decoding=\"async\" width=\"2560\" height=\"1707\" src=\"http:\/\/www.enda.fr\/es\/wp-content\/uploads\/sites\/10\/2020\/02\/Copie-de-Columbia-73-BD-scaled.jpg\" alt=\"\" data-id=\"3484\" data-full-url=\"http:\/\/www.enda.fr\/es\/wp-content\/uploads\/sites\/10\/2020\/02\/Copie-de-Columbia-73-BD-scaled.jpg\" data-link=\"http:\/\/www.enda.fr\/copie-de-columbia-73-bd\/\" class=\"wp-image-3484\" srcset=\"https:\/\/www.enda.fr\/es\/wp-content\/uploads\/sites\/10\/2020\/02\/Copie-de-Columbia-73-BD-scaled.jpg 2560w, https:\/\/www.enda.fr\/es\/wp-content\/uploads\/sites\/10\/2020\/02\/Copie-de-Columbia-73-BD-300x200.jpg 300w\" sizes=\"(max-width: 2560px) 100vw, 2560px\" \/><\/figure><\/li><\/ul><figcaption class=\"blocks-gallery-caption\">Un proyecto de cooperaci\u00f3n con Columbia University School of Art en 2014 prefigur\u00f3 la instalaci\u00f3n del Iheap en Nueva York. Al mismo momento se, se realizaron varias colaboraciones con otras instituciones de Nueva York como la \u00a0Yale University School of art y la School of Visual Art (SVA).\u00a0<\/figcaption><\/figure>\n\n\n\n<h3 class=\"wp-block-heading\"><strong>2018<\/strong><\/h3>\n\n\n\n<h4 class=\"wp-block-heading\"><strong><strong>La ENDA (Escuela nacional de arte)\u00a0<\/strong><\/strong><\/h4>\n\n\n\n<p>En 2018, con la evoluci\u00f3n del mundo del arte, el proyecto evolucion\u00f3. El Iheap se convirti\u00f3 en Escuela nacional de Arte (ENDA). Lo que permiti\u00f3 a la instituci\u00f3n reforzar su apoyo a las pr\u00e1cticas de desarrollo y reafirmar la necesidad actual de una educaci\u00f3n art\u00edstica gratuita, libre de estereotipos que se oponen a la creatividad y el desarrollo. Hoy la ENDA se compromete una nueva trayectoria la de una nacionalizaci\u00f3n asumida y de la acci\u00f3n gracias a un plan de estudio singular y a proyectos que pusieron en marcha sus \u201cpracticantes\u201d.\u00a0<\/p>\n\n\n\n<figure class=\"wp-block-gallery columns-1 is-cropped wp-block-gallery-2 is-layout-flex wp-block-gallery-is-layout-flex\"><ul class=\"blocks-gallery-grid\"><li class=\"blocks-gallery-item\"><figure><img loading=\"lazy\" decoding=\"async\" width=\"1024\" height=\"562\" src=\"http:\/\/www.enda.fr\/es\/wp-content\/uploads\/sites\/10\/2020\/02\/Copie-de-IMG_3938-1024x562.jpg\" alt=\"\" data-id=\"3492\" data-full-url=\"http:\/\/www.enda.fr\/es\/wp-content\/uploads\/sites\/10\/2020\/02\/Copie-de-IMG_3938.jpg\" data-link=\"http:\/\/www.enda.fr\/copie-de-img_3938\/\" class=\"wp-image-3492\" srcset=\"https:\/\/www.enda.fr\/es\/wp-content\/uploads\/sites\/10\/2020\/02\/Copie-de-IMG_3938-1024x562.jpg 1024w, https:\/\/www.enda.fr\/es\/wp-content\/uploads\/sites\/10\/2020\/02\/Copie-de-IMG_3938-300x165.jpg 300w, https:\/\/www.enda.fr\/es\/wp-content\/uploads\/sites\/10\/2020\/02\/Copie-de-IMG_3938-768x422.jpg 768w, https:\/\/www.enda.fr\/es\/wp-content\/uploads\/sites\/10\/2020\/02\/Copie-de-IMG_3938-1536x843.jpg 1536w, https:\/\/www.enda.fr\/es\/wp-content\/uploads\/sites\/10\/2020\/02\/Copie-de-IMG_3938-555x305.jpg 555w, https:\/\/www.enda.fr\/es\/wp-content\/uploads\/sites\/10\/2020\/02\/Copie-de-IMG_3938-146x80.jpg 146w, https:\/\/www.enda.fr\/es\/wp-content\/uploads\/sites\/10\/2020\/02\/Copie-de-IMG_3938.jpg 1545w\" sizes=\"(max-width: 1024px) 100vw, 1024px\" \/><\/figure><\/li><\/ul><figcaption class=\"blocks-gallery-caption\">La ciudad de Alba en Italia donde se ubica la Fundaci\u00f3n Bottari Lattes, uno de los socios de la ENDA en el proyecto europeo ETI (Experimentar una transformaci\u00f3n institucional) que se desarroll\u00f3 de 2019 a 2021 en varios pa\u00edses europeos.\u00a0<\/figcaption><\/figure>\n\n\n\n<h3 class=\"wp-block-heading\">2020<\/h3>\n\n\n\n<h4 class=\"wp-block-heading\">Un proyecto mayor a escala europea<\/h4>\n\n\n\n<p>En 2019, la ENDA inici\u00f3 su primer proyecto a nivel europeo, ETI (Experimentar una transformaci\u00f3n institucional) gracias a la colaboraci\u00f3n de instituciones europeas. ETI asume el reto de imaginar nuevos modelos institucionales para el arte. ETI se financ\u00eda gracias al programa Europa Creativa de la Uni\u00f3n Europea. Se desarrolla hasta septiembre de 2021. M\u00e1s informaciones en: \u00a0http:\/\/www.eti-europe.eu<\/p>\n","protected":false},"excerpt":{"rendered":"<p>La Escuela nacional de arte (ENDA) es el resultado de doce a\u00f1os de investigaci\u00f3n. Los eventos que condujeron la Bienal de Par\u00eds a crear, captar o acapararse las formas respectivas de colegios, de institutos y de escuelas, marcan etapas en la realizaci\u00f3n de sus investigaciones en pedagog\u00eda, y en general de una tendencia al cambio, [&hellip;]<\/p>\n","protected":false},"author":1,"featured_media":0,"parent":0,"menu_order":0,"comment_status":"closed","ping_status":"closed","template":"","meta":{"_coblocks_attr":"","_coblocks_dimensions":"","_coblocks_responsive_height":"","_coblocks_accordion_ie_support":"","footnotes":""},"_links":{"self":[{"href":"https:\/\/www.enda.fr\/es\/wp-json\/wp\/v2\/pages\/1200"}],"collection":[{"href":"https:\/\/www.enda.fr\/es\/wp-json\/wp\/v2\/pages"}],"about":[{"href":"https:\/\/www.enda.fr\/es\/wp-json\/wp\/v2\/types\/page"}],"author":[{"embeddable":true,"href":"https:\/\/www.enda.fr\/es\/wp-json\/wp\/v2\/users\/1"}],"replies":[{"embeddable":true,"href":"https:\/\/www.enda.fr\/es\/wp-json\/wp\/v2\/comments?post=1200"}],"version-history":[{"count":80,"href":"https:\/\/www.enda.fr\/es\/wp-json\/wp\/v2\/pages\/1200\/revisions"}],"predecessor-version":[{"id":4499,"href":"https:\/\/www.enda.fr\/es\/wp-json\/wp\/v2\/pages\/1200\/revisions\/4499"}],"wp:attachment":[{"href":"https:\/\/www.enda.fr\/es\/wp-json\/wp\/v2\/media?parent=1200"}],"curies":[{"name":"wp","href":"https:\/\/api.w.org\/{rel}","templated":true}]}}