{"id":175,"date":"2020-02-22T15:41:36","date_gmt":"2020-02-22T14:41:36","guid":{"rendered":"http:\/\/www.enda.fr\/?page_id=175"},"modified":"2021-02-08T01:07:48","modified_gmt":"2021-02-08T00:07:48","slug":"glosario","status":"publish","type":"page","link":"https:\/\/www.enda.fr\/es\/glosario\/","title":{"rendered":"Glosario"},"content":{"rendered":"<p><b>AREA<\/b>: Atestaci\u00f3n de Investigaci\u00f3n y Experimentaci\u00f3n en arte<\/p>\n<p><b>Categor\u00eda<\/b>: Tematica considereda como fundamental.<\/p>\n<p><b>Proceso<\/b>: Manera de conducir un pensamiento a traves proyectos o actividades sucesivas destacadas como un conjunto a la escala de una vida.<\/p>\n<p><b>DNREA<\/b><i>:\u00a0<\/i>Diploma Nacional de Investigaci\u00f3n y de Experimentaci\u00f3n en Arte.<\/p>\n<p><b>Horizontalidad<\/b>: Modo de funcionamiento sin maestro ni alumno en una l\u00f3gica colaborativa, fundada en el principio de compartir conocimientos y experiencias.<\/p>\n<p><b>Intervinientes\/Orador<\/b>: Especialista de un tema o moderador de uno o varios m\u00f3dulos.<\/p>\n<p><b>LDRE<\/b>: L\u00ednea de investigaci\u00f3n y de experimentaci\u00f3n, problem\u00e1tica que estructura la pol\u00edtica de investigaci\u00f3n.<\/p>\n<p><b>MEx<\/b>: M\u00f3dulo externo de investigaci\u00f3n y de experimentaci\u00f3n. M\u00f3dulo de la ENDA organizado en una instituci\u00f3n externa, articulado en una LDRE o en una problem\u00e1tica propia.<span class=\"Apple-converted-space\">\u00a0<\/span><\/p>\n<p><b>M\u00f3dulo<\/b>: Sesi\u00f3n de trabajo de tres horas, teorica o pr\u00e1ctica sobre un tema preciso. <span class=\"Apple-converted-space\">\u00a0<\/span><\/p>\n<p><b>Practicante<\/b>: Candidato que integr\u00f3 la ENDA.<\/p>\n<p><b>PEx<\/b>: Programa de investigraci\u00f3n y de experimentaci\u00f3n. Programa compuesto de varios m\u00f3dulos organizados en una instituci\u00f3n externa, articulado en una LDRE o una problem\u00e1tica propia.<span class=\"Apple-converted-space\">\u00a0<\/span><\/p>\n<p><b>Proyecto<\/b>: Proyecto puntal.<\/p>\n<p><b>Informe de actividad<\/b>: \u00a0Documento a redactar por el participante ante el final de su primer a\u00f1o.<\/p>\n","protected":false},"excerpt":{"rendered":"<p>AREA: Atestaci\u00f3n de Investigaci\u00f3n y Experimentaci\u00f3n en arte Categor\u00eda: Tematica considereda como fundamental. Proceso: Manera de conducir un pensamiento a traves proyectos o actividades sucesivas destacadas como un conjunto a la escala de una vida. DNREA:\u00a0Diploma Nacional de Investigaci\u00f3n y de Experimentaci\u00f3n en Arte. Horizontalidad: Modo de funcionamiento sin maestro ni alumno en una l\u00f3gica [&hellip;]<\/p>\n","protected":false},"author":1,"featured_media":0,"parent":0,"menu_order":0,"comment_status":"closed","ping_status":"closed","template":"","meta":{"_coblocks_attr":"","_coblocks_dimensions":"","_coblocks_responsive_height":"","_coblocks_accordion_ie_support":"","footnotes":""},"_links":{"self":[{"href":"https:\/\/www.enda.fr\/es\/wp-json\/wp\/v2\/pages\/175"}],"collection":[{"href":"https:\/\/www.enda.fr\/es\/wp-json\/wp\/v2\/pages"}],"about":[{"href":"https:\/\/www.enda.fr\/es\/wp-json\/wp\/v2\/types\/page"}],"author":[{"embeddable":true,"href":"https:\/\/www.enda.fr\/es\/wp-json\/wp\/v2\/users\/1"}],"replies":[{"embeddable":true,"href":"https:\/\/www.enda.fr\/es\/wp-json\/wp\/v2\/comments?post=175"}],"version-history":[{"count":19,"href":"https:\/\/www.enda.fr\/es\/wp-json\/wp\/v2\/pages\/175\/revisions"}],"predecessor-version":[{"id":4565,"href":"https:\/\/www.enda.fr\/es\/wp-json\/wp\/v2\/pages\/175\/revisions\/4565"}],"wp:attachment":[{"href":"https:\/\/www.enda.fr\/es\/wp-json\/wp\/v2\/media?parent=175"}],"curies":[{"name":"wp","href":"https:\/\/api.w.org\/{rel}","templated":true}]}}