{"id":1872,"date":"2020-02-22T08:13:00","date_gmt":"2020-02-22T07:13:00","guid":{"rendered":"http:\/\/www.enda.fr\/?page_id=1872"},"modified":"2021-01-20T16:19:30","modified_gmt":"2021-01-20T15:19:30","slug":"candidature-appel","status":"publish","type":"page","link":"https:\/\/www.enda.fr\/es\/candidature-appel\/","title":{"rendered":"Candidature &#8211; Appel"},"content":{"rendered":"\n<h3 class=\"wp-block-heading\">Acc\u00e8s au formulaire de candidature     <\/h3>\n\n\n\n<p>Afin de d\u00e9poser votre candidature merci de compl\u00e9ter le formulaire en acc\u00e8s sur le lien suivant : <\/p>\n\n\n\n<div class=\"wp-block-button\"><a class=\"wp-block-button__link has-background\" href=\"https:\/\/form.jotform.com\/lacentrale75\/formulaire-de-candidature-enda\" style=\"background-color:#eb1919;border-radius:2px\" target=\"_blank\" rel=\"noreferrer noopener\">Formulaire de candidature \u00e0 l&#8217;ENDA<\/a><\/div>\n\n\n\n<p>\u00a0   \u00a0 <\/p>\n\n\n\n<p> <\/p>\n","protected":false},"excerpt":{"rendered":"<p>Acc\u00e8s au formulaire de candidature Afin de d\u00e9poser votre candidature merci de compl\u00e9ter le formulaire en acc\u00e8s sur le lien suivant : \u00a0 \u00a0<\/p>\n","protected":false},"author":1,"featured_media":0,"parent":0,"menu_order":0,"comment_status":"closed","ping_status":"closed","template":"","meta":{"_coblocks_attr":"","_coblocks_dimensions":"","_coblocks_responsive_height":"","_coblocks_accordion_ie_support":"","footnotes":""},"_links":{"self":[{"href":"https:\/\/www.enda.fr\/es\/wp-json\/wp\/v2\/pages\/1872"}],"collection":[{"href":"https:\/\/www.enda.fr\/es\/wp-json\/wp\/v2\/pages"}],"about":[{"href":"https:\/\/www.enda.fr\/es\/wp-json\/wp\/v2\/types\/page"}],"author":[{"embeddable":true,"href":"https:\/\/www.enda.fr\/es\/wp-json\/wp\/v2\/users\/1"}],"replies":[{"embeddable":true,"href":"https:\/\/www.enda.fr\/es\/wp-json\/wp\/v2\/comments?post=1872"}],"version-history":[{"count":84,"href":"https:\/\/www.enda.fr\/es\/wp-json\/wp\/v2\/pages\/1872\/revisions"}],"predecessor-version":[{"id":4480,"href":"https:\/\/www.enda.fr\/es\/wp-json\/wp\/v2\/pages\/1872\/revisions\/4480"}],"wp:attachment":[{"href":"https:\/\/www.enda.fr\/es\/wp-json\/wp\/v2\/media?parent=1872"}],"curies":[{"name":"wp","href":"https:\/\/api.w.org\/{rel}","templated":true}]}}