{"id":188,"date":"2020-02-22T15:50:20","date_gmt":"2020-02-22T14:50:20","guid":{"rendered":"http:\/\/www.enda.fr\/?page_id=188"},"modified":"2021-02-08T02:41:12","modified_gmt":"2021-02-08T01:41:12","slug":"procesos-y-proyectos","status":"publish","type":"page","link":"https:\/\/www.enda.fr\/es\/procesos-y-proyectos\/","title":{"rendered":"Procesos y proyectos"},"content":{"rendered":"<p>Algunos proyectos de participantes:<\/p>\n<p><b>Promoci\u00f3n 2012-2014 (Sesi\u00f3n VIII)<span class=\"Apple-converted-space\"><br \/>\n<\/span><\/b><span style=\"text-decoration: underline;\">Guillaume Aubry<br \/>\n<\/span>Proyecto de sesi\u00f3n: <em>Observatorio del deceptual<\/em> (France)<\/p>\n<p><b>Promoci\u00f3n 2014-2016 (Sesi\u00f3n X)<br \/>\n<\/b><span style=\"text-decoration: underline;\">Ewa Knitter et Fabiola Badoi<\/span> (Allemagne, France, B\u00e9nin)<\/p>\n<p><b>Promoci\u00f3n 2015 (Sesi\u00f3n XI)<br \/>\n<\/b><span style=\"text-decoration: underline;\">Jules Niamien<br \/>\n<\/span>Proyecto de sesi\u00f3n: <em>La escuela ingenua <\/em>(C\u00f4te d&#8217;Ivoire)<\/p>\n<p><b>Promoci\u00f3n 2018-2019 (Sesi\u00f3n XVIII)<br \/>\n<\/b><span style=\"text-decoration: underline;\">Pascale Duvivier<br \/>\n<\/span>Proyecto de sesi\u00f3n: <em>El Instituto de materiolog\u00eda<\/em> (France)<br \/>\n<span style=\"text-decoration: underline;\">Marie Edith Charni Robinne<br \/>\n<\/span>Proyecto de sesi\u00f3n: <em>Una licencia para convertirse en obra<\/em> (France)<br \/>\n<span style=\"text-decoration: underline;\">Snehil Babel<br \/>\n<\/span>Proyecto de sesi\u00f3n: <em>Estado de cero<\/em><\/p>\n","protected":false},"excerpt":{"rendered":"<p>Algunos proyectos de participantes: Promoci\u00f3n 2012-2014 (Sesi\u00f3n VIII) Guillaume Aubry Proyecto de sesi\u00f3n: Observatorio del deceptual (France) Promoci\u00f3n 2014-2016 (Sesi\u00f3n X) Ewa Knitter et Fabiola Badoi (Allemagne, France, B\u00e9nin) Promoci\u00f3n 2015 (Sesi\u00f3n XI) Jules Niamien Proyecto de sesi\u00f3n: La escuela ingenua (C\u00f4te d&#8217;Ivoire) Promoci\u00f3n 2018-2019 (Sesi\u00f3n XVIII) Pascale Duvivier Proyecto de sesi\u00f3n: El Instituto de [&hellip;]<\/p>\n","protected":false},"author":1,"featured_media":0,"parent":0,"menu_order":0,"comment_status":"closed","ping_status":"closed","template":"","meta":{"_coblocks_attr":"","_coblocks_dimensions":"","_coblocks_responsive_height":"","_coblocks_accordion_ie_support":"","footnotes":""},"_links":{"self":[{"href":"https:\/\/www.enda.fr\/es\/wp-json\/wp\/v2\/pages\/188"}],"collection":[{"href":"https:\/\/www.enda.fr\/es\/wp-json\/wp\/v2\/pages"}],"about":[{"href":"https:\/\/www.enda.fr\/es\/wp-json\/wp\/v2\/types\/page"}],"author":[{"embeddable":true,"href":"https:\/\/www.enda.fr\/es\/wp-json\/wp\/v2\/users\/1"}],"replies":[{"embeddable":true,"href":"https:\/\/www.enda.fr\/es\/wp-json\/wp\/v2\/comments?post=188"}],"version-history":[{"count":15,"href":"https:\/\/www.enda.fr\/es\/wp-json\/wp\/v2\/pages\/188\/revisions"}],"predecessor-version":[{"id":4627,"href":"https:\/\/www.enda.fr\/es\/wp-json\/wp\/v2\/pages\/188\/revisions\/4627"}],"wp:attachment":[{"href":"https:\/\/www.enda.fr\/es\/wp-json\/wp\/v2\/media?parent=188"}],"curies":[{"name":"wp","href":"https:\/\/api.w.org\/{rel}","templated":true}]}}