{"id":1887,"date":"2020-02-22T20:03:00","date_gmt":"2020-02-22T19:03:00","guid":{"rendered":"http:\/\/www.enda.fr\/?page_id=1887"},"modified":"2021-02-08T01:15:57","modified_gmt":"2021-02-08T00:15:57","slug":"apoyar-la-escuela","status":"publish","type":"page","link":"https:\/\/www.enda.fr\/es\/apoyar-la-escuela\/","title":{"rendered":"Apoyar la escuela"},"content":{"rendered":"\n<h3 class=\"wp-block-heading\"><strong>El mecenazgo de empresa<\/strong><\/h3>\n\n\n\n<p>Si usted es una empresa sometida al impuesto en Francia o en algunos pa\u00edses europeos y que realizan una donaci\u00f3n a la ENDA, beneficiar\u00e1 de una reducci\u00f3n del impuesto sobre sociedades o impuesto sobre la renta. Puede tambi\u00e9n beneficiar de algunas contrapartidas de comunicaci\u00f3n y relaciones p\u00fablicas. Para las empresas, la reducci\u00f3n de impuestos es de un 60% de la donaci\u00f3n realizada en numerario, en competencia o en naturaleza, con un limite de un 0,5% del volumen de los negocios, con la posibilidad en caso de superaci\u00f3n de arrastrar el super\u00e1vit durante los pr\u00f3ximos cinco a\u00f1os. Como mecenas, se tiene una obligaci\u00f3n de declaraci\u00f3n.<\/p>\n\n\n\n<h3 class=\"wp-block-heading\"><strong>Las compensaciones<\/strong><\/h3>\n\n\n\n<p>Las compensaciones constituyen una ventaja propuesta por la ENDA a su empresa adem\u00e1s de la reducci\u00f3n de impuesto. El valor de estas compensaciones se desproporciona frente a la donaci\u00f3n: se admite una relaci\u00f3n de 1 a 4 entre el importe de la contraprestaci\u00f3n y el importe de la donaci\u00f3n, lo que significa que el valor de las compensaciones de su empresa no puede alcanza un 25% del importe de su donaci\u00f3n.<\/p>\n\n\n\n<p>Ejemplo: <br>Si se realiza una donaci\u00f3n de 10K \u20ac, se puede beneficiar de compensaciones hacia 2,5K\u20ac como m\u00e1ximo. Si se dona 100\u20ac, las compensaciones alcanzar\u00e1n un 25K\u20ac. Se puede materializar con la presencia del logo, del nombre de la empresa en la comunicaci\u00f3n de la ENDA, de entradas gratuitas, de visitas guiadas, de publicaci\u00f3n, etc\u2026<\/p>\n\n\n\n<h3 class=\"wp-block-heading\"><strong>El mecenazgo en naturaleza o de competencia<\/strong><\/h3>\n\n\n\n<p>Una de las posibilidades ofertas a mecenas empresas consiste en un aporte no con financiamiento numerario, pero gracias a medios \u2013 productos o servicios \u2013 a la ENDA. Se trata de un \u201cmecenazgo en naturaleza o de competencia\u201d. El mecenazgo en naturaleza puede por ejemplo consistir en la remesa de un bien inmobiliario, de mercanc\u00edas, de ejecuci\u00f3n de prestaciones de servicios, de personales o t\u00e9cnicas. El mecenazgo de competencia tiene varias disposiciones de competencias de salariados. Por ejemplo, una empresa que crea sitios internet puede poner a disposici\u00f3n, de manera gratuita, uno de sus desarrolladores de la web para mejorar el sitio web de la ENDA. Los criterios de elegibilidad con esta forma de mecenazgo son exactamente los mismos que los previstos para una contribuci\u00f3n numeraria.<\/p>\n\n\n\n<h3 class=\"wp-block-heading\"><strong>El mecenazgo de particulares<\/strong><\/h3>\n\n\n\n<p>El r\u00e9gimen de reducci\u00f3n de impuesto sobre la renta puede tambi\u00e9n beneficiar a particulares gracias a la unificaci\u00f3n de la ley del 1 de agosto de 2003 relativa al mecenazgo, a las asociaciones, a las fundaciones y a los avances sucesivos (art\u00edculo 200-1 del CGI). Concierne todos los todas las donaciones hacia obras y organismos de inter\u00e9s general. La definici\u00f3n de los sectores beneficiarios, como la cultura, es muy amplia. La reducci\u00f3n de impuesto es de un 66% de las donaciones, en el limite anual de un 20% del total de los ingresos imputables. Este umbral se dobla frente a la situaci\u00f3n anterior. La tasa de reducci\u00f3n de la imposici\u00f3n alcanza un 75% (en el limite de 512\u20ac a partir del impuesto sobre la renta del a\u00f1o 2010) para las donaciones efectuadas para particulares hacia organismos sin objetivo lucrativo que proporcionar comidas gratuitas a las personas con dificultades, que ayuden a mejorar su alojamiento o que presten atenci\u00f3n gratuita como actividad principal (art\u00edculo 200-1 ter del C\u00f3digo General de Impuestos).<\/p>\n\n\n\n<p>Ejemplo:<br>Una persona tiene un ingreso imputable de un 50K\u20ac, decide donar 200\u20ac a una asociaci\u00f3n de inter\u00e9s general activa en el \u00e1mbito cultural. Para el a\u00f1o de la donaci\u00f3n, beneficiar\u00e1 de una reducci\u00f3n de un 66%, o sea 132\u20ac. El coste real de la donaci\u00f3n ser\u00e1 de 68\u20ac. Adem\u00e1s, si se alcanza el umbral de un 20% de los ingresos, el beneficio de la reducci\u00f3n se puede reportar en los cinco a\u00f1os siguientes.<\/p>\n\n\n\n<h3 class=\"wp-block-heading\"><strong>Las compensaciones<\/strong><\/h3>\n\n\n\n<p>Se trata de compensaciones que constituyen en una ventaja oferta a su empresa adem\u00e1s de la reducci\u00f3n de impuesto. El volar de estas compensaciones debe admitirse una relaci\u00f3n de 1 a 4 entre el importe de la contraprestaci\u00f3n y el importe de la donaci\u00f3n, lo que significa que el valor de las compensaciones de su empresa no puede alcanza un 25% del importe de su donaci\u00f3n. En el caso del mecenazgo de particulares no pueden superar un limite a tanto alzado de 60\u20ac.<\/p>\n\n\n\n<h3 class=\"wp-block-heading\"><strong>Otras medidas relativas al mecenazgo de particulares<\/strong><\/h3>\n\n\n\n<p>Las donaciones deducibles del ISF a favor de fundaciones reconocidas de utilidad p\u00fablica o de instituciones de investigaci\u00f3n o docencia superior y art\u00edstica. Los responsables de la ISF tienen la posibilidad de deducir de su contribuci\u00f3n, dentro del l\u00edmite anual de 50 K euros, el 75% de los donativos realizados en beneficio de fundaciones reconocidas en particular. Existe una reducci\u00f3n del impuesto de sucesi\u00f3n para las donaciones hechas por los herederos a ciertas organizaciones. Sobre la parte neta de cualquier heredero, donatario o legatario utilizada para calcular el impuesto de sucesiones, se instituye una deducci\u00f3n igual al importe de las donaciones efectuadas a determinados organismos de inter\u00e9s general, al Estado, a las colectividades locales o a sus establecimientos p\u00fablicos. La concesi\u00f3n se aplica a todas las sucesiones, cualquiera que sea la naturaleza de los bienes (muebles o inmuebles) que las componen (art\u00edculo 788 de la C.G.I.). Hay que precisar que: para las donaciones efectuadas a una asociaci\u00f3n reconocida de inter\u00e9s p\u00fablico, al Estado, a las colectividades locales o a sus establecimientos p\u00fablicos, s\u00f3lo se tienen en cuenta las donaciones de sumas de dinero; para las donaciones efectuadas a una fundaci\u00f3n reconocida de inter\u00e9s p\u00fablico, el heredero tiene la posibilidad de pagar una suma de dinero o de hacer una donaci\u00f3n en especie (por ejemplo, la donaci\u00f3n de una colecci\u00f3n de obras de arte, de una propiedad de inversi\u00f3n, etc.). Estas donaciones deben realizarse en su totalidad y propiedad final dentro de los seis meses de la muerte. En el caso de las donaciones en especie, la apreciaci\u00f3n del valor de los bienes se deja al donante. Exenci\u00f3n de los derechos de transferencia aplicables a los regalos manuales (art\u00edculo 2 de la Ley de 1\u00ba de agosto de 2003). Un regalo manual es una donaci\u00f3n de bienes muebles hecha a mano. Consentido a una organizaci\u00f3n de inter\u00e9s general, est\u00e1 totalmente exento de los derechos de transferencia (art\u00edculo 757 de la C.G.I.).<\/p>\n\n\n\n<h3 class=\"wp-block-heading\"><strong>Algunas buenas razones para su empresa de practicar el mecenazgo<\/strong><\/h3>\n\n\n\n<h4 class=\"wp-block-heading\">Mejorar el car\u00e1cter atractivo de su entorno<\/h4>\n\n\n\n<p>El alto nivel de la oferta cultural se convierte en un criterio importante para elegir la implantaci\u00f3n y gracias a la atractivita puede ayudar a las contrataciones. Su empresa no puede quedarse indiferente frente al entorno cultural. Desempe\u00f1ar un papel, es, para usted, una manera de actuar para sus propios intereses directos.<\/p>\n\n\n\n<h4 class=\"wp-block-heading\">Mejor su imagen externa<\/h4>\n\n\n\n<p>Hoy en d\u00eda, dar a conocer las cualidades de un producto y alabarlo no puede ser el \u00fanico objetivo de la comunicaci\u00f3n. Se trata de dar una imagen distinta y positiva de su empresa, desarrollarla se convirti\u00f3 en un reto de comunicaci\u00f3n. El mecenazgo constituye una manera de llamar la atenci\u00f3n de la comunidad, de marcar sus diferencias, de subrayar su identidad propia en otros \u00e1mbitos que su profesional. Se alcanza de una forma de reconocimiento como socio activo y solidario, como una instituci\u00f3n din\u00e1mica y abierta, entonces como simp\u00e1tico y atractivo. Permite cuidar sus relaciones con las autoridades locales a nivel institucional y pol\u00edtico, con la prensa y los l\u00edderes de opini\u00f3n en un entorno diferentes de las reuniones habituales.<\/p>\n\n\n\n<h4 class=\"wp-block-heading\">Reforzar la cohesi\u00f3n de su personal<\/h4>\n\n\n\n<p>El mecenazgo es un factor de cohesi\u00f3n social agrupando frente a un proyecto otras personas que los profesionales tradicionales creando una cultura de empresa. Es una manera de abrirse hacia nuevos centros, de descubrir y de intercambiar fuera del entorno tradicional. Permite unir un nuevo clima de relaciones humanas y la valorizaci\u00f3n del personal, la humanizaci\u00f3n del entorno de trabajo cuando el arte entra en la propia empresa.<\/p>\n","protected":false},"excerpt":{"rendered":"<p>El mecenazgo de empresa Si usted es una empresa sometida al impuesto en Francia o en algunos pa\u00edses europeos y que realizan una donaci\u00f3n a la ENDA, beneficiar\u00e1 de una reducci\u00f3n del impuesto sobre sociedades o impuesto sobre la renta. Puede tambi\u00e9n beneficiar de algunas contrapartidas de comunicaci\u00f3n y relaciones p\u00fablicas. Para las empresas, la [&hellip;]<\/p>\n","protected":false},"author":1,"featured_media":0,"parent":0,"menu_order":0,"comment_status":"closed","ping_status":"closed","template":"","meta":{"_coblocks_attr":"","_coblocks_dimensions":"","_coblocks_responsive_height":"","_coblocks_accordion_ie_support":"","footnotes":""},"_links":{"self":[{"href":"https:\/\/www.enda.fr\/es\/wp-json\/wp\/v2\/pages\/1887"}],"collection":[{"href":"https:\/\/www.enda.fr\/es\/wp-json\/wp\/v2\/pages"}],"about":[{"href":"https:\/\/www.enda.fr\/es\/wp-json\/wp\/v2\/types\/page"}],"author":[{"embeddable":true,"href":"https:\/\/www.enda.fr\/es\/wp-json\/wp\/v2\/users\/1"}],"replies":[{"embeddable":true,"href":"https:\/\/www.enda.fr\/es\/wp-json\/wp\/v2\/comments?post=1887"}],"version-history":[{"count":17,"href":"https:\/\/www.enda.fr\/es\/wp-json\/wp\/v2\/pages\/1887\/revisions"}],"predecessor-version":[{"id":4576,"href":"https:\/\/www.enda.fr\/es\/wp-json\/wp\/v2\/pages\/1887\/revisions\/4576"}],"wp:attachment":[{"href":"https:\/\/www.enda.fr\/es\/wp-json\/wp\/v2\/media?parent=1887"}],"curies":[{"name":"wp","href":"https:\/\/api.w.org\/{rel}","templated":true}]}}