{"id":198,"date":"2020-02-22T15:52:35","date_gmt":"2020-02-22T14:52:35","guid":{"rendered":"http:\/\/www.enda.fr\/?page_id=198"},"modified":"2021-02-08T01:45:40","modified_gmt":"2021-02-08T00:45:40","slug":"el-dnrea","status":"publish","type":"page","link":"https:\/\/www.enda.fr\/es\/el-dnrea\/","title":{"rendered":"El DNREA"},"content":{"rendered":"\n<h3 class=\"wp-block-heading\"><strong>Principios de evaluaci\u00f3n<\/strong><\/h3>\n\n\n\n<p>No se nota la evaluaci\u00f3n, pero toma en cuenta algunos criterios fundamentales:\u00a0<\/p>\n\n\n\n<p>&#8211; la singularidad del proceso;\u00a0<br>&#8211; la presencia;\u00a0<br>&#8211; el rigor;\u00a0<br>&#8211; la curiosidad;\u00a0<br>&#8211; el compromiso;\u00a0<br>&#8211; la perseverancia;\u00a0<br>&#8211; la toma de riesgo;\u00a0<br>&#8211; la calidad del trabajo;\u00a0<br>&#8211; el m\u00e9todo de trabajo;\u00a0<br>&#8211; la capacidad a poner en perspectivas y a citar sus retos;\u00a0<br>&#8211; la evaluaci\u00f3n entre el momento de admisi\u00f3n y el momento de evaluaci\u00f3n;\u00a0<br>&#8211; un estado de esp\u00edritu liberado de las coacciones normativas del arte;\u00a0<br>&#8211; la capacidad de trabajar con los otros;\u00a0<br>&#8211; la coherencia de experiencias;\u00a0<br>&#8211; la estructuraci\u00f3n del proceso.\u00a0<\/p>\n\n\n\n<p>El acceso al Diploma nacional de investigaci\u00f3n y experimentaci\u00f3n en arte (DNREA) se divide en tres niveles. Se entrega gracias a la ayuda de un jurado\/tribunal mixto de final de sesi\u00f3n que da su aviso pero que no corresponde a la decisi\u00f3n de la ENDA. Los practicantes tienen la posibilidad de defender tres veces antes este jurado. <\/p>\n\n\n\n<p>El jurado act\u00faa como un factor de influencia en los niveles siguientes:<\/p>\n\n\n\n<h3 class=\"wp-block-heading\"><strong>Nivel 1<\/strong><\/h3>\n\n\n\n<h4 class=\"wp-block-heading\"><strong>Letra de presencia (LEF)<\/strong><\/h4>\n\n\n\n<p>La letra de presencia se entrega a los practicantes que fueron presente en la formaci\u00f3n pero que no se presentaron ante el jurado de fin de sesi\u00f3n. Se entrega tambi\u00e9n los que no realizaron un cuestionamiento o una experimentaci\u00f3n suficiente seg\u00fan los criterios de la ENDA.\u00a0<\/p>\n\n\n\n<h3 class=\"wp-block-heading\"><strong>Nivel<\/strong> 2<\/h3>\n\n\n\n<h4 class=\"wp-block-heading\"><strong>Atestaci\u00f3n de Investigaci\u00f3n y Experimentaci\u00f3n en Arte<\/strong> (AREA)<\/h4>\n\n\n\n<p>La Atestaci\u00f3n de Investigaci\u00f3n y Experimentaci\u00f3n en Arte (AREA) se entrega en los practicantes que finalizaron sus proyectos de sesi\u00f3n, pero cuyo proyecto no corresponde a los criterios de la ENDA. Tienen que presentar sus proyectos al jurado de fin de sesi\u00f3n.<\/p>\n\n\n\n<h3 class=\"wp-block-heading\"><strong>Nivel<\/strong> 3<\/h3>\n\n\n\n<h4 class=\"wp-block-heading\"><strong>Diploma Nacional de Investigaci\u00f3n y de Experimentaci\u00f3n en Arte<\/strong> (DNREA)<\/h4>\n\n\n\n<p>El Diploma Nacional de Investigaci\u00f3n y de Experimentaci\u00f3n en Arte (DNREA) se entrega a los practicantes que finalizaron sus proyectos de sesi\u00f3n y que corresponden a criterios de la ENDA. Tienen que presentar sus proyectos ante el jurado de fin de sesi\u00f3n.&nbsp;<\/p>\n\n\n\n<p>Se trata de un diploma que como su nombre lo indica, no es un diploma en arte en el sentido de las escuelas de arte, pero de un diploma de investigaci\u00f3n y de experimentaci\u00f3n en arte que marcan tantas capacidades de cuestionamiento de los acquisitos, una investigaci\u00f3n de un estado de esp\u00edritu y de un proceso singular.<\/p>\n","protected":false},"excerpt":{"rendered":"<p>Principios de evaluaci\u00f3n No se nota la evaluaci\u00f3n, pero toma en cuenta algunos criterios fundamentales:\u00a0 &#8211; la singularidad del proceso;\u00a0&#8211; la presencia;\u00a0&#8211; el rigor;\u00a0&#8211; la curiosidad;\u00a0&#8211; el compromiso;\u00a0&#8211; la perseverancia;\u00a0&#8211; la toma de riesgo;\u00a0&#8211; la calidad del trabajo;\u00a0&#8211; el m\u00e9todo de trabajo;\u00a0&#8211; la capacidad a poner en perspectivas y a citar sus retos;\u00a0&#8211; la evaluaci\u00f3n [&hellip;]<\/p>\n","protected":false},"author":1,"featured_media":0,"parent":0,"menu_order":0,"comment_status":"closed","ping_status":"closed","template":"","meta":{"_coblocks_attr":"","_coblocks_dimensions":"","_coblocks_responsive_height":"","_coblocks_accordion_ie_support":"","footnotes":""},"_links":{"self":[{"href":"https:\/\/www.enda.fr\/es\/wp-json\/wp\/v2\/pages\/198"}],"collection":[{"href":"https:\/\/www.enda.fr\/es\/wp-json\/wp\/v2\/pages"}],"about":[{"href":"https:\/\/www.enda.fr\/es\/wp-json\/wp\/v2\/types\/page"}],"author":[{"embeddable":true,"href":"https:\/\/www.enda.fr\/es\/wp-json\/wp\/v2\/users\/1"}],"replies":[{"embeddable":true,"href":"https:\/\/www.enda.fr\/es\/wp-json\/wp\/v2\/comments?post=198"}],"version-history":[{"count":25,"href":"https:\/\/www.enda.fr\/es\/wp-json\/wp\/v2\/pages\/198\/revisions"}],"predecessor-version":[{"id":4591,"href":"https:\/\/www.enda.fr\/es\/wp-json\/wp\/v2\/pages\/198\/revisions\/4591"}],"wp:attachment":[{"href":"https:\/\/www.enda.fr\/es\/wp-json\/wp\/v2\/media?parent=198"}],"curies":[{"name":"wp","href":"https:\/\/api.w.org\/{rel}","templated":true}]}}