{"id":2175,"date":"2020-02-22T12:51:52","date_gmt":"2020-02-22T11:51:52","guid":{"rendered":"http:\/\/www.enda.fr\/?page_id=2175"},"modified":"2021-02-08T01:55:55","modified_gmt":"2021-02-08T00:55:55","slug":"sesion-xx","status":"publish","type":"page","link":"https:\/\/www.enda.fr\/es\/sesion-xx\/","title":{"rendered":"Sesi\u00f3n XX"},"content":{"rendered":"\n<p><strong><strong>Del 27 de noviembre de 2020 al 30 de abril de 2021<\/strong><\/strong><\/p>\n\n\n\n<p>La ENDA (Escuela nacional de arte) es una instituci\u00f3n de investigaci\u00f3n y de experimentaci\u00f3n en arte que se constituye como la secci\u00f3n pedag\u00f3gica de la Bienal de Par\u00eds.\u00a0Se trata de una escuela disruptiva de nueva generaci\u00f3n con una pedagog\u00eda innovadora que propone un curso ofreciendo a sus participantes la oportunidad de liberarse de modelos herederos del arte del siglo XX, como la producci\u00f3n de obra de arte, el artista aislado, la exposici\u00f3n, el mercado de arte, el espectador o el taller.\u00a0La escuela propone de poner en evidencia retos presentes en el arte del siglo XXI, una historia en fase de redacci\u00f3n en la cual se invitan los practicantes a imaginar sus propios lugares.\u00a0La ENDA es un contexto para experimentar los procesos liberados de la pr\u00e1ctica \u00fanica del arte, un espacio de emancipaci\u00f3n que se expresa como un eco a la situaci\u00f3n pol\u00edtica, econ\u00f3mica y social sobrepasando la del arte<\/p>\n\n\n\n<h3 class=\"wp-block-heading\"><strong>Elegibilidad<\/strong><\/h3>\n\n\n\n<p>La formaci\u00f3n est\u00e1 abierta a todos y todas a partir de 18 a\u00f1os y a profesionales de todos los \u00e1mbitos.\u00a0Ning\u00fan diploma y ni limite de edad se exigen.\u00a0El curso se puede realizar en paralelo con una actividad profesional o otras formaciones cuya est\u00e1 complementaria.\u00a0Aunque varios criterios entren en cuenta en las condiciones de admisi\u00f3n, la motivaci\u00f3n es el criterio determinante.\u00a0<\/p>\n\n\n\n<h3 class=\"wp-block-heading\"><strong>Los objetivos<\/strong><\/h3>\n\n\n\n<p>&#8211; Proponer un contexto para formular una pr\u00e1ctica singular;\u00a0<br>&#8211; Ofrecer una formaci\u00f3n de alto nivel abierto a todos y todas sin condici\u00f3n de diploma o de edad;\u00a0<br>&#8211; Entregar las llaves para desarrollar una econom\u00eda adaptada a la especificidad de su actividad;\u00a0<br>&#8211; Aplicar competencias adquiridas en todos los aspectos de su vida profesional y privada;\u00a0<br>&#8211; Beneficiar de un cuadro que incita a la inventiva.\u00a0<\/p>\n\n\n\n<p>Acceso directo a la secci\u00f3n \u00bfPor qu\u00e9 integrar la ENDA? con argumentos m\u00e1s exhaustivos y m\u00faltiples razones para los cuales el candidato o la candidata puede integrar la ENDA.<\/p>\n\n\n\n<h3 class=\"wp-block-heading\"><strong>Becas de investigaci\u00f3n y de experimentaci\u00f3n<\/strong><\/h3>\n\n\n\n<p>La ENDA ofrece dos becas de investigaci\u00f3n y de experimentaci\u00f3n a un candidato o una candidata que puede beneficiar de su programa y formular una investigaci\u00f3n sin equivalente en Francia o al internacional.\u00a0<\/p>\n\n\n\n<h3 class=\"wp-block-heading\"><strong>Informaciones pr\u00e1cticas\u00a0<\/strong><\/h3>\n\n\n\n<p>Los m\u00f3dulos de trabajo te\u00f3ricos y pr\u00e1cticos tienen lugar los jueves y los viernes de 10:00 am a 1:00pm y de 3:00pm a 6:00pm. Las lenguas de trabajo son el franc\u00e9s y el ingl\u00e9s de manera puntual. Al final de la sesi\u00f3n, la ENDA entrega un DNREA (Diploma nacional de investigaci\u00f3n y de experimentaci\u00f3n en arte &#8211; Dipl\u00f4me national de recherche et d\u2019exp\u00e9rimentation en art) tras una entrevista ante un jurado\/tribunal de sesi\u00f3n y sobre la base de un trabajo serio realizado durante la sesi\u00f3n.<\/p>\n\n\n\n<h3 class=\"wp-block-heading\"><strong>Candidatura<\/strong><\/h3>\n\n\n\n<p>Las candidaturas se tratan en flujo continuo. El n\u00famero de estudiantes es limitado, se aconseja inscribirse lo m\u00e1s temprano posible.&nbsp;<\/p>\n\n\n\n<p>La matr\u00edcula y los gastos de los cursos pueden pagarse en varios plazos y pueden cubrirse como educaci\u00f3n continua, becas de investigaci\u00f3n o residencias.<\/p>\n\n\n\n<p>Las candidaturas se realizan en l\u00ednea en la p\u00e1gina siguiente:&nbsp;<\/p>\n\n\n\n<p><a href=\"https:\/\/form.jotform.com\/lacentrale75\/formulaire-de-candidature-enda\">FORMULAIRE DE CANDIDATURE<\/a><\/p>\n\n\n\n<p>Pr\u00f3xima fecha limite de candidatura:&nbsp;<\/p>\n\n\n\n<p>El 30 de octobre de 2020<\/p>\n\n\n\n<h3 class=\"wp-block-heading\"><strong>Contacto<\/strong><\/h3>\n\n\n\n<p>El secretariado<br>Email : admissions@enda.fr<br>http:\/\/www.enda.fr\/es<\/p>\n","protected":false},"excerpt":{"rendered":"<p>Del 27 de noviembre de 2020 al 30 de abril de 2021 La ENDA (Escuela nacional de arte) es una instituci\u00f3n de investigaci\u00f3n y de experimentaci\u00f3n en arte que se constituye como la secci\u00f3n pedag\u00f3gica de la Bienal de Par\u00eds.\u00a0Se trata de una escuela disruptiva de nueva generaci\u00f3n con una pedagog\u00eda innovadora que propone un [&hellip;]<\/p>\n","protected":false},"author":1,"featured_media":4333,"parent":0,"menu_order":0,"comment_status":"closed","ping_status":"closed","template":"","meta":{"_coblocks_attr":"","_coblocks_dimensions":"","_coblocks_responsive_height":"","_coblocks_accordion_ie_support":"","footnotes":""},"_links":{"self":[{"href":"https:\/\/www.enda.fr\/es\/wp-json\/wp\/v2\/pages\/2175"}],"collection":[{"href":"https:\/\/www.enda.fr\/es\/wp-json\/wp\/v2\/pages"}],"about":[{"href":"https:\/\/www.enda.fr\/es\/wp-json\/wp\/v2\/types\/page"}],"author":[{"embeddable":true,"href":"https:\/\/www.enda.fr\/es\/wp-json\/wp\/v2\/users\/1"}],"replies":[{"embeddable":true,"href":"https:\/\/www.enda.fr\/es\/wp-json\/wp\/v2\/comments?post=2175"}],"version-history":[{"count":58,"href":"https:\/\/www.enda.fr\/es\/wp-json\/wp\/v2\/pages\/2175\/revisions"}],"predecessor-version":[{"id":4598,"href":"https:\/\/www.enda.fr\/es\/wp-json\/wp\/v2\/pages\/2175\/revisions\/4598"}],"wp:featuredmedia":[{"embeddable":true,"href":"https:\/\/www.enda.fr\/es\/wp-json\/wp\/v2\/media\/4333"}],"wp:attachment":[{"href":"https:\/\/www.enda.fr\/es\/wp-json\/wp\/v2\/media?parent=2175"}],"curies":[{"name":"wp","href":"https:\/\/api.w.org\/{rel}","templated":true}]}}