{"id":3739,"date":"2020-02-28T11:45:51","date_gmt":"2020-02-28T10:45:51","guid":{"rendered":"http:\/\/www.enda.fr\/?page_id=3739"},"modified":"2021-02-05T01:52:38","modified_gmt":"2021-02-05T00:52:38","slug":"organigrama","status":"publish","type":"page","link":"https:\/\/www.enda.fr\/es\/organigrama\/","title":{"rendered":"Organigrama"},"content":{"rendered":"\n<p><strong>Alexandre Gurita<br><\/strong>Director. Artista que desarrolla un proceso de naturaleza invisual. Al origen de la palabra invisual, considera el sistema del arte como un lenguaje, un soporte y un material de trabajo.<\/p>\n\n\n\n<p><strong>Ludovic De Vita<br><\/strong>Director del desarrollo. Artista, conferenciante e investigador, pregunta las pr\u00e1cticas art\u00edsticas y los procesos de singularidad por la creatividad y la innovaci\u00f3n.<\/p>\n\n\n\n<p class=\"has-text-align-left\"><strong>Baptiste Pays<br><\/strong>Responsable de los programas. Artista que propone a los artistas y al arte de construir infra-puestos destinados a abrir puertas de entradas en la sociedad. Este trabajo se efect\u00faa a trav\u00e9s del uso de m\u00e9todos espec\u00edficos.<\/p>\n\n\n\n<p class=\"has-text-align-left\"><strong>Alexandra P\u00e9ron<br><\/strong>Secretaria pedag\u00f3gica. Se encarga de la gesti\u00f3n de las relaciones externas y del tratamiento de las candidaturas.<\/p>\n\n\n\n<p><strong>Camille Zmyslony<\/strong><br>Cargada de proyectos internacionales de cooperaci\u00f3n.<\/p>\n\n\n\n<p><strong>Tom B\u00fccher<br><\/strong>Dise\u00f1ador gr\u00e1fico. Dise\u00f1ador gr\u00e1fico cargado de la comunicaci\u00f3n visual, de los instrumentos de comunicaci\u00f3n f\u00edsica y num\u00e9rica de la ENDA.<\/p>\n","protected":false},"excerpt":{"rendered":"<p>Alexandre GuritaDirector. Artista que desarrolla un proceso de naturaleza invisual. Al origen de la palabra invisual, considera el sistema del arte como un lenguaje, un soporte y un material de trabajo. Ludovic De VitaDirector del desarrollo. Artista, conferenciante e investigador, pregunta las pr\u00e1cticas art\u00edsticas y los procesos de singularidad por la creatividad y la innovaci\u00f3n. [&hellip;]<\/p>\n","protected":false},"author":1,"featured_media":0,"parent":0,"menu_order":0,"comment_status":"closed","ping_status":"closed","template":"","meta":{"_coblocks_attr":"","_coblocks_dimensions":"","_coblocks_responsive_height":"","_coblocks_accordion_ie_support":"","footnotes":""},"_links":{"self":[{"href":"https:\/\/www.enda.fr\/es\/wp-json\/wp\/v2\/pages\/3739"}],"collection":[{"href":"https:\/\/www.enda.fr\/es\/wp-json\/wp\/v2\/pages"}],"about":[{"href":"https:\/\/www.enda.fr\/es\/wp-json\/wp\/v2\/types\/page"}],"author":[{"embeddable":true,"href":"https:\/\/www.enda.fr\/es\/wp-json\/wp\/v2\/users\/1"}],"replies":[{"embeddable":true,"href":"https:\/\/www.enda.fr\/es\/wp-json\/wp\/v2\/comments?post=3739"}],"version-history":[{"count":20,"href":"https:\/\/www.enda.fr\/es\/wp-json\/wp\/v2\/pages\/3739\/revisions"}],"predecessor-version":[{"id":4513,"href":"https:\/\/www.enda.fr\/es\/wp-json\/wp\/v2\/pages\/3739\/revisions\/4513"}],"wp:attachment":[{"href":"https:\/\/www.enda.fr\/es\/wp-json\/wp\/v2\/media?parent=3739"}],"curies":[{"name":"wp","href":"https:\/\/api.w.org\/{rel}","templated":true}]}}