{"id":3794,"date":"2020-03-01T12:06:42","date_gmt":"2020-03-01T11:06:42","guid":{"rendered":"http:\/\/www.enda.fr\/?page_id=3794"},"modified":"2021-02-08T02:56:58","modified_gmt":"2021-02-08T01:56:58","slug":"participacion-en-proyectos-externos","status":"publish","type":"page","link":"https:\/\/www.enda.fr\/es\/participacion-en-proyectos-externos\/","title":{"rendered":"Participaci\u00f3n en proyectos externos"},"content":{"rendered":"\n<p>Los practicantes de la ENDA son invitados a participar en varios proyectos en Francia y a nivel internacional.&nbsp;<\/p>\n\n\n\n<p>Algunos de estos proyectos se inician por los practicantes poniendo la ENDA y otras instituciones socias al servicio de sus ideas.&nbsp;<\/p>\n\n\n\n<p>En una idea de horizontalidad de la ENDA, los practicantes pueden actuar al nombre de la escuela para sus propios proyectos.&nbsp;<\/p>\n\n\n\n<p>Dentro de las instituciones socias, La Bienal de Par\u00eds se ofrece a trav\u00e9s de la ENDA como un marco de investigaci\u00f3n \u00fanico. Los proyectos de la escuela son entonces prioritarios en la programaci\u00f3n de la Bienal de Par\u00eds cuando no son los practicantes que la organizan alrededor del mundo.&nbsp;<\/p>\n\n\n\n<h3 class=\"wp-block-heading\"><strong>ETI (Experimentar una transformaci\u00f3n institucional)<\/strong><\/h3>\n\n\n\n<p><strong>De noviembre de 2019 a septiembre de 2021, Francia, Italia, R\u00famania, Espa\u00f1a<\/strong><br>ETI es uno de los proyectos m\u00e1s importantes inciados por la ENDA en 2019 asociado a instituciones europeas. El proyecto se formul\u00f3 con dos antiguos practicantes de la ENDA. ETI alcanza el reto de imaginar nuevos modelos institucionales para el arte. ETI se financia en parte por el programa Europa Creativa de la Uni\u00f3n Europea. <a rel=\"noreferrer noopener\" href=\"http:\/\/www.eti-europe.eu\" target=\"_blank\">M\u00e1s Informaciones<\/a><\/p>\n\n\n\n<h3 class=\"wp-block-heading\"><strong>Las ideas de la ENDA<\/strong><\/h3>\n\n\n\n<p><strong>El 31 de enero de 2019, Archivos Nacionales, Par\u00eds<\/strong>&nbsp;<br>El Colegio internacional de filosof\u00eda (Coll\u00e8ge international de philosophie&nbsp; &#8211; CIPh) se asocia a los Archivos Nacionales para proponer una Noche de Ideas en los Archivos Nacionales al H\u00f4tel de Soubise, el 31 de enero de 19h a 22h sobre el tema \u201cSecretos de Estados\/Secretos del intimo\u201d (\u00ab Secrets d\u2019Etat \/ Secrets de l\u2019intime \u00bb) en asociaci\u00f3n con la Escuela Nacional de Arte (ENDA).<\/p>\n\n\n\n<h3 class=\"wp-block-heading\"><strong><strong>La Bienal de Par\u00eds en Guatemala<\/strong><\/strong><\/h3>\n\n\n\n<p><strong>Del 1er al 11 de noviembre de 2017, Ciudad de Guatemala<\/strong><br>Esta deslocalizaci\u00f3n de la Bienal de Par\u00eds en Guatemala tuvo como tema \u201c\u00bfEl arte, un vector para la educaci\u00f3n?\u201d. Se formul\u00f3 como el proyecto de Kristina Cordon, practicante de la sesi\u00f3n XI de l\u2019Iheap Nueva York. Esta Bienal consisti\u00f3 en la realizaci\u00f3n de una biblioteca de arte en Guatemala. El conjunto de proyectos constituy\u00f3 un inicio para la creaci\u00f3n de la primera escuela de arte de Guatemala, Alternative Art Program Guatemala. <a rel=\"noreferrer noopener\" href=\"https:\/\/biennaledeparis.org\/Guatemala\" target=\"_blank\">M\u00e1s informaciones<\/a>&nbsp;<\/p>\n\n\n\n<h3 class=\"wp-block-heading\"><strong><strong>La Bienal de Par\u00eds en Beirut&nbsp;<\/strong><\/strong><\/h3>\n\n\n\n<p><strong>Del 27 de junio al 3 de julio de 2016, Beirut, Liban&nbsp;<\/strong><br>La Bienal de Par\u00eds en Beirut se imagin\u00f3 por los participantes de la sesi\u00f3n XI del Iheap (futuro ENDA). Se trat\u00f3 de un proyecto global en el marco de su carrera de estudio, asociado con varios colaboradores y socios libanes. La Conferencia de prensa el Beirut Art Center el 26 de junio de 2016 inaugur\u00f3 el programa de esta semana libanes. El objetivo de esta Bienal de Par\u00eds en Beirut era: poner a disposici\u00f3n de los participantes, varios m\u00e9todos de trabajo y proyectos desarrollados por ellos mismos. <a rel=\"noreferrer noopener\" href=\"https:\/\/biennaledeparis.org\/Liban\" target=\"_blank\">M\u00e1s informaciones<\/a><\/p>\n","protected":false},"excerpt":{"rendered":"<p>Los practicantes de la ENDA son invitados a participar en varios proyectos en Francia y a nivel internacional.&nbsp; Algunos de estos proyectos se inician por los practicantes poniendo la ENDA y otras instituciones socias al servicio de sus ideas.&nbsp; En una idea de horizontalidad de la ENDA, los practicantes pueden actuar al nombre de la [&hellip;]<\/p>\n","protected":false},"author":1,"featured_media":0,"parent":0,"menu_order":0,"comment_status":"closed","ping_status":"closed","template":"","meta":{"_coblocks_attr":"","_coblocks_dimensions":"","_coblocks_responsive_height":"","_coblocks_accordion_ie_support":"","footnotes":""},"_links":{"self":[{"href":"https:\/\/www.enda.fr\/es\/wp-json\/wp\/v2\/pages\/3794"}],"collection":[{"href":"https:\/\/www.enda.fr\/es\/wp-json\/wp\/v2\/pages"}],"about":[{"href":"https:\/\/www.enda.fr\/es\/wp-json\/wp\/v2\/types\/page"}],"author":[{"embeddable":true,"href":"https:\/\/www.enda.fr\/es\/wp-json\/wp\/v2\/users\/1"}],"replies":[{"embeddable":true,"href":"https:\/\/www.enda.fr\/es\/wp-json\/wp\/v2\/comments?post=3794"}],"version-history":[{"count":16,"href":"https:\/\/www.enda.fr\/es\/wp-json\/wp\/v2\/pages\/3794\/revisions"}],"predecessor-version":[{"id":4638,"href":"https:\/\/www.enda.fr\/es\/wp-json\/wp\/v2\/pages\/3794\/revisions\/4638"}],"wp:attachment":[{"href":"https:\/\/www.enda.fr\/es\/wp-json\/wp\/v2\/media?parent=3794"}],"curies":[{"name":"wp","href":"https:\/\/api.w.org\/{rel}","templated":true}]}}