{"id":3799,"date":"2020-03-01T12:17:29","date_gmt":"2020-03-01T11:17:29","guid":{"rendered":"http:\/\/www.enda.fr\/?page_id=3799"},"modified":"2021-02-05T01:51:20","modified_gmt":"2021-02-05T00:51:20","slug":"oradores-externos","status":"publish","type":"page","link":"https:\/\/www.enda.fr\/es\/oradores-externos\/","title":{"rendered":"Oradores externos"},"content":{"rendered":"\n<p><strong>Im-another-Lazyartist<\/strong><br>Artista que act\u00faa gracias al apodo Im-another-Lazyartist que escribe un diario donde explica las razones por las cuales no produce obras de artes. Las razones invocaadas son cada vez diferentes y se componen como una riqueza de posibilidad del tras-obra.<\/p>\n\n\n\n<p><strong>Rose Marie Barrientos<br><\/strong>Cr\u00edtica e historiadora del arte. Investigador en la universidad de Paris I Panth\u00e9on-Sorbonne, critica e historiadora de arte, miembro fundador de la l\u00ednea de investigaci\u00f3n Art et Flux.<\/p>\n\n\n\n<p><strong>Gary Bigot<br><\/strong>La termohygrometria permite a Gary Bigot de desarrollar un proceso artisico considerando que todo ya est\u00e1 hecho, producido, instalado sin ninguna intervenci\u00f3n de su parte.<\/p>\n\n\n\n<p><strong>Robert Storr<br><\/strong>Escritor, cr\u00edtico de arte y comisario de exposici\u00f3n. Antiguo director de la Yale University School of Art y primer director americano de la Bienal de Venecia, public\u00f3 numerosos art\u00edculos en la prensa internacional.<\/p>\n\n\n\n<p><strong>Yves Michaud<br><\/strong>Filosofo y critico de arte. Sus trabajos se centran a la filosof\u00eda pol\u00edtica y a la evoluci\u00f3n de los artes y de la cultura contempor\u00e1nea.<\/p>\n\n\n\n<p><strong>Liliane Viala<br><\/strong>Cofundadora de Courants faibles. Artista que pregunta los nexos entre las nociones de creaci\u00f3n y de producci\u00f3n m\u00e1s all\u00e1 del arte, concibiendo interacciones entre varios \u00e1mbitos de actividades.<\/p>\n\n\n\n<p><strong>Ricardo Mbarkho<br><\/strong>Profesor al Instituto de Artes Visuales (IAV) de Beirut. Artista que inscribe su trabajo en el contexto geopol\u00edtico y social de El L\u00edbano, en particular a trav\u00e9s de proyecto \u201cLa Journ\u00e9e Nationale Libanaise du Tabbouleh\u201d.<\/p>\n\n\n\n<p><strong>Sylvain Soussan<br><\/strong>Funddador de Soussan Ltd y del museo de nubes. Artista que a trav\u00e9s del museo de las nubes se interesan a las tecnolog\u00edas reduciendo las emisiones carbonadas. Dentro del mueso de las nubes, trabaja con flujos.<\/p>\n\n\n\n<p><strong>Hubert Renard<br><\/strong>Artista que pone en duda la materialidad de la obra y empuja los elementos que la rodean y permiten su existencia. Construye su posible carrera art\u00edstica con un retroceso de diez a\u00f1os.<\/p>\n\n\n\n<p><strong>Dylan Gauthier<br><\/strong>Cofundador de Mare Librum. Artista usando la construcci\u00f3n de barcos en su trabajo. Se interesa tambi\u00e9n la edici\u00f3n e intervino sobretodo en Nueva York en la ENDA en 2015 (en este periodo se trataba de del Iheap Nueva York).<\/p>\n\n\n\n<p><strong>Andr\u00e9 Eric L\u00e9tourneau<br><\/strong>Maniobrero y artista del patrimonio cultural inmaterial. Artista, antiguo miembro del comit\u00e9 de evaluaci\u00f3n para las Nuevas pr\u00e1cticas art\u00edsticas en el Consejo de artes de Montreal y profesor a la Universidad de Quebec a Montr\u00e9al.<\/p>\n\n\n\n<p><strong>Bernard Brunon<br><\/strong>That\u2019s Painting Productions. Artista que al principio intentaba producir obras que salieron de los c\u00f3digos establecimiento por la historia del arte, al final decidi\u00f3 finalmente fundar su pr\u00e1ctica art\u00edstica en la pintura de paredes que estima como el ultimo grado de la pintura.<\/p>\n\n\n\n<p><strong>Ghislain Mollet-Vi\u00e9ville<br><\/strong>Representante en arte y consejero. Cr\u00edtico de arte, miembro de la asociaci\u00f3n internacional de los cr\u00edticos de artes (AICA). Experto honorario en la Cour d\u2019Appel de Paris.<\/p>\n\n\n\n<p><strong>Lo\u00efc Depecker<br><\/strong>Ling\u00fcista y termin\u00f3logo. Preisdente y fundador de la Sociedad francesa de terminolog\u00eda. Profesor y director de investigaci\u00f3n (ciencia del lenguaje) en la Universidad de Par\u00eds Sorbonne (Paris III). Consejero en la Comisi\u00f3n europea (DG XIII) (1996-2006).<\/p>\n\n\n\n<p><strong>Gilles Cl\u00e9ment<br><\/strong>Profesor en el Colegio de Francia (Coll\u00e8ge de France) y en la Escuela del paisaje de Versailles. Autor de trabajos y nociones influyentes los actores del paisaje a final del siglo XX alrededor de la noci\u00f3n de \u201ctiers-paysaje\u201d.<\/p>\n\n\n\n<p><strong>Anne Steiner<br><\/strong>Profesora titular en el Departamento de sociolog\u00eda de la Universidad Par\u00eds Oeste Nanterre. Sus investigaciones se centran por un lado en la lucha armada en Alama\u00f1a del Oeste durante los a\u00f1os 70 y por otro lado sobre el movimiento anarquista individualista. Contribue a la revista \u201cArticle 11\u201d.<\/p>\n\n\n\n<p><strong>Christian Ruby<br><\/strong>Filosofo. Colaborador en la asociaci\u00f3n PAC (Presencia y acci\u00f3n Culutral) y colaborador regular en el Observatorio de pol\u00edticas culturales. Director de la revista Raison Pr\u00e9sente.<\/p>\n\n\n\n<p><strong>Guillaume Aubry<br><\/strong>Guillaume Aubry es artista y arquitecta. Con los arquitectos Cyril Gauthier e Yves Pasquet, fundi\u00f3 el estudio de arquitectura Freaks en Par\u00eds &#8211; freaksfreearchitects.com \u2013 Fue practicante en la ENDA (sesi\u00f3n VIII, 2012-2014 del Iheap) y se convirti\u00f3 en orador despu\u00e9s.<\/p>\n\n\n\n<p><strong>Steven Wright<br><\/strong>Cr\u00edtico de arte, comisario de exposici\u00f3n. Se involucr\u00f3 en el equipo de direcci\u00f3n del Colegio de la Bienal de Par\u00eds de 2009 a 2010 (antes de la ENDA).<\/p>\n\n\n\n<p><strong>Alain Farfall<br><\/strong>Periodista, cr\u00edtico de arte. Profesor de cultural general en el Instituto de Artes de Aplicados de Montpellier.<\/p>\n\n\n\n<p><strong>Jean-Baptiste Farkas<br><\/strong>Act\u00faa con las identitdades IKH\u00c9A\u00a9SERVICES, Glitch (Beaucoup plus de moins). Presidente de la Amical de la Bienal de Paris. Era miembro del equipo que lanz\u00f3 de nuevo el Instituto de Altos estudios en artes pl\u00e1sticos (Iheap) en 2012.<\/p>\n\n\n\n<p><strong>Francesco Masci<br><\/strong>Filosofo. Publicaciones: L\u2019ordre r\u00e8gne \u00e0 Berlin ed. Allia, 2013. Entertainment ! Apologie de la domination, ed. Allia, 2011. Superstitions, ed. Allia, 2005.<\/p>\n\n\n\n<p><strong>C\u00e9dric Mong-Hy<br><\/strong>Investigador interdisciplicnario. Director de investigaci\u00f3n en la Escuela Superior de Arte de la Reuni\u00f3n. Orador y director de la investigaci\u00f3n en el Instituto de Altos Estudios en artes pl\u00e1sticos (Iheap) (que se converti\u00f3 en la ENDA), en 2014 con la LDRE \u201cGastos\u201d.<\/p>\n\n\n\n<p><strong>Simon Teroy<br><\/strong>Entrenador-artista. Propone como producci\u00f3n de arte actividades f\u00edsicas como acciones comando o juegos de estrategia lo que conllev\u00f3 usar varias identidades.<\/p>\n\n\n\n<p><strong>Marine Legrand<br><\/strong>Doctoranda en el Museum Nacional de Historial Natural (Conservasi\u00f3n de los especies, restauraci\u00f3n y seguimiento de las poblaciones).<\/p>\n\n\n\n<p><strong>Philippe Mairesse<br><\/strong>Fundador de la plataforma Acces Local, desarrolla conceptos y m\u00e9todos de intervenci\u00f3n basados en el arte para empresas, organizaciones en cuanto a cuestiones de visi\u00f3n estrat\u00e9gica, de innovaci\u00f3n, de desarrollo potencial, de managment de las actividades para la convivencia en el trabajo.<\/p>\n","protected":false},"excerpt":{"rendered":"<p>Im-another-LazyartistArtista que act\u00faa gracias al apodo Im-another-Lazyartist que escribe un diario donde explica las razones por las cuales no produce obras de artes. Las razones invocaadas son cada vez diferentes y se componen como una riqueza de posibilidad del tras-obra. Rose Marie BarrientosCr\u00edtica e historiadora del arte. Investigador en la universidad de Paris I Panth\u00e9on-Sorbonne, [&hellip;]<\/p>\n","protected":false},"author":1,"featured_media":0,"parent":0,"menu_order":0,"comment_status":"closed","ping_status":"closed","template":"","meta":{"_coblocks_attr":"","_coblocks_dimensions":"","_coblocks_responsive_height":"","_coblocks_accordion_ie_support":"","footnotes":""},"_links":{"self":[{"href":"https:\/\/www.enda.fr\/es\/wp-json\/wp\/v2\/pages\/3799"}],"collection":[{"href":"https:\/\/www.enda.fr\/es\/wp-json\/wp\/v2\/pages"}],"about":[{"href":"https:\/\/www.enda.fr\/es\/wp-json\/wp\/v2\/types\/page"}],"author":[{"embeddable":true,"href":"https:\/\/www.enda.fr\/es\/wp-json\/wp\/v2\/users\/1"}],"replies":[{"embeddable":true,"href":"https:\/\/www.enda.fr\/es\/wp-json\/wp\/v2\/comments?post=3799"}],"version-history":[{"count":17,"href":"https:\/\/www.enda.fr\/es\/wp-json\/wp\/v2\/pages\/3799\/revisions"}],"predecessor-version":[{"id":4512,"href":"https:\/\/www.enda.fr\/es\/wp-json\/wp\/v2\/pages\/3799\/revisions\/4512"}],"wp:attachment":[{"href":"https:\/\/www.enda.fr\/es\/wp-json\/wp\/v2\/media?parent=3799"}],"curies":[{"name":"wp","href":"https:\/\/api.w.org\/{rel}","templated":true}]}}