{"id":3817,"date":"2020-03-01T13:31:13","date_gmt":"2020-03-01T12:31:13","guid":{"rendered":"http:\/\/www.enda.fr\/?page_id=3817"},"modified":"2021-02-05T13:26:15","modified_gmt":"2021-02-05T12:26:15","slug":"criterios-de-admision","status":"publish","type":"page","link":"https:\/\/www.enda.fr\/es\/criterios-de-admision\/","title":{"rendered":"Criterios de admisi\u00f3n"},"content":{"rendered":"\n<p>La admisi\u00f3n en la escuela se realiza con la base de un \u00fanico criterio principal: la motivaci\u00f3n del candidato.<\/p>\n\n\n\n<p>Otros criterios de admisi\u00f3n se toman en cuenta dentro de los cuales:<\/p>\n\n\n\n<p>&#8211; la polivalencia del candidato;\u00a0<br>&#8211; la apertura de esp\u00edritu;\u00a0<br>&#8211; su curiosidad;<br>&#8211; su disponibilidad;\u00a0<br>&#8211; su capacidad de adaptaci\u00f3n y de evoluci\u00f3n en los entornos internacionales y multiculturales; \u00a0<br>&#8211; su aptitud al trabajo colaborativo;\u00a0<br>&#8211; su potencial;\u00a0<br>&#8211; su personalidad;\u00a0<br>&#8211; su apetencia para la experimentaci\u00f3n y el riesgo.\u00a0<\/p>\n","protected":false},"excerpt":{"rendered":"<p>La admisi\u00f3n en la escuela se realiza con la base de un \u00fanico criterio principal: la motivaci\u00f3n del candidato. Otros criterios de admisi\u00f3n se toman en cuenta dentro de los cuales: &#8211; la polivalencia del candidato;\u00a0&#8211; la apertura de esp\u00edritu;\u00a0&#8211; su curiosidad;&#8211; su disponibilidad;\u00a0&#8211; su capacidad de adaptaci\u00f3n y de evoluci\u00f3n en los entornos internacionales [&hellip;]<\/p>\n","protected":false},"author":1,"featured_media":0,"parent":0,"menu_order":0,"comment_status":"closed","ping_status":"closed","template":"","meta":{"_coblocks_attr":"","_coblocks_dimensions":"","_coblocks_responsive_height":"","_coblocks_accordion_ie_support":"","footnotes":""},"_links":{"self":[{"href":"https:\/\/www.enda.fr\/es\/wp-json\/wp\/v2\/pages\/3817"}],"collection":[{"href":"https:\/\/www.enda.fr\/es\/wp-json\/wp\/v2\/pages"}],"about":[{"href":"https:\/\/www.enda.fr\/es\/wp-json\/wp\/v2\/types\/page"}],"author":[{"embeddable":true,"href":"https:\/\/www.enda.fr\/es\/wp-json\/wp\/v2\/users\/1"}],"replies":[{"embeddable":true,"href":"https:\/\/www.enda.fr\/es\/wp-json\/wp\/v2\/comments?post=3817"}],"version-history":[{"count":5,"href":"https:\/\/www.enda.fr\/es\/wp-json\/wp\/v2\/pages\/3817\/revisions"}],"predecessor-version":[{"id":4530,"href":"https:\/\/www.enda.fr\/es\/wp-json\/wp\/v2\/pages\/3817\/revisions\/4530"}],"wp:attachment":[{"href":"https:\/\/www.enda.fr\/es\/wp-json\/wp\/v2\/media?parent=3817"}],"curies":[{"name":"wp","href":"https:\/\/api.w.org\/{rel}","templated":true}]}}