{"id":3867,"date":"2020-03-01T17:41:58","date_gmt":"2020-03-01T16:41:58","guid":{"rendered":"http:\/\/www.enda.fr\/?page_id=3867"},"modified":"2020-03-01T17:57:19","modified_gmt":"2020-03-01T16:57:19","slug":"survivre-a-l-art","status":"publish","type":"page","link":"https:\/\/www.enda.fr\/es\/survivre-a-l-art\/","title":{"rendered":"Survivre \u00e0 l&#8217;art"},"content":{"rendered":"\n<p>Il s\u2019agit d\u2019une exp\u00e9rience qui propose d\u2019enfermer ses participants dans une \u00e9cole d\u2019art \u00e0 Bruxelles pendant deux jours du 18 au 20 mai 2017. <\/p>\n\n\n\n<p>Le but est de tester les capacit\u00e9s physiques et mentales de survie des participants, artistes ou\/et plus g\u00e9n\u00e9ralement des acteurs du monde de l\u2019art. L\u2019exp\u00e9rience validera ou invalidera la n\u00e9cessit\u00e9 de survie dans, \u00e0, avec, sans, \u2026 sa pratique.<\/p>\n\n\n\n<p>Le projet \u00e0 \u00e9t\u00e9 \u00e9labor\u00e9 par Lola Martins-Coignus et Jean Casanova Castell, \u00e9tudiants \u00e0 l\u2019Acad\u00e9mie Royale des Beaux-Arts de Bruxelles, en collaboration avec les praticien(ne)s de l\u2019\u00c9cole nationale d\u2019art (ENDA), ainsi que des personnes ext\u00e9rieures.<\/p>\n\n\n\n<p>Les premiers participants \u00e0 cette exp\u00e9rience extr\u00eame :<\/p>\n\n\n\n<ul><li>Gary Bigot, thermo-hygrom\u00e9trie,<\/li><li>Ars\u00e8ne Caens, chercheur en anthropologie \u00e0 l\u2019\u00c9cole des Hautes Etudes en Sciences Sociales (EHESS),<\/li><li>Jean Casanova Castell, \u00e9tudiant aux Beaux-Arts de Bruxelles,<\/li><li>No\u00e9mie Coudray, cr\u00e9atrice de passerelles fluides,<\/li><li>B\u00e9atrice Darmagnac, directrice de l\u2019Observatoire des R\u00e9alit\u00e9s Organis\u00e9es (ORO),<\/li><li>Ludovic de Vita, directeur de l\u2019Institut de Recherches en Anthropologie de la Singularit\u00e9 (IRISA),<\/li><li>Alexandre Gurita, strat\u00e8ge dans le secteur de l\u2019art,<\/li><li>Antoine Legrand, r\u00e9dacteur en chef du Daily Chaos,<\/li><li>Lola Martins-Coignus, \u00e9tudiante aux Beaux-Arts de Bruxelles,<\/li><li>Baptiste Pays, responsable des programmes \u00e0 l\u2019ENDA,<\/li><li>Marie Roussel, Absence-Pr\u00e9sente,<\/li><li>Alain Sirvent, erratographe,<\/li><li>Olivier St\u00e9venart, technicien de surface et ambassadeur (OSTSA).<\/li><\/ul>\n\n\n\n<p>En invitant les participants \u00e0 d\u00e9placer leurs propres pratiques, il s\u2019agira de les mettre \u00e0 l\u2019\u00e9preuve, et plus seulement \u00e0 celle de l\u2019art.<\/p>\n\n\n\n<p>La survie s\u2019effectuera dans trois \u00ab mondes \u00bb construits collectivement :<\/p>\n\n\n\n<ul><li>monde #1 : un monde consensuel (le monde sp\u00e9cifique \u00e0 sa pratique),<\/li><li>monde #2 : un monde pr\u00e9caire (le monde vu par le prisme de sa pratique),<\/li><li>monde #3 : un monde d\u00e9localis\u00e9 (le monde #1 plus le monde #2 plus le reste du monde).<\/li><\/ul>\n\n\n\n<p>L\u2019exp\u00e9rience propos\u00e9e tente par l\u00e0 m\u00eame, de revenir sur les contours et l\u2019action d\u2019une \u00e9cole d\u2019art et de ses finalit\u00e9s.<\/p>\n\n\n\n<p>Ces mondes constitueront le cadre des \u00e9changes entre les survivants. Ils seront \u00e9galement le terrain d\u2019exp\u00e9rimentation de strat\u00e9gies de circulation, et d\u2019outils de survie.<\/p>\n\n\n\n<p>L\u2019exp\u00e9rience se conclura par une fuite de l\u2019\u00e9cole.<\/p>\n\n\n\n<p><\/p>\n","protected":false},"excerpt":{"rendered":"<p>Il s\u2019agit d\u2019une exp\u00e9rience qui propose d\u2019enfermer ses participants dans une \u00e9cole d\u2019art \u00e0 Bruxelles pendant deux jours du 18 au 20 mai 2017. Le but est de tester les capacit\u00e9s physiques et mentales de survie des participants, artistes ou\/et plus g\u00e9n\u00e9ralement des acteurs du monde de l\u2019art. L\u2019exp\u00e9rience validera ou invalidera la n\u00e9cessit\u00e9 de [&hellip;]<\/p>\n","protected":false},"author":1,"featured_media":0,"parent":0,"menu_order":0,"comment_status":"closed","ping_status":"closed","template":"","meta":{"_coblocks_attr":"","_coblocks_dimensions":"","_coblocks_responsive_height":"","_coblocks_accordion_ie_support":"","footnotes":""},"_links":{"self":[{"href":"https:\/\/www.enda.fr\/es\/wp-json\/wp\/v2\/pages\/3867"}],"collection":[{"href":"https:\/\/www.enda.fr\/es\/wp-json\/wp\/v2\/pages"}],"about":[{"href":"https:\/\/www.enda.fr\/es\/wp-json\/wp\/v2\/types\/page"}],"author":[{"embeddable":true,"href":"https:\/\/www.enda.fr\/es\/wp-json\/wp\/v2\/users\/1"}],"replies":[{"embeddable":true,"href":"https:\/\/www.enda.fr\/es\/wp-json\/wp\/v2\/comments?post=3867"}],"version-history":[{"count":3,"href":"https:\/\/www.enda.fr\/es\/wp-json\/wp\/v2\/pages\/3867\/revisions"}],"predecessor-version":[{"id":3877,"href":"https:\/\/www.enda.fr\/es\/wp-json\/wp\/v2\/pages\/3867\/revisions\/3877"}],"wp:attachment":[{"href":"https:\/\/www.enda.fr\/es\/wp-json\/wp\/v2\/media?parent=3867"}],"curies":[{"name":"wp","href":"https:\/\/api.w.org\/{rel}","templated":true}]}}