{"id":3884,"date":"2020-03-01T18:51:44","date_gmt":"2020-03-01T17:51:44","guid":{"rendered":"http:\/\/www.enda.fr\/?page_id=3884"},"modified":"2021-02-08T01:47:06","modified_gmt":"2021-02-08T00:47:06","slug":"ex","status":"publish","type":"page","link":"https:\/\/www.enda.fr\/es\/ex\/","title":{"rendered":"Ex"},"content":{"rendered":"\n<p>La ENDA desarrolla proyectos de cooperaci\u00f3n con otras instituciones que pueden ser puntuales, de tres horas m\u00ednimum, en este caso se trata de MEx (M\u00f3dulos Externos de investigaci\u00f3n y de experimentaci\u00f3n). Las cooperaciones con otras instituciones pueden inscribirse en una duraci\u00f3n de un a\u00f1o o m\u00e1s, en este caso se tratan de PEx (Programa Externo de investigaci\u00f3n y de experimentaci\u00f3n).<\/p>\n\n\n\n<h3 class=\"wp-block-heading\">MEx<\/h3>\n\n\n\n<p>Un M\u00f3dulo Externo de investigaci\u00f3n y de experimentaci\u00f3n (MEx) es un m\u00f3dulo que busca a poner en pr\u00e1ctica y a profundizar una problem\u00e1tica vinculada a una L\u00ednea de investigaci\u00f3n y de experimentaci\u00f3n (LDRE) de la ENDA. La duraci\u00f3n de base de un MEx es de tres horas. La ENDA organiza los MEx en las instituciones de acoge sobre invitaci\u00f3n.\u00a0<\/p>\n\n\n\n<h3 class=\"wp-block-heading\">PEx<\/h3>\n\n\n\n<p>Un Programa Externo de investigaci\u00f3n y de experimentaci\u00f3n (PEx) es un conjunto compuesto de varios MEx organizado en otras instituciones. Un PEx se puede coorganizar con una instituci\u00f3n de acoge. El inter\u00e9s de una escuela o de otra instituci\u00f3n de acoger un PEx consiste en una reflexi\u00f3n de los estudiantes en problem\u00e1ticas con los cuales se enfrentan en su trayectoria personal y que no se tratan en la escuela: pr\u00e1cticas invisuales (sin obras de arte o objeto y sin imagen o visual), terminolog\u00eda (formulaci\u00f3n de nuevos t\u00e9rminos para realidades en el arte que no tienen nombre, ejercicio de terminolog\u00eda), alter-econom\u00edas (modelos econ\u00f3micos alternativos al mercado del arte) o estrategias (introducci\u00f3n a la estrategia en el arte). Un PEx puede ser un complemento al programa de la escuela o de la instituci\u00f3n de acoge.\u00a0<\/p>\n","protected":false},"excerpt":{"rendered":"<p>La ENDA desarrolla proyectos de cooperaci\u00f3n con otras instituciones que pueden ser puntuales, de tres horas m\u00ednimum, en este caso se trata de MEx (M\u00f3dulos Externos de investigaci\u00f3n y de experimentaci\u00f3n). Las cooperaciones con otras instituciones pueden inscribirse en una duraci\u00f3n de un a\u00f1o o m\u00e1s, en este caso se tratan de PEx (Programa Externo [&hellip;]<\/p>\n","protected":false},"author":1,"featured_media":0,"parent":0,"menu_order":0,"comment_status":"closed","ping_status":"closed","template":"","meta":{"_coblocks_attr":"","_coblocks_dimensions":"","_coblocks_responsive_height":"","_coblocks_accordion_ie_support":"","footnotes":""},"_links":{"self":[{"href":"https:\/\/www.enda.fr\/es\/wp-json\/wp\/v2\/pages\/3884"}],"collection":[{"href":"https:\/\/www.enda.fr\/es\/wp-json\/wp\/v2\/pages"}],"about":[{"href":"https:\/\/www.enda.fr\/es\/wp-json\/wp\/v2\/types\/page"}],"author":[{"embeddable":true,"href":"https:\/\/www.enda.fr\/es\/wp-json\/wp\/v2\/users\/1"}],"replies":[{"embeddable":true,"href":"https:\/\/www.enda.fr\/es\/wp-json\/wp\/v2\/comments?post=3884"}],"version-history":[{"count":7,"href":"https:\/\/www.enda.fr\/es\/wp-json\/wp\/v2\/pages\/3884\/revisions"}],"predecessor-version":[{"id":4592,"href":"https:\/\/www.enda.fr\/es\/wp-json\/wp\/v2\/pages\/3884\/revisions\/4592"}],"wp:attachment":[{"href":"https:\/\/www.enda.fr\/es\/wp-json\/wp\/v2\/media?parent=3884"}],"curies":[{"name":"wp","href":"https:\/\/api.w.org\/{rel}","templated":true}]}}