{"id":3911,"date":"2020-03-01T23:37:50","date_gmt":"2020-03-01T22:37:50","guid":{"rendered":"http:\/\/www.enda.fr\/?page_id=3911"},"modified":"2021-02-08T00:50:10","modified_gmt":"2021-02-07T23:50:10","slug":"24-24","status":"publish","type":"page","link":"https:\/\/www.enda.fr\/es\/24-24\/","title":{"rendered":"24\/24"},"content":{"rendered":"\n<h3 class=\"wp-block-heading\"><strong><strong>Versi\u00f3n at\u00f3mica\u00a0<\/strong><\/strong><\/h3>\n\n\n\n<p>La versi\u00f3n at\u00f3mica de la ENDA es un compendio de m\u00f3dulos de trabajo que se siguen en una duraci\u00f3n de 24 horas no stop.&nbsp;<\/p>\n\n\n\n<p>Esta versi\u00f3n ultra-compactada de la escuela permite a los participantes de descubrir y experimentar el ambiente de la ENDA, y tambi\u00e9n de formular integralmente un proyecto. La realizaci\u00f3n del proyecto se incluye en el programa y sigue despu\u00e9s del fin de la escuela en autonom\u00eda.&nbsp;<\/p>\n\n\n\n<p>El programa se compone de ocho m\u00f3dulos de trabajo te\u00f3rico y pr\u00e1ctico de tres horas cada uno con el equipo de la EDNA y oradores externos. Los oradores vienen su sector del arte o de otros sectores de actividades.&nbsp;<\/p>\n\n\n\n<p>Tras el fin de la escuela, se redacta un informe de balance para resumir el trabajo efectuado durante estas 24 horas. Se env\u00eda a cada uno de los participantes. La ENDA entrega tambi\u00e9n un certificado de formaci\u00f3n y de investigaci\u00f3n.&nbsp;<\/p>\n\n\n\n<p>La escuela intentar\u00e1 valorizar, adapt\u00e1ndose a los casos particulares, los proyectos de los participantes gracias a invitaciones a la Bienal de Par\u00eds y\/o a sus proyectos como los de sus socios en Francia o a nivel internacional.&nbsp;<\/p>\n\n\n\n<h3 class=\"wp-block-heading\"><strong>El programa de 24 horas<\/strong><\/h3>\n\n\n\n<h4 class=\"wp-block-heading\"><strong>Modulo 1\u00a0<\/strong><\/h4>\n\n\n\n<p>Parte 1<br><strong>Invisual (Ida)\u00a0<\/strong><br>Una introducci\u00f3n al invisual y al esp\u00edritu que le caracteriza y sus retos a nivel del arte, seguimiento de ejemplos de practicas art\u00edsticas a nivel invisual.\u00a0<\/p>\n\n\n\n<p>Parte 2<br><strong>Invisual (Vuelta)<\/strong><br>Los participantes reaccionan: discusiones y vueltas.\u00a0<\/p>\n\n\n\n<h4 class=\"wp-block-heading\"><strong>Modulo 2<\/strong><\/h4>\n\n\n\n<p>Parte 1<br><strong>La singularidad<\/strong><br>Una introducic\u00f3n a la singularidad, sus varias interpretaciones y las modalidades de aplicaci\u00f3n a su acci\u00f3n m\u00e1s all\u00e1 de la originalidad.<\/p>\n\n\n\n<p>Parte 2<br><strong>Pr\u00e1cticar la instituci\u00f3n<\/strong><br>\u00bfQu\u00e9 se puede hacer con una instituci\u00f3n art\u00edstica hoy? \u00bfSe puede considerar la instituci\u00f3n art\u00edstica como un formato como tal?\u00a0<\/p>\n\n\n\n<h4 class=\"wp-block-heading\"><strong>Modulo 3<\/strong><\/h4>\n\n\n\n<p>Parte 1<br><strong>Problem\u00e1tica<\/strong><br>Redacci\u00f3n de una problem\u00e1tica o de una cuesti\u00f3n que es fundamental para los participantes y que refleja sus singularidades o sus elecciones.<\/p>\n\n\n\n<p>Parte 2<br><strong>Termino vector<\/strong><br>Definici\u00f3n de una palabra o de una noci\u00f3n clave que puede caracterizar la repuesta de los participantes a la problem\u00e1tica.<\/p>\n\n\n\n<p>Parte 3<br><strong>Definici\u00f3n del proyecto<\/strong><br>Formulaci\u00f3n de un proyecto seg\u00fan una metodolog\u00eda especifica revelada en el propio lugar.<\/p>\n\n\n\n<p>Parte 4<br><strong>\u00ab Ajustements \u00bb (Ajustes)<\/strong><br>Trabajo de inteligencia colectiva para ajustar la definici\u00f3n de cada proyecto seg\u00fan una metodolog\u00eda consagrada.<\/p>\n\n\n\n<p>Parte 5<br><strong>\u00ab Approche \u00bb (Aproximaci\u00f3n)<\/strong><br>\u00bfC\u00f3mo los participantes pueden realizar sus proyectos\u00a0?<\/p>\n\n\n\n<h4 class=\"wp-block-heading\"><strong>Modulo 4<\/strong><\/h4>\n\n\n\n<p>Parte 1<br><strong>Pl\u00e1n<\/strong><br>Las grandes etapas de la realizaci\u00f3n del proyecto.<\/p>\n\n\n\n<p>Parte 2<br><strong>Contornos<\/strong><br>Formular los par\u00e1metros del proyecto\u00a0: su econom\u00eda, su difusi\u00f3n, su estrategia, los recursos necesarios a la realizaci\u00f3n del proyecto.\u00a0<\/p>\n\n\n\n<h4 class=\"wp-block-heading\"><strong>Modulo 5<\/strong><\/h4>\n\n\n\n<p><strong>\u00ab Ajustements \u00bb (Ajustes)<\/strong><br>Discussions libres y ajustes.<\/p>\n\n\n\n<h4 class=\"wp-block-heading\"><strong>Modulo 6<\/strong><\/h4>\n\n\n\n<p>Parte 1<br><strong>D\u00ednamica inclusiva<\/strong><br>El proyecto ser\u00e1 objeto de presentaciones y debates dirigidos por los participantes.<\/p>\n\n\n\n<p>Parte 2<br><strong>Entrega<\/strong><br>Los participantes proporcionan una entrega del proyecto. El objetivo ser\u00e1 medir la ejecuci\u00f3n del proyecto, sus puntos fuertes y d\u00e9biles, y su posible evoluci\u00f3n. Con la ayuda de un formulario est\u00e1ndar, cada participante escribe un informe sobre su proyecto.<\/p>\n\n\n\n<h4 class=\"wp-block-heading\"><strong>Modulo 7<\/strong><\/h4>\n\n\n\n<p><strong>Hospitalidad<\/strong><br>Tiempo fuera del proyecto organizado con los participantes.\u00a0<\/p>\n\n\n\n<h4 class=\"wp-block-heading\"><strong>Modulo 8<\/strong><\/h4>\n\n\n\n<p><strong>Invitaci\u00f3n<\/strong><br>Una persona externa se invita y entra en interacci\u00f3n con los participantes<br><br><strong>Conclusion<\/strong><br>En una media hora de discusi\u00f3n se tratan de las experiencias en el tiempo de trabajo intensivo e inhabitual.\u00a0<\/p>\n\n\n\n<h3 class=\"wp-block-heading\"><strong><strong>Desarrollo<\/strong><\/strong><\/h3>\n\n\n\n<p>La escuela se desarrolla del d\u00eda 1 mediod\u00eda al d\u00eda 2 mediod\u00eda. &nbsp;<\/p>\n\n\n\n<p>Los participantes disponen entonces de 24 horas para realizar la totalidad del programa. No se puede quitar y volver ante de su conclusi\u00f3n.&nbsp;<\/p>\n\n\n\n<p>Cada participante beneficia de un cr\u00e9dito de sue\u00f1o a definir que puede usar de manera libre durante las 24 horeas. Las pausas que pueden puntuar el programa se reservan a la evaluaci\u00f3n del Estado f\u00edsico y mental de los participantes.&nbsp;<\/p>\n\n\n\n<p>En una idea de confort y de reparaci\u00f3n personal, la restauraci\u00f3n est\u00e1 a la carga de los participantes. La escuela solo abastece en caf\u00e9 y t\u00e9.<\/p>\n\n\n\n<h3 class=\"wp-block-heading\"><strong>Admisi\u00f3n<\/strong><\/h3>\n\n\n\n<p>La admisi\u00f3n a la escuela at\u00f3mica de la ENDA se efect\u00faa por escrito en el secretario. Ning\u00fan requisito previo para la admisi\u00f3n es necesario para enviar una solicitud.<\/p>\n\n\n\n<p>Un jurado estudia las candidaturas que decida y responde a los candidatos y candidatas 24 horas tras la fecha limite de deposito de las candidaturas.&nbsp;<\/p>\n\n\n\n<p>El n\u00famero de participantes es limitado y se invitan a enviar las candidaturas lo m\u00e1s temprano posible.&nbsp;<\/p>\n\n\n\n<h3 class=\"wp-block-heading\"><strong>Informaci\u00f3n pr\u00e1ctica<\/strong><\/h3>\n\n\n\n<p>La estructura de acogida, los participantes o un tercero asumen los costes de la escuela 24\/24 de la ENDA. Los idiomas de trabajo son el franc\u00e9s, el ingl\u00e9s, el idioma del pa\u00eds de acoge si fuera necesario.<\/p>\n","protected":false},"excerpt":{"rendered":"<p>Versi\u00f3n at\u00f3mica\u00a0 La versi\u00f3n at\u00f3mica de la ENDA es un compendio de m\u00f3dulos de trabajo que se siguen en una duraci\u00f3n de 24 horas no stop.&nbsp; Esta versi\u00f3n ultra-compactada de la escuela permite a los participantes de descubrir y experimentar el ambiente de la ENDA, y tambi\u00e9n de formular integralmente un proyecto. La realizaci\u00f3n del [&hellip;]<\/p>\n","protected":false},"author":1,"featured_media":0,"parent":0,"menu_order":0,"comment_status":"closed","ping_status":"closed","template":"","meta":{"_coblocks_attr":"","_coblocks_dimensions":"","_coblocks_responsive_height":"","_coblocks_accordion_ie_support":"","footnotes":""},"_links":{"self":[{"href":"https:\/\/www.enda.fr\/es\/wp-json\/wp\/v2\/pages\/3911"}],"collection":[{"href":"https:\/\/www.enda.fr\/es\/wp-json\/wp\/v2\/pages"}],"about":[{"href":"https:\/\/www.enda.fr\/es\/wp-json\/wp\/v2\/types\/page"}],"author":[{"embeddable":true,"href":"https:\/\/www.enda.fr\/es\/wp-json\/wp\/v2\/users\/1"}],"replies":[{"embeddable":true,"href":"https:\/\/www.enda.fr\/es\/wp-json\/wp\/v2\/comments?post=3911"}],"version-history":[{"count":7,"href":"https:\/\/www.enda.fr\/es\/wp-json\/wp\/v2\/pages\/3911\/revisions"}],"predecessor-version":[{"id":4560,"href":"https:\/\/www.enda.fr\/es\/wp-json\/wp\/v2\/pages\/3911\/revisions\/4560"}],"wp:attachment":[{"href":"https:\/\/www.enda.fr\/es\/wp-json\/wp\/v2\/media?parent=3911"}],"curies":[{"name":"wp","href":"https:\/\/api.w.org\/{rel}","templated":true}]}}