{"id":3923,"date":"2020-03-02T06:00:34","date_gmt":"2020-03-02T05:00:34","guid":{"rendered":"http:\/\/www.enda.fr\/?page_id=3923"},"modified":"2021-02-08T01:41:54","modified_gmt":"2021-02-08T00:41:54","slug":"metodologias","status":"publish","type":"page","link":"https:\/\/www.enda.fr\/es\/metodologias\/","title":{"rendered":"Metodolog\u00edas"},"content":{"rendered":"\n<p>La ENDA desarroll\u00f3 a lo largo de los a\u00f1os varias metodolog\u00edas de trabajo \u00fanicos al mundo, a lo menos por que concierne las escuelas de arte. Adem\u00e1s, sus metodolog\u00edas se constituyen como una parte fuerte de su identidad.&nbsp;<\/p>\n\n\n\n<p>Sus metodolog\u00edas de trabaja se construyen, se estructuran, se aplican a trav\u00e9s de la LDRE Metodolog\u00edas. Son evolutivas.&nbsp;<\/p>\n\n\n\n<p>Son seis de sus principios metodol\u00f3gicos:&nbsp;<\/p>\n\n\n\n<h3 class=\"wp-block-heading\"><strong>El modo proceso y proyecto (Le mode d\u00e9marche et projet)\u00a0<\/strong><\/h3>\n\n\n\n<p>Considerara la pr\u00e1ctica del arte bajo el enfoque del proceso y del proyecto. El proceso es una l\u00ednea \u00e9tica a escala de una vida y el proyecto una de sus materializaciones puntuales.\u00a0<\/p>\n\n\n\n<h3 class=\"wp-block-heading\"><strong>La agilidad<\/strong><\/h3>\n\n\n\n<p>Lo que se formula, lo es de manera r\u00e1pida, se expresa de manera clara y sucinta. La limitaci\u00f3n a 280 caracteres por la definici\u00f3n de los procesos y de proyectos permite un enfoque \u00e1gil y pertinente.<\/p>\n\n\n\n<h3 class=\"wp-block-heading\"><strong>La inteligencia colectiva<\/strong><\/h3>\n\n\n\n<p>Al contrario de lo que se realiza en las escuelas de artes acad\u00e9micas, en la ENDA, cada uno trabaja con y para cada uno en un esp\u00edritu de inteligencia colectiva. Lo que se formula por un practicante, se verifica, se ajusta y se mejora gracias a los otros.\u00a0<\/p>\n\n\n\n<h3 class=\"wp-block-heading\"><strong>La integralidad<\/strong><\/h3>\n\n\n\n<p>Un proyecto art\u00edstico no se considera como un arte puro\u2026 Se trata en una cierta integralidad. Cuando formula un proyecto art\u00edstico, se formula tambi\u00e9n su econom\u00eda, su terminolog\u00eda, su sociabilidad, su estatuto administrativo, jur\u00eddico, fiscal, sus recursos humanos, su estrateg\u00eda.\u00a0<\/p>\n\n\n\n<h3 class=\"wp-block-heading\"><strong>La transversalidad<\/strong><\/h3>\n\n\n\n<p>Los grupos de trabajo son heterog\u00e9neos, multiculturales, intergeneracionales y trans-sectoriales. Esta enorme riqueza se comparte de manera reciproca en los grupos de practicantes se encuentra enriquecida por alteridad, por los profesionales, los estatutos, las funciones, las experiencias de otros miembros del grupo.<\/p>\n\n\n\n<h3 class=\"wp-block-heading\"><strong>La horizontalidad<\/strong><\/h3>\n\n\n\n<p>No hay ninguna jerarqu\u00eda de autoridad de maestro a alumnos dentro de los grupos de investigaciones y los participantes trabajan de manera conjunta en una l\u00f3gica horizontal, un practicante que ocupa una funci\u00f3n comparte su experiencia con un practicante sus experiencias en este \u00e1mbito.\u00a0<\/p>\n","protected":false},"excerpt":{"rendered":"<p>La ENDA desarroll\u00f3 a lo largo de los a\u00f1os varias metodolog\u00edas de trabajo \u00fanicos al mundo, a lo menos por que concierne las escuelas de arte. Adem\u00e1s, sus metodolog\u00edas se constituyen como una parte fuerte de su identidad.&nbsp; Sus metodolog\u00edas de trabaja se construyen, se estructuran, se aplican a trav\u00e9s de la LDRE Metodolog\u00edas. Son [&hellip;]<\/p>\n","protected":false},"author":1,"featured_media":0,"parent":0,"menu_order":0,"comment_status":"closed","ping_status":"closed","template":"","meta":{"_coblocks_attr":"","_coblocks_dimensions":"","_coblocks_responsive_height":"","_coblocks_accordion_ie_support":"","footnotes":""},"_links":{"self":[{"href":"https:\/\/www.enda.fr\/es\/wp-json\/wp\/v2\/pages\/3923"}],"collection":[{"href":"https:\/\/www.enda.fr\/es\/wp-json\/wp\/v2\/pages"}],"about":[{"href":"https:\/\/www.enda.fr\/es\/wp-json\/wp\/v2\/types\/page"}],"author":[{"embeddable":true,"href":"https:\/\/www.enda.fr\/es\/wp-json\/wp\/v2\/users\/1"}],"replies":[{"embeddable":true,"href":"https:\/\/www.enda.fr\/es\/wp-json\/wp\/v2\/comments?post=3923"}],"version-history":[{"count":9,"href":"https:\/\/www.enda.fr\/es\/wp-json\/wp\/v2\/pages\/3923\/revisions"}],"predecessor-version":[{"id":4588,"href":"https:\/\/www.enda.fr\/es\/wp-json\/wp\/v2\/pages\/3923\/revisions\/4588"}],"wp:attachment":[{"href":"https:\/\/www.enda.fr\/es\/wp-json\/wp\/v2\/media?parent=3923"}],"curies":[{"name":"wp","href":"https:\/\/api.w.org\/{rel}","templated":true}]}}