{"id":4037,"date":"2020-03-04T03:49:11","date_gmt":"2020-03-04T02:49:11","guid":{"rendered":"http:\/\/www.enda.fr\/?page_id=4037"},"modified":"2021-02-20T03:51:45","modified_gmt":"2021-02-20T02:51:45","slug":"sesion-xix","status":"publish","type":"page","link":"https:\/\/www.enda.fr\/es\/sesion-xix\/","title":{"rendered":"Sesi\u00f3n XIX"},"content":{"rendered":"\n<p><strong>Calendario de la sesi\u00f3n: del 27 de noviembre de 2019 al 30 de abril 2020&nbsp;<\/strong><\/p>\n\n\n\n<p>Una selecci\u00f3n de m\u00f3dulos del programa de la sesi\u00f3n.&nbsp;<\/p>\n\n\n\n<h4 class=\"wp-block-heading\"><strong>Jueves 12 de diciembre de 2019<\/strong><\/h4>\n\n\n\n<p>M\u00f3dulos : 10h00 \u2013 13h00<br>T\u00edtulos:&nbsp;<strong>La singularidad&nbsp;: introducci\u00f3n<\/strong><br>Duraci\u00f3n: 3 horas<br>LDRE : Singularidad (N1)<br>M\u00e9todos: Presentaci\u00f3n y discusi\u00f3n<br>Intensidad: At\u00f3mica<br>Orador: Ludovic De Vita<br>Contenido: Una introducci\u00f3n a la singularidad<br>Acceso: p\u00fablico<\/p>\n\n\n\n<p>M\u00f3dulos: 15h00 \u2013 18h00<br>T\u00edtulo :&nbsp;<strong>\u201cVuelta&nbsp;: la invenci\u00f3n del cotidiano \u2013 1. Artes de hacer\u201d<\/strong> de Michel de Certeau)<br>Duraci\u00f3n: 3 horas<br>LDRE : Seguimento<br>M\u00e9todos : Presentaci\u00f3n y discusi\u00f3n<br>Intensidad : Intensa<br>Oradores : Practicantes<br>Contenido : Presentaci\u00f3n por los practicantes de elementos de lecturas destacables<br>Acceso : Practicantes<\/p>\n\n\n\n<h4 class=\"wp-block-heading\"><strong>Viernes 13 de diciembre de 2019<\/strong><\/h4>\n\n\n\n<p>M\u00f3dulos: 10h00 \u2013 13h00<br>T\u00edtulo :&nbsp;<strong>La singularidad&nbsp;: puesta en perspectiva<\/strong><br>Duraci\u00f3n: 3 horas<br>LDRE : Singularidad (N2)<br>M\u00e9todo : Presentaci\u00f3n y discusi\u00f3n<br>Intensidad : At\u00f3mica<br>Orador : Ludovic De Vita<br>Contenido : Profundizaci\u00f3n de la singularidad<br>Acceso : P\u00fablico<\/p>\n\n\n\n<p>M\u00f3dulos: 15h00 \u2013 18h00<br>T\u00edtulo :&nbsp;<strong>Un paso en la situaci\u00f3n de los practicantes<\/strong><br>Duraci\u00f3n: 3 horas<br>LDRE : Seguimiento<br>M\u00e9todo : Presentaci\u00f3n y discusi\u00f3n<br>Intensidad : Intensa<br>Oradores : Practicantes<br>Contenido : Presentaci\u00f3n de las trayectorias de los practicantes<br>Acceso : Practicantes<\/p>\n\n\n\n<h4 class=\"wp-block-heading\"><strong>Miercoles 18 de diciembre de 2019<\/strong><\/h4>\n\n\n\n<p>M\u00f3dulos: 10h00 \u2013 13h00<br>T\u00edtulo:&nbsp;<strong>\u00ab Presentaci\u00f3n de la d\u00e9marche \u00bb <\/strong>(Presentaci\u00f3n del enfoque)<br>Duraci\u00f3n: 3 horas<br>LDRE : Seguimiento<br>M\u00e9todo : Presentaci\u00f3n y discusi\u00f3n<br>Intensidad : At\u00f3mica<br>Oradores : Alexandre Gurita y Baptiste Pays<br>Contenido : Una introducci\u00f3n al proceso<br>Acceso : Practicantes<\/p>\n\n\n\n<p>M\u00f3dulos: 15h00 \u2013 18h00<br>T\u00edtulo:&nbsp;<strong>\u00ab Formulation de la d\u00e9marche 1\/3 \u00bb<\/strong> (Formulaci\u00f3n del proceso 1\/3)<br>Duraci\u00f3n: 3 horas<br>LDRE : Seguimiento<br>M\u00e9todo: Formulaci\u00f3n<br>Intensidad : At\u00f3mica<br>Oradores: Practicantes<br>Contenidos : Primeras formulaciones de los procesos<br>Acceso : Practicantes<\/p>\n\n\n\n<h4 class=\"wp-block-heading\"><strong>Jueves 19 de diciembre de 2019<\/strong><\/h4>\n\n\n\n<p>M\u00f3dulos: 10h00 \u2013 13h00<br>T\u00edtulo:&nbsp;<strong>Pr\u00e1cticar la instituci\u00f3n&nbsp;: introducci\u00f3n<\/strong><br>Duraci\u00f3n: 3 horas<br>LDRE : Pr\u00e1cticar la instituci\u00f3n (N1)<br>M\u00e9todo : Presentaci\u00f3n y discusi\u00f3n<br>Intensidad : Densa<br>Orador : Baptiste Pays<br>Contenido : Una introducci\u00f3n a Practicar la instituci\u00f3n.<br>Acceso: P\u00fablico<\/p>\n\n\n\n<p>M\u00f3dulos: 15h00 \u2013 18h00<br>T\u00edtulo:&nbsp;<strong>Introducci\u00f3n a la terminolog\u00eda<\/strong><br>Duraci\u00f3n: 3 horas<br>LDRE : Terminologia (N1)<br>M\u00e9todo : Presentaci\u00f3n y discusi\u00f3n<br>Intensidad : Intensa<br>Orador : Alexandre Gurita<br>Contenido : Presentaci\u00f3n de la noci\u00f3n de terminolog\u00eda<br>Acceso : Practicantes<\/p>\n\n\n\n<h4 class=\"wp-block-heading\"><strong>Viernes 20 de diciembre de 2019<\/strong><\/h4>\n\n\n\n<p>M\u00f3dulos: 10h00 \u2013 13h00<br>T\u00edtulo:&nbsp;<strong>Pr\u00e1cticar la instituci\u00f3n<\/strong><br>Duraci\u00f3n: 3 horas<br>LDRE : Pr\u00e1cticar la instituci\u00f3n (N2)<br>M\u00e9todo : Presentaci\u00f3n y discusi\u00f3n<br>Intensidad : Densa<br>Orador : Baptiste Pays &#8211; Global Screen Shot<br>Contenido : Presentaci\u00f3n de la agencia Global Screen Shot (GSS)<br>Acceso : P\u00fablico<\/p>\n\n\n\n<p>M\u00f3dulos: 15h00 \u2013 18h00<br>T\u00edtulo:&nbsp;<strong>La terminolog\u00eda en pr\u00e1ctica<\/strong><br>Duraci\u00f3n: 3 horas<br>LDRE : Terminolog\u00eda (N2)<br>M\u00e9todo : Formulaciones<br>Intensidad : Dif\u00edcil<br>Orador : Practicantes<br>Contenido : Formulaci\u00f3n de t\u00e9rminos<br>Acceso : Practicantes<\/p>\n\n\n\n<h4 class=\"wp-block-heading\"><strong>Miercoles 8 de enero de 2020<\/strong><\/h4>\n\n\n\n<p>M\u00f3dulos: 10h00 \u2013 13h00<br>T\u00edtulo:&nbsp;<strong>Primer balance de investigaci\u00f3n<\/strong><br>Duraci\u00f3n: 3 horas<br>LDRE : Seguimiento<br>M\u00e9todo : Presentaci\u00f3n y discusi\u00f3n<br>Intensidad : Mantenida<br>Orador : Baptiste Pays y los practicantes<br>Contenido : Puesta a punto de las investigaciones realizadas durante la pausa invernal<br>Acceso : Practicantes<\/p>\n\n\n\n<p>M\u00f3dulos: 15h00 \u2013 18h00<br>T\u00edtulo:&nbsp;<strong>\u00ab Formulation de la d\u00e9marche \u00bb <\/strong>(Formulaci\u00f3n del proceso)<br>Duraci\u00f3n: 3 horas&nbsp;<br>LDRE : Segumiento<br>M\u00e9todo : Formulaci\u00f3n<br>Intensidad : At\u00f3mica<br>Oradores : Practicantes<br>Contenido : Formulaciones de los procesos<br>Acceso : Practicantes<\/p>\n\n\n\n<h4 class=\"wp-block-heading\"><strong>Jueves 9 de enero de 2020<\/strong><\/h4>\n\n\n\n<p>M\u00f3dulos: 10h00 \u2013 13h00<br>T\u00edtulo:&nbsp;<strong>\u00ab Formulation de la d\u00e9marche \u00bb <\/strong>(Formulaci\u00f3n del proceso)<br>Duraci\u00f3n: 3 horas<br>LDRE : Seguimiento<br>M\u00e9todo : Formulaci\u00f3n<br>Intensidad : At\u00f3mica<br>Oradores : Practicantes<br>Contenido : Formulaciones de los procesos<br>Acceso : Practicantes<\/p>\n\n\n\n<p>M\u00f3dulos: 15h00 \u2013 18h00<br>T\u00edtulo:&nbsp;<strong>\u00ab Formulation de la d\u00e9marche \u00bb <\/strong>(Formulaci\u00f3n del proceso)<br>Duraci\u00f3n: 3 horas<br>LDRE : Segumiento<br>M\u00e9todo : Formulaci\u00f3n<br>Intensidad : At\u00f3mica<br>Oradores : Practicantes<br>Contenido : Formulaciones de los procesos<br>Acceso : Practicantes<\/p>\n\n\n\n<h4 class=\"wp-block-heading\"><strong>Viernes 10 de enero de 2020<\/strong><\/h4>\n\n\n\n<p>M\u00f3dulo: 10h00 \u2013 13h00<br>T\u00edtulo :&nbsp;<strong>\u00ab Formulation de la d\u00e9marche \u00bb <\/strong>(Formulaci\u00f3n del proceso)<br>Duraci\u00f3n: 3 horas<br>LDRE : Seguimiento<br>M\u00e9todo : Formulaci\u00f3n<br>Intensidad : At\u00f3mica<br>Oradores : Practicantes<br>Contenido : Formulaciones de los procesos<br>Acceso : Practicantes<\/p>\n\n\n\n<p>M\u00f3dulo: 15h00 \u2013 18h00<br>T\u00edtulo :&nbsp;<strong>\u00ab Formulation de la d\u00e9marche \u00bb <\/strong>(Formulaci\u00f3n del proceso)<br>Duraci\u00f3n: 3 horas<br>LDRE : Seguimiento<br>M\u00e9todo : Formulaci\u00f3n<br>Intensidad : At\u00f3mica<br>Orador : Practicantes<br>Contenido : Formulaciones de los procesos<br>Acceso : Practicantes<\/p>\n\n\n\n<h4 class=\"wp-block-heading\"><strong>Jueves 16 de enero de 2020<\/strong><\/h4>\n\n\n\n<p>M\u00f3dulos: 10h00 \u2013 13h00<br>T\u00edtulo :&nbsp;<strong>Estrategas y estrateg\u00edas<\/strong><br>Duraci\u00f3n: 3 horas<br>LDRE : Estrateg\u00eda<br>M\u00e9todo : Presentaci\u00f3n y Discusi\u00f3n<br>Intensidad : Densa<br>Orador : Alexandre Gurita<br>Contenido : Presentaci\u00f3n de las nociones claves sobre la estrateg\u00eda<br>Acceso : Practicantes<\/p>\n\n\n\n<p>M\u00f3dulos: 15h00 \u2013 18h00<br>T\u00edtulo :&nbsp;<strong>Una introducci\u00f3n de la estrateg\u00eda en el arte<\/strong><br>Duraci\u00f3n: 3 horas<br>LDRE : Estrateg\u00eda<br>M\u00e9todo : Presentaci\u00f3n y Discusi\u00f3n<br>Intensidad : Densa<br>Orador : Alexandre Gurita<br>Contenido : Desarrollo de nociones claves de la estrateg\u00eda, en arte<br>Acceso : Practicantes<\/p>\n\n\n\n<h4 class=\"wp-block-heading\"><strong>Viernes 17 de enero de 2020<\/strong><\/h4>\n\n\n\n<p>M\u00f3dulos: 10h00 \u2013 13h00<br>T\u00edtulo :&nbsp;<strong>El invisual en pr\u00e1cticas<\/strong><br>Duraci\u00f3n: 3 horas<br>LDRE : Invisual<br>M\u00e9todo : Presentaci\u00f3n y Discusi\u00f3n<br>Intensidad : Densa<br>Orador : Alexandre Gurita<br>Contenido : Ejemplos de pr\u00e1cticas invisuales<br>Acceso : Practicantes<\/p>\n\n\n\n<p>M\u00f3dulos: 15h00 \u2013 18h00<br>T\u00edtulo :&nbsp;<strong>Proyecto de un d\u00eda y proyecto com\u00fan<\/strong><br>Duraci\u00f3n: 3 horas<br>LDRE : Seguimiento<br>M\u00e9todo : Formulaci\u00f3n<br>Intensidad : At\u00f3mica<br>Orador : Practicantes<br>Contenido : Presentaci\u00f3n de los proyectos de un d\u00eda y formulaci\u00f3n del proyecto com\u00fan<br>Acceso : praticiennes y praticiens<\/p>\n\n\n\n<h4 class=\"wp-block-heading\"><strong>Jueves 16 de enero de 2020<\/strong><\/h4>\n\n\n\n<p>M\u00f3dulos: 10h00 \u2013 13h00<br>T\u00edtulo :&nbsp;<strong>Escala de la singularidad<\/strong><br>Duraci\u00f3n: 3 horas<br>LDRE : Singularidad<br>M\u00e9todo : Presentaci\u00f3n y Discusi\u00f3n<br>Intensidad : Dif\u00edcil<br>Orador : Ludovic de Vita<br>Contenido : Presentaci\u00f3n y constituci\u00f3n de una escala de la singularidad<br>Acceso : Practicantes<\/p>\n\n\n\n<p>M\u00f3dulo : 15h00 \u2013 18h00<br>T\u00edtulo :&nbsp;<strong>Alter-singularidad<br><\/strong>Duraci\u00f3n: 3 horas<br>LDRE : Singularidad<br>M\u00e9todo : Presentaci\u00f3n y Discusi\u00f3n<br>Intensidad : Dif\u00edcil<br>Orador : Ludovic de Vita<br>Contenido : Presentaci\u00f3n de la Alter-singularidad<br>Acceso : Practicantes<\/p>\n\n\n\n<h4 class=\"wp-block-heading\"><strong><strong><strong><strong>Viernes<\/strong> 17 de enero de 2020<\/strong><\/strong><\/strong><\/h4>\n\n\n\n<p>M\u00f3dulo : 10h00 \u2013 13h00<br>T\u00edtulo :&nbsp;<strong>Comit\u00e9 de redacci\u00f3n \u2013 proyecto de acci\u00f3n<\/strong><br>Duraci\u00f3n : 3 horas<br>LDRE : Practicar la instituci\u00f3n<br>M\u00e9todo : Concertaci\u00f3n y formulation<br>Intensidad : Dif\u00edcil<br>Orador : Practicantes<br>Contenido : Vuelta en el proyecto de edici\u00f3n y formulaci\u00f3n de un proyecto de acci\u00f3n<br>Acceso : Practicantes<\/p>\n\n\n\n<p>M\u00f3dulo : 15h00 \u2013 18h00<br>T\u00edtulo :&nbsp;<strong>Encuentros<\/strong><br>Duraci\u00f3n : 3 horas<br>LDRE : Practicar la instituci\u00f3n<br>M\u00e9todo : Presentaci\u00f3n y Discusi\u00f3n<br>Intensidad : Densa<br>Orador : Caroline Larsonneur y Alexandre Gain<br>Contenido : Caroline Larsonneur y Alexandre Gain presentar\u00e1n sus pr\u00e1cticas respectivas y su vinculo con la instituci\u00f3n.<br>Acceso : P\u00fablico<\/p>\n\n\n\n<h4 class=\"wp-block-heading\">Jeudi 30 janvier 2020<\/h4>\n\n\n\n<p>M\u00f3dulo : 10h00 \u2013 13h00<br>T\u00edtulo :&nbsp;<strong>Un repaso en los proyectos<\/strong><br>Duraci\u00f3n : 3 horas<br>LDRE : Seguimiento<br>M\u00e9todo : Presentaci\u00f3n y formulation<br>Intensidad : Dif\u00edcil<br>Orador : Practicantes<br>Contenido : Presentaci\u00f3n de los proyectos de un d\u00eda y formulaci\u00f3n del proyecto de cinco d\u00edas<br>Acceso : Practicantes<\/p>\n\n\n\n<p>M\u00f3dulo: 15h00 \u2013 18h00<br>T\u00edtulo:&nbsp;<strong>La quiebra del ready-made de Marcel Duchamp<\/strong><br>Duraci\u00f3n : 3 horas<br>LDRE : Historia del Arte<br>M\u00e9todo : Presentaci\u00f3n<br>Intensidad : Densa<br>Orador : Ghislain Mollet-Vi\u00e9ville<br>Contenido : Conferencia sobre la obra de Marcel Duchamp a trav\u00e9s del arte contempor\u00e1neo<br>Acceso : Pr\u00e1cticantes<\/p>\n\n\n\n<h4 class=\"wp-block-heading\"><strong>Viernes 31 de enero de 2020<\/strong><\/h4>\n\n\n\n<p>M\u00f3dulo : 10h00 \u2013 13h00<br>T\u00edtulo :&nbsp;<strong>Pensar el arte VS Ser pensado por el arte<\/strong><br>Duraci\u00f3n : 3 horas<br>LDRE : Invisual<br>M\u00e9todo : Presentaci\u00f3n<br>Intensidad : Dif\u00edcil<br>Orador : Alexandre Gurita<br>Contenido : Distinci\u00f3n de conceptos en el contexto actual del arte<br>Acceso : Practicantes<\/p>\n\n\n\n<p>M\u00f3dulo : 15h00 \u2013 18h00<br>T\u00edtulo :&nbsp;<strong>La estrateg\u00eda en pr\u00e1ctica<\/strong><br>Duraci\u00f3n : 3 horas<br>LDRE : Estrateg\u00eda<br>M\u00e9todo : Puesta en pr\u00e1ctica<br>Intensidad : Dif\u00edcil<br>Orador : Practicantes<br>Contenido : Ejercicios de estrateg\u00edas<br>Acceso : Pr\u00e1cticantes<\/p>\n\n\n\n<h4 class=\"wp-block-heading\"><strong>Jueves 6 de febredo de 2020<\/strong><\/h4>\n\n\n\n<p>M\u00f3dulo: 10h00 \u2013 13h00<br>T\u00edtulo :&nbsp;<strong>Una introducci\u00f3n a la econom\u00eda en el arte<\/strong><br>Duraci\u00f3n : 3 horas<br>LDRE : Econom\u00edas (N1)<br>M\u00e9todo : Presentaci\u00f3n y Discusi\u00f3n<br>Intensidad : Intensa<br>Orador : Alexandre Gurita, Baptiste Pays, Ludovic De Vita<br>Contenido : Nociones de base de econom\u00eda y pistas de formulaci\u00f3n de econom\u00edas de los practicantes.<br>Acceso : P\u00fablico<\/p>\n\n\n\n<p>M\u00f3dulo : 15h00 \u2013 18h00<br>T\u00edtulo :&nbsp;<strong>Modelos econ\u00f3micos paralelos al mercado del arte<\/strong><br>Duraci\u00f3n : 3 horas<br>LDRE : Econom\u00edas (N2)<br>M\u00e9todo : Presentaci\u00f3n y Discusi\u00f3n<br>Intensidad : Intensa<br>Orador : Practicantes<br>Contenido : Presentaci\u00f3n por los practicantes de elementos de lectura destacables<br>Acceso : Pr\u00e1cticantes<\/p>\n\n\n\n<h4 class=\"wp-block-heading\"><strong>Viernes 7 de febrero 2020<\/strong><\/h4>\n\n\n\n<p>M\u00f3dulo: 10h00 \u2013 13h00<br>T\u00edtulo 1 :&nbsp;<strong>Restituci\u00f3n del proyecto de cinco d\u00edas<br><\/strong>Duraci\u00f3n : 2 horas<br>LDRE: Seguimiento<br>M\u00e9todo : Presentaci\u00f3n y Discusi\u00f3n<br>Intensidad : Intensa<br>Orador : Alexandre Gurita, Baptiste Pays, Ludovic De Vita<br>Contenido : Presentaci\u00f3n<br>T\u00edtulo 2 :&nbsp;<strong>Le survivalisme <\/strong>(El survivalismo)<br>Oradores : Eliza &amp; Annika (desde Nueva York)<br>Acceso : Practicantes<\/p>\n\n\n\n<p>M\u00f3dulo: 15h00 \u2013 18h00<br>T\u00edtulo :&nbsp;<strong>Organizaci\u00f3n del proyecto com\u00fan<\/strong><br>Duraci\u00f3n : 3 horas<br>LDRE : Seguimiento<br>M\u00e9todo : Presentaci\u00f3n y Discusi\u00f3n<br>Intensidad : Intensa<br>Orador : Practicantes<br>Contenido : Trabajo colectivo para la formulaci\u00f3n de un proyecto com\u00fan<br>Acceso : Practicantes<\/p>\n\n\n\n<h4 class=\"wp-block-heading\"><strong>Jueves 13 de febrero 2020<\/strong><\/h4>\n\n\n\n<p>M\u00f3dulo : 10h00 \u2013 13h00<br>T\u00edtulo :&nbsp;<strong>Presentaci\u00f3n del proyecto de sesi\u00f3n<\/strong><br>Duraci\u00f3n : 3 horas<br>LDRE : Seguimiento<br>M\u00e9todo : Presentaci\u00f3n y formulaci\u00f3n<br>Intensidad : Dif\u00edcil<br>Orador : Practicantes<br>Contenido : Presentaci\u00f3n de los retos del proyecto de sesi\u00f3n e inicio de la formulaci\u00f3n del proyecto de sesi\u00f3n<br>Acceso : Practicantes<\/p>\n\n\n\n<p>M\u00f3dulo : 15h00 \u2013 18h00<br>T\u00edtulo :&nbsp;<strong>Limites de la cr\u00edtica de Daniel Buren<\/strong><br>Duraci\u00f3n : 3 horas<br>LDRE : Historia del arte<br>M\u00e9todo : Presentaci\u00f3n<br>Intensidad : Densa<br>Orador : Ghislain Mollet-Vi\u00e9ville<br>Contenido : Conferencia cr\u00edtica sobre la obra de Daniel Buren<br>Acceso : Practicantes<\/p>\n\n\n\n<h4 class=\"wp-block-heading\"><strong>Viernes 14 de febrero de 2020<\/strong><\/h4>\n\n\n\n<p>M\u00f3dulo : 10h00 \u2013 13h00<br>T\u00edtulo :&nbsp;<strong>Formulaci\u00f3n del proyecto de sesi\u00f3n<\/strong><br>Duraci\u00f3n : 3 horas<br>LDRE : Seguimiento<br>M\u00e9todo : Formulaci\u00f3n<br>Intensidad : Nuclear<br>Orador : Practicantes<br>Contenido : Primera formulaci\u00f3n del proyecto de sesi\u00f3n<br>Acceso : Practicantes<\/p>\n\n\n\n<p>M\u00f3dulo : 15h00 \u2013 18h00<br>T\u00edtulo :&nbsp;<strong>\u00ab Un point sur les projets en cours \u00bb<\/strong><br>Duraci\u00f3n : 3 horas<br>LDRE : Segumiento<br>M\u00e9todo : Mutualizaci\u00f3n<br>Intensidad : Dif\u00edcil<br>Orador : Practicantes<br>Contenido : Actualizaci\u00f3n de las investigaciones y proyectos en curso<br>Acceso : Practicantes<\/p>\n\n\n\n<h4 class=\"wp-block-heading\"><strong>Jueves 20 de febero de 2020<\/strong><\/h4>\n\n\n\n<p>M\u00f3dulo: 10h00 \u2013 13h00<br>T\u00edtulo :&nbsp;<strong>10 a\u00f1os de \u00e9xito<\/strong><br>Duraci\u00f3n : 3 horas<br>LDRE : Seguimiento (N12)<br>M\u00e9todo : Presentaci\u00f3n y Discusi\u00f3n<br>Intensidad : Intensa<br>Orador : Practicantes<br>Contenido : Presentaci\u00f3n bajo la forma de proyecci\u00f3n de su actividad al horizonte 2030.<br>Acceso : P\u00fablico<\/p>\n\n\n\n<p>M\u00f3dulo: 15h00 \u2013 18h00<br>T\u00edtulo :&nbsp;<strong>Programaci\u00f3n del proyecto com\u00fan<br><\/strong>Duraci\u00f3n : 3 horas<br>LDRE : Proyecto externo (N3)<br>M\u00e9todo : Presentaci\u00f3n y Discusi\u00f3n<br>Intensidad : Intensa<br>Orador : Practicantes<br>Contenido : Discusi\u00f3n y d\u00e9veloppement du projet commun.<br>Acceso : Practicantes<\/p>\n\n\n\n<h4 class=\"wp-block-heading\"><strong>Viernes 21 de febrero de 2020<\/strong><\/h4>\n\n\n\n<p>M\u00f3dulo: 10h00 \u2013 13h00<br>T\u00edtulo :&nbsp;<strong>\u00ab L\u2019apr\u00e8s l\u2019oeuvre d\u2019art \u00bb <\/strong>(Tras la obra de arte)<br>Duraci\u00f3n : 2 horas<br>LDRE: Invisual (N6)<br>M\u00e9todo : Presentaci\u00f3n y Discusi\u00f3n<br>Intensidad : Intensa<br>Orador : Alexandre Gurita, Baptiste Pays, Ludovic De Vita<br>Contenido : Presentaci\u00f3n<br>Acceso : P\u00fablico<\/p>\n\n\n\n<p>M\u00f3dulo: 15h00 \u2013 18h00<br>T\u00edtulo :&nbsp;<strong>Estrateg\u00eda del proyecto de sesi\u00f3n<br><\/strong>Duraci\u00f3n : 3 horas<br>LDRE : Estrateg\u00eda (N4)<br>M\u00e9todo : Presentaci\u00f3n y Discusi\u00f3n<br>Intensidad : Intensa<br>Orador : Practicantes<br>Contenido : Trabajo individual y colectivo para la formulaci\u00f3n del proyecto de sesi\u00f3n<br>Acceso : Pr\u00e1cticantes<\/p>\n\n\n\n<h4 class=\"wp-block-heading\"><strong>Jueves 27 de febrero de 2020<\/strong><\/h4>\n\n\n\n<p>M\u00f3dulo : 10h00 \u2013 13h00<br>T\u00edtulo :&nbsp;<strong>Econom\u00eda del proyecto de sesi\u00f3n<\/strong><br>Duraci\u00f3n : 3 horas<br>LDRE : Econom\u00eda<br>M\u00e9todo : Presentaci\u00f3n y formulaci\u00f3n<br>Intensidad : Dif\u00edcil<br>Orador : Practicantes<br>Contenido : A partir de los proyectos de sesi\u00f3n, una invitaci\u00f3n a formular una econom\u00eda propia.<br>Acceso : Practicantes<\/p>\n\n\n\n<p>M\u00f3dulo : 15h00 \u2013 18h00<br>T\u00edtulo :&nbsp;<strong>Escala de la singularidad<br><\/strong>Duraci\u00f3n : 3 horas<br>LDRE : Singularidad<br>M\u00e9todo : Presentaci\u00f3n<br>Intensidad : Densa<br>Orador : Ludovic de Vita<br>Contenido : Continuaci\u00f3n el trabajo en la escala de singularidad<br>Acceso : Practicantes<\/p>\n\n\n\n<h4 class=\"wp-block-heading\"><strong>Viernes 28 de febrero de 2020<\/strong><\/h4>\n\n\n\n<p>M\u00f3dulo : 10h00 \u2013 13h00<br>T\u00edtulo :&nbsp;<strong>No producir obras de arte como pr\u00e1ctica<\/strong><br>Duraci\u00f3n : 3 horas<br>LDRE : Invisual<br>M\u00e9todo : Presentaci\u00f3n<br>Intensidad : Densa<br>Orador : L\u2019artiste fain\u00e9ante (La artista perezosa)<br>Contenido : La ma\u00f1ana del viernes, L\u2019artiste fain\u00e9ante tratar\u00e1 de su trabajo seg\u00fan el temario siguiente: <\/p>\n\n\n\n<ul id=\"block-86a60226-1f77-4d16-8e1c-fe4fa7a6e70f\"><li>Diferentes desencadenantes del proyecto, enlace con ENDA y sus convocatorias,<\/li><li>Ejecuci\u00f3n de proyectos \/ lista de errores como parte de ella,<\/li><li>Contenido, una mirada a una selecci\u00f3n de textos y a los diferentes registros utilizados: cr\u00edticos, humor\u00edsticos, referencias, contradicciones, citas, etc..,<\/li><li>Red, desarrollo de la audiencia, difusi\u00f3n y l\u00edmites,<\/li><li>El tema de la contaminaci\u00f3n, el colectivo y la circulaci\u00f3n de ideas&#8230;<\/li><\/ul>\n\n\n\n<p>M\u00f3dulo : 15h00 \u2013 18h00<br>T\u00edtulo :&nbsp;<strong>Pr\u00e1cticar la instituci\u00f3n con Sh\u00e9riff Mothopeng<\/strong><br>Duraci\u00f3n : 3 horas<br>LDRE : Pr\u00e1cticar la instituci\u00f3n<br>M\u00e9todo : Encuentro<br>Intensidad : Densa<br>Orador : Sh\u00e9riff Mothopeng y los practicantes<br>Contenido : Encuentro con Sh\u00e9riff Mothopeng e integraci\u00f3n a la edici\u00f3n<br>Acceso : Practicantes<\/p>\n\n\n\n<h4 class=\"wp-block-heading\"><strong>Jueves 5 de marzo 2020<\/strong><\/h4>\n\n\n\n<p>M\u00f3dulo : 10h00 \u2013 13h00<br>T\u00edtulo :&nbsp;<strong>Cartograf\u00eda del proyecto de sesi\u00f3n (1\/2<\/strong>)<br>Duraci\u00f3n : 3 horas<br>LDRE : Seguimiento<br>M\u00e9todo : S\u00edntesis cartogr\u00e1fica<br>Intensidad : Dif\u00edcil<br>Orador : Practicantes<br>Contenido : S\u00edntesis de diferentes enfoques del proyecto de sesi\u00f3n<br>Acceso : Practicantes<\/p>\n\n\n\n<p>M\u00f3dulo : 15h00 \u2013 18h00<br>T\u00edtulo :&nbsp;<strong>El arte minimal y la pusta en marcha del \u201cless is more\u201d de Mies van der Rohe<\/strong><br>Duraci\u00f3n : 3 horas<br>LDRE : Culutra general<br>M\u00e9todo : Presentaci\u00f3n<br>Intensidad : Densa<br>Orador : Ghislain Mollet-Vi\u00e9ville<br>Contenido : En nuestros entornos de vida muy contempor\u00e1neos, las nociones de m\u00ednimo y m\u00e1ximo se asocian a menudo en una dial\u00e9ctica en la que el m\u00ednimo a veces permitir\u00eda el m\u00e1ximo. Es esta paradoja la que interesa al arte minimalista, refiri\u00e9ndose a la famosa f\u00f3rmula de Mies van der Rohe: &#8220;Less is more&#8221;. En la d\u00e9cada de 1970, por ejemplo, algunos arquitectos optaron por suspender la intenci\u00f3n arquitect\u00f3nica en favor del dise\u00f1o de espacios interiores, permitiendo as\u00ed a los habitantes hacerlos suyos. Para los artistas minimalistas, son las formas geom\u00e9tricas sin ninguna cualidad las que deben, en su relaci\u00f3n con el espacio, actuar f\u00edsica e intelectualmente sobre el espectador. La obra de arte minimalista, en su simplicidad formal, pretende entonces provocar una reacci\u00f3n que toca la experiencia de su percepci\u00f3n poniendo en simbiosis, el punto de vista del espectador y el campo de su acci\u00f3n. Ahora es s\u00f3lo una presencia en un espacio dado y durante el tiempo de su aprehensi\u00f3n: por primera vez todo el espacio es concebido como un volumen estructurante: La exposici\u00f3n da forma a la obra en detrimento de los objetos de arte.<br>Acceso: Practicantes<\/p>\n\n\n\n<h4 class=\"wp-block-heading\"><strong>Viernes 6 de marzo de 2020<\/strong><\/h4>\n\n\n\n<p>M\u00f3dulo : 10h00 \u2013 13h00<br>T\u00edtulo :&nbsp;<strong>Cr\u00edtica aumentada<\/strong><br>Duraci\u00f3n : 3 horas<br>LDRE : Invisual<br>M\u00e9todo : Presentaci\u00f3n<br>Intensidad : Densa<br>Orador : Alexandre Gurita<br>Contenido : La \u00ab macro-cr\u00edtica \u00bb o la cr\u00edtica aumentada es una cr\u00edtica a escala sist\u00e9mica, una actuaci\u00f3n agrupada sobrepasa la escala \u201cmicro\u201d del \u201cartista-uno\u201d<br>Acceso : Practicantes<\/p>\n\n\n\n<p>M\u00f3dulo: 15h00 \u2013 18h00<br>T\u00edtulo :&nbsp;<strong>Cartograf\u00eda del proyecto de sesi\u00f3n (2\/2<\/strong>)<br>Duraci\u00f3n : 3 horas<br>LDRE : Seguimiento<br>M\u00e9todo : Catograf\u00eda<br>Intensidad : Dif\u00edcil<br>Orador : Practicantes<br>Contenido : Continuaci\u00f3n y finalizaci\u00f3n del proyecto de mapeo del per\u00edodo de sesiones<br>Acceso : Practicantes<\/p>\n","protected":false},"excerpt":{"rendered":"<p>Calendario de la sesi\u00f3n: del 27 de noviembre de 2019 al 30 de abril 2020&nbsp; Una selecci\u00f3n de m\u00f3dulos del programa de la sesi\u00f3n.&nbsp; Jueves 12 de diciembre de 2019 M\u00f3dulos : 10h00 \u2013 13h00T\u00edtulos:&nbsp;La singularidad&nbsp;: introducci\u00f3nDuraci\u00f3n: 3 horasLDRE : Singularidad (N1)M\u00e9todos: Presentaci\u00f3n y discusi\u00f3nIntensidad: At\u00f3micaOrador: Ludovic De VitaContenido: Una introducci\u00f3n a la singularidadAcceso: p\u00fablico [&hellip;]<\/p>\n","protected":false},"author":1,"featured_media":0,"parent":0,"menu_order":0,"comment_status":"closed","ping_status":"closed","template":"","meta":{"_coblocks_attr":"","_coblocks_dimensions":"","_coblocks_responsive_height":"","_coblocks_accordion_ie_support":"","footnotes":""},"_links":{"self":[{"href":"https:\/\/www.enda.fr\/es\/wp-json\/wp\/v2\/pages\/4037"}],"collection":[{"href":"https:\/\/www.enda.fr\/es\/wp-json\/wp\/v2\/pages"}],"about":[{"href":"https:\/\/www.enda.fr\/es\/wp-json\/wp\/v2\/types\/page"}],"author":[{"embeddable":true,"href":"https:\/\/www.enda.fr\/es\/wp-json\/wp\/v2\/users\/1"}],"replies":[{"embeddable":true,"href":"https:\/\/www.enda.fr\/es\/wp-json\/wp\/v2\/comments?post=4037"}],"version-history":[{"count":10,"href":"https:\/\/www.enda.fr\/es\/wp-json\/wp\/v2\/pages\/4037\/revisions"}],"predecessor-version":[{"id":4655,"href":"https:\/\/www.enda.fr\/es\/wp-json\/wp\/v2\/pages\/4037\/revisions\/4655"}],"wp:attachment":[{"href":"https:\/\/www.enda.fr\/es\/wp-json\/wp\/v2\/media?parent=4037"}],"curies":[{"name":"wp","href":"https:\/\/api.w.org\/{rel}","templated":true}]}}