{"id":4741,"date":"2021-02-25T16:52:34","date_gmt":"2021-02-25T15:52:34","guid":{"rendered":"http:\/\/www.enda.fr\/es\/?page_id=4741"},"modified":"2021-02-25T17:06:38","modified_gmt":"2021-02-25T16:06:38","slug":"sesiones","status":"publish","type":"page","link":"https:\/\/www.enda.fr\/es\/sesiones\/","title":{"rendered":"Sesiones"},"content":{"rendered":"\n<h3 class=\"wp-block-heading\">Sesi\u00f3n XXI<\/h3>\n\n\n\n<p><strong>D<strong><strong>el 27 de noviembre de 2021 al 30 de abril de 202<\/strong>2<\/strong><br>Inscripciones abiertas<br>Pr\u00f3xima fecha limite de candidatura:<\/strong> <strong>el 28 de febrero de 2021<br><a href=\"https:\/\/www.enda.fr\/es\/session-xxi\/\" data-type=\"page\" data-id=\"4073\">Mas informaci\u00f3n<br><\/a><a href=\"https:\/\/www.enda.fr\/es\/candidature-form\/\" data-type=\"page\" data-id=\"3284\">FORMULARIO DE CANDIDATURA<\/a><\/strong><\/p>\n\n\n\n<h3 class=\"wp-block-heading\">Sesi\u00f3n XX<\/h3>\n\n\n\n<p><strong>Del 27 noviembre 2020 a 30 abril 2021<br>Sesi\u00f3n en curso<br><a href=\"https:\/\/www.enda.fr\/es\/sesion-xx\/\" data-type=\"page\" data-id=\"2175\">El programa de la sesi\u00f3n<\/a><\/strong><\/p>\n\n\n\n<h3 class=\"wp-block-heading\">Sesi\u00f3n XIX<\/h3>\n\n\n\n<p><strong><a href=\"https:\/\/www.enda.fr\/es\/sesion-xix\/\" data-type=\"page\" data-id=\"4037\">Archivos de la sesi\u00f3n<\/a><\/strong><\/p>\n","protected":false},"excerpt":{"rendered":"<p>Sesi\u00f3n XXI Del 27 de noviembre de 2021 al 30 de abril de 2022Inscripciones abiertasPr\u00f3xima fecha limite de candidatura: el 28 de febrero de 2021Mas informaci\u00f3nFORMULARIO DE CANDIDATURA Sesi\u00f3n XX Del 27 noviembre 2020 a 30 abril 2021Sesi\u00f3n en cursoEl programa de la sesi\u00f3n Sesi\u00f3n XIX Archivos de la sesi\u00f3n<\/p>\n","protected":false},"author":1,"featured_media":0,"parent":0,"menu_order":0,"comment_status":"closed","ping_status":"closed","template":"","meta":{"_coblocks_attr":"","_coblocks_dimensions":"","_coblocks_responsive_height":"","_coblocks_accordion_ie_support":"","footnotes":""},"_links":{"self":[{"href":"https:\/\/www.enda.fr\/es\/wp-json\/wp\/v2\/pages\/4741"}],"collection":[{"href":"https:\/\/www.enda.fr\/es\/wp-json\/wp\/v2\/pages"}],"about":[{"href":"https:\/\/www.enda.fr\/es\/wp-json\/wp\/v2\/types\/page"}],"author":[{"embeddable":true,"href":"https:\/\/www.enda.fr\/es\/wp-json\/wp\/v2\/users\/1"}],"replies":[{"embeddable":true,"href":"https:\/\/www.enda.fr\/es\/wp-json\/wp\/v2\/comments?post=4741"}],"version-history":[{"count":3,"href":"https:\/\/www.enda.fr\/es\/wp-json\/wp\/v2\/pages\/4741\/revisions"}],"predecessor-version":[{"id":4746,"href":"https:\/\/www.enda.fr\/es\/wp-json\/wp\/v2\/pages\/4741\/revisions\/4746"}],"wp:attachment":[{"href":"https:\/\/www.enda.fr\/es\/wp-json\/wp\/v2\/media?parent=4741"}],"curies":[{"name":"wp","href":"https:\/\/api.w.org\/{rel}","templated":true}]}}