{"id":4916,"date":"2024-06-19T05:24:33","date_gmt":"2024-06-19T03:24:33","guid":{"rendered":"https:\/\/www.enda.fr\/es\/?page_id=4916"},"modified":"2024-06-19T05:25:06","modified_gmt":"2024-06-19T03:25:06","slug":"proyectos-de-antiguos-practicantes","status":"publish","type":"page","link":"https:\/\/www.enda.fr\/es\/proyectos-de-antiguos-practicantes\/","title":{"rendered":"Proyectos de antiguos practicantes"},"content":{"rendered":"\n<p>Una selecci\u00f3n de algunos proyectos de sesi\u00f3n de antiguos practicantes desarrollados en el ENDA.<\/p>\n\n\n\n<h2 class=\"wp-block-heading\">Quentin Derouet<\/h2>\n\n\n\n<p><strong>Sesi\u00f3n: XXII, 2022-2023 <\/strong><br><strong>Informaci\u00f3n biogr\u00e1fica:<\/strong> N.C. Proyecto de sesi\u00f3n: En Marsella a partir de 1940, Sylvain Itkine y sus c\u00f3mplices crean una cooperativa para ofrecer Croques-Fruits, un dulce a base de frutas secas que permit\u00eda alimentar y dar trabajo a aquellos que no ten\u00edan nada, artistas, poetas y refugiados (como Pierre Pr\u00e9vert, el hermano de Jacques Pr\u00e9vert). Sensibles a esta utop\u00eda, Quentin Derouet y Vincent Bourdet decidieron reinvertir en este imaginario y esta confiter\u00eda, mezclando cuestiones actuales. Un bocado para compartir en un mismo movimiento: est\u00e9tica, historia e historia del arte, pol\u00edtica y vida.<\/p>\n\n\n\n<h2 class=\"wp-block-heading\">Jos\u00e9 Manrubia<\/h2>\n\n\n\n<p><strong>Sesi\u00f3n: XXII, 2022-2023 <\/strong><br><strong>Informaci\u00f3n biogr\u00e1fica:<\/strong> Torero, artista pl\u00e1stico y tambi\u00e9n organizador de grandes eventos culturales, como el festival FlamencA en Arles. En cuanto a su carrera taurina, es el vig\u00e9simo quinto matador de la historia taurina francesa y el primer franc\u00e9s en recibir la alternativa (ceremonia para convertirse en matador) en Am\u00e9rica Latina, en Monterrey, M\u00e9xico. Tras veinticuatro a\u00f1os toreando en las plazas m\u00e1s grandes del mundo, M\u00e9xico, Madrid, Nimes, no reniega de su pasi\u00f3n por la tauromaquia, pero considera que esta debe evolucionar. Resume as\u00ed su filosof\u00eda general: \u00ab En una sociedad en transformaci\u00f3n, cada uno en la medida de sus posibilidades debe trabajar por un mundo m\u00e1s virtuoso. Es esencial transformar esta pr\u00e1ctica en un arte \u00e9tico, donde el animal sea tratado con respeto, sin herirlo ni sacrificarlo \u00bb. La Corrida Etica propone una tauromaquia \u00e9tica y art\u00edstica, sin violencia ni heridas al toro. Transforma este antiguo rito en un arte. Esta tauromaquia \u00e9tica y art\u00edstica, sin violencia hacia el toro, devuelto a los pastos al final de la representaci\u00f3n para continuar una vida respetando la dignidad animal, tiene varios objetivos: \u2013 Crear una nueva tauromaquia como un arte en s\u00ed mismo \u2013 Promover una tauromaquia \u00e9tica y art\u00edstica sin heridas ni muerte del animal \u2013 Permitir conservar la tradici\u00f3n taurina, uno de los ritos fundadores de las sociedades mediterr\u00e1neas \u2013 Preservar un animal \u00fanico, el toro bravo, descendiente directo del ancestro de los bovinos, el Uro. Raza cuya supervivencia depende exclusivamente de las pr\u00e1cticas taurinas.<br><strong>Proyecto de sesi\u00f3n:<\/strong> Corrida Etica<br><strong>Web:<\/strong> corridaetica.art<\/p>\n\n\n\n<h2 class=\"wp-block-heading\">Hiresh Kheirabadi<\/h2>\n\n\n\n<p><strong>Sesi\u00f3n: XX, 2020-2021 <\/strong><br><strong>Informaci\u00f3n biogr\u00e1fica:<\/strong> Apasionado por el cine, Hiresh tuvo la oportunidad de estudiar con grandes figuras del cine iran\u00ed, como Abbas Kiarostami, un director mundialmente reconocido, y participar en talleres de cr\u00edtica de cine dirigidos por Saeed Aghighi. Fue alumno de Asghar Farhadi, un director dos veces oscarizado. Convencido de que el arte invisual est\u00e1 revolucionando el mundo art\u00edstico, encontr\u00f3 una resonancia profunda entre esta nueva forma de expresi\u00f3n y su propia experiencia de vida en Ir\u00e1n. La historia de Hiresh es la de un artista que, a pesar de los obst\u00e1culos, continu\u00f3 dando voz a los oprimidos y contribuyendo a la revoluci\u00f3n art\u00edstica de su \u00e9poca. Proyecto de sesi\u00f3n: Un documental titulado El arte invisual o la revoluci\u00f3n del arte en marcha, que se adentra en una revoluci\u00f3n art\u00edstica discreta, desconocida pero que est\u00e1 cambiando radicalmente el arte. El arte invisual abre el camino a una nueva era art\u00edstica. La pel\u00edcula descubre y explora los misterios del arte invisual, una din\u00e1mica art\u00edstica revolucionaria que cuestiona los fundamentos de la creaci\u00f3n art\u00edstica y del arte en s\u00ed mismo, empujando sus l\u00edmites hacia un nuevo paradigma. El documental ofrece un boleto de entrada a una aventura fascinante, que m\u00e1s all\u00e1 del arte, muestra una resistencia a los modelos establecidos y a los sistemas de dominaci\u00f3n. La pel\u00edcula da a conocer formas de arte ampliamente desconocidas hasta ahora pero que, una vez descubiertas a trav\u00e9s de la pel\u00edcula, podr\u00e1n tener un impacto considerable en el arte y la sociedad.<\/p>\n\n\n\n<h2 class=\"wp-block-heading\">Mariem Memni<\/h2>\n\n\n\n<p><strong>Sesi\u00f3n: XX, 2020-2021 <\/strong><br><strong>Informaci\u00f3n biogr\u00e1fica:<\/strong> Mariem Memni es una artista graduada de un M\u00e1ster de Investigaci\u00f3n en arte visual en la Escuela de Bellas Artes de Sousse y de un DNREA en investigaci\u00f3n y experimentaci\u00f3n en arte en el ENDA (Escuela Nacional de Arte) de Par\u00eds. Es fundadora y directora de la EEIMA (Escuela Europea para la Integraci\u00f3n de los Migrantes a trav\u00e9s del Arte) y artista investigadora en arte invisual. Su enfoque art\u00edstico se basa en el chata como un proceso de conversi\u00f3n de la energ\u00eda negativa en energ\u00eda positiva constructiva que garantiza la armon\u00eda dentro de un grupo. <br><strong>Proyecto de sesi\u00f3n:<\/strong> EEIMA (Escuela Europea para la Integraci\u00f3n de los Migrantes a trav\u00e9s del Arte) <br><strong>Web:<\/strong>\u00a0<a href=\"http:\/\/www.eeima.eu\/\">www.eeima.eu<\/a><\/p>\n\n\n\n<h2 class=\"wp-block-heading\">Gilbert Coqalane<\/h2>\n\n\n\n<p><strong>Sesi\u00f3n: XX, 2020-2021 <\/strong><br><strong>Informaci\u00f3n biogr\u00e1fica:<\/strong> Gilbert Coqalane es un artista que ha desarrollado la perturbaci\u00f3n como lenguaje art\u00edstico. Es Presidente de las ediciones L\u2019Arm\u00e9e Recrute, miembro del Consejo de Administraci\u00f3n de la Federaci\u00f3n de Arte Urbano e interventor escolar. Es el iniciador del movimiento Perturbacionista inaugurado en Nancy en 2021 y del C.D.R.A.O. (Centro de Documentaci\u00f3n, Investigaci\u00f3n, Aplicaci\u00f3n de las Ofensivas) definido como un lugar para crear, desarrollar y promover la perturbaci\u00f3n y la ofensiva como una acci\u00f3n art\u00edstica. <br><strong>Proyecto de sesi\u00f3n:<\/strong> C.D.R.A.O. (Centro de Documentaci\u00f3n, Investigaci\u00f3n, Aplicaci\u00f3n de las Ofensivas) <br><strong>Web:<\/strong>\u00a0<a href=\"http:\/\/www.cdrao.fr\/\">http:\/\/www.cdrao.fr<\/a><\/p>\n\n\n\n<h2 class=\"wp-block-heading\">Liza Rolli<\/h2>\n\n\n\n<p><strong>Sesi\u00f3n: XIX, 2019-2020 <\/strong><br><strong>Informaci\u00f3n biogr\u00e1fica:<\/strong> Liza Rolli es una artista que ha desarrollado la noci\u00f3n de sensibillissimo en el ENDA. Durante su trayectoria en el ENDA fund\u00f3 el Instituto Sensibillisimo con el objetivo de descifrar y explorar la noci\u00f3n de sensibillissimo como sublimaci\u00f3n art\u00edstica invisual de una experiencia hipersensible. Su objetivo fue crear un proyecto profesional viable utilizando las pr\u00e1cticas del arte Invisuel e incluyendo las singularidades de la hipersensibilidad, la experiencia personal y la experiencia profesional. El Instituto Sensibillissimo se basa en un m\u00e9todo singular basado en la combinaci\u00f3n de investigaci\u00f3n y herramientas de observaci\u00f3n. Estas herramientas se basan en un conjunto de indicadores que permiten investigar, desenmascarar, descubrir e identificar el Sensibillissimo: los par\u00e1metros objetivos, las atm\u00f3sferas sensibles, la producci\u00f3n de sentido, los detalles secundarios y la parte desconocida.<br><strong>Proyecto de sesi\u00f3n:<\/strong> Instituto Sensibillissimo<br><strong>Web:<\/strong>\u00a0<a href=\"http:\/\/institut-sensibillissimo.org\/\">http:\/\/institut-sensibillissimo.org<\/a><\/p>\n\n\n\n<h2 class=\"wp-block-heading\">Emma Marsantes<\/h2>\n\n\n\n<p><strong>Sesi\u00f3n: X, Iheap, 2014-2016 <\/strong><br><strong>Informaci\u00f3n biogr\u00e1fica:<\/strong> Emma Marsantes acaba de publicar en las Ediciones Verdier \u00ab Une m\u00e8re \u00e9ph\u00e9m\u00e8re \u00bb, una novela de ficci\u00f3n considerada uno de los libros m\u00e1s importantes de la rentr\u00e9e literaria 2022. Para decir lo indecible, en \u00ab Une m\u00e8re \u00e9ph\u00e9m\u00e8re \u00bb Emma Marsantes inventa un lenguaje, crea sus propias palabras, construye sus frases con precisi\u00f3n para hacer que el lector escuche c\u00f3mo, en la asfixia y el terror, pero tambi\u00e9n a veces en una risa liberadora, puede nacer finalmente la verdad. La trayectoria de Emma Marsantes en el Iheap tuvo un papel determinante en la escritura de la novela. Enlace al podcast de Laure Adler en France Inter \/ Entrevista con Emma Marsantes<br><a href=\"https:\/\/www.radiofrance.fr\/franceinter\/podcasts\/l-heure-bleue\/familles-avec-sarah-jollien-fardel-et-emma-marsantes-4416474?fbclid=IwAR352FC7OyhAAUXzV7TYb4IfR_8WKtP31aT9BpsIG9mhgw3Fh0klvbeG_rY\">https:\/\/www.radiofrance.fr\/franceinter\/podcasts\/l-heure-bleue\/familles-avec-sarah-jollien-fardel-et-emma-marsantes-4416474?fbclid=IwAR352FC7OyhAAUXzV7TYb4IfR_8WKtP31aT9BpsIG9mhgw3Fh0klvbeG_rY<\/a><\/p>\n\n\n\n<p>Cr\u00e9ditos fotogr\u00e1ficos: Adona\u00ef Kaf<\/p>\n","protected":false},"excerpt":{"rendered":"<p>Una selecci\u00f3n de algunos proyectos de sesi\u00f3n de antiguos practicantes desarrollados en el ENDA. Quentin Derouet Sesi\u00f3n: XXII, 2022-2023 Informaci\u00f3n biogr\u00e1fica: N.C. Proyecto de sesi\u00f3n: En Marsella a partir de 1940, Sylvain Itkine y sus c\u00f3mplices crean una cooperativa para ofrecer Croques-Fruits, un dulce a base de frutas secas que permit\u00eda alimentar y dar trabajo [&hellip;]<\/p>\n","protected":false},"author":1,"featured_media":4915,"parent":0,"menu_order":0,"comment_status":"closed","ping_status":"closed","template":"","meta":{"_coblocks_attr":"","_coblocks_dimensions":"","_coblocks_responsive_height":"","_coblocks_accordion_ie_support":"","footnotes":""},"_links":{"self":[{"href":"https:\/\/www.enda.fr\/es\/wp-json\/wp\/v2\/pages\/4916"}],"collection":[{"href":"https:\/\/www.enda.fr\/es\/wp-json\/wp\/v2\/pages"}],"about":[{"href":"https:\/\/www.enda.fr\/es\/wp-json\/wp\/v2\/types\/page"}],"author":[{"embeddable":true,"href":"https:\/\/www.enda.fr\/es\/wp-json\/wp\/v2\/users\/1"}],"replies":[{"embeddable":true,"href":"https:\/\/www.enda.fr\/es\/wp-json\/wp\/v2\/comments?post=4916"}],"version-history":[{"count":1,"href":"https:\/\/www.enda.fr\/es\/wp-json\/wp\/v2\/pages\/4916\/revisions"}],"predecessor-version":[{"id":4917,"href":"https:\/\/www.enda.fr\/es\/wp-json\/wp\/v2\/pages\/4916\/revisions\/4917"}],"wp:featuredmedia":[{"embeddable":true,"href":"https:\/\/www.enda.fr\/es\/wp-json\/wp\/v2\/media\/4915"}],"wp:attachment":[{"href":"https:\/\/www.enda.fr\/es\/wp-json\/wp\/v2\/media?parent=4916"}],"curies":[{"name":"wp","href":"https:\/\/api.w.org\/{rel}","templated":true}]}}