{"id":61,"date":"2020-02-22T02:43:35","date_gmt":"2020-02-22T01:43:35","guid":{"rendered":"http:\/\/www.enda.fr\/?page_id=61"},"modified":"2021-02-05T01:25:29","modified_gmt":"2021-02-05T00:25:29","slug":"presentacion","status":"publish","type":"page","link":"https:\/\/www.enda.fr\/es\/presentacion\/","title":{"rendered":"Presentaci\u00f3n"},"content":{"rendered":"<p>La ENDA (Escuela nacional de arte) es una instituci\u00f3n de investigaci\u00f3n y de experimentaci\u00f3n en arte.<\/p>\n<p><b>Una formaci\u00f3n \u00fanica y una pedagog\u00eda revolucionaria<br \/>\n<\/b>Gracias a sus criterios de administraci\u00f3n, a su apertura a todas y todas a partir de 18 a\u00f1os, a su programa y su organizaci\u00f3n, a sus metodolog\u00edas, a sus L\u00edneas de investigaci\u00f3n y de experimentaci\u00f3n (LDIE), a la forma de los contenidos propuestos, la finalidad y los retos que se desarrollan, a los criterios de evoluci\u00f3n y la certificaci\u00f3n otorgada, la ENDA es una escuela disruptiva que dispone de sus propias normas acad\u00e9micas.<span class=\"Apple-converted-space\">\u00a0<\/span><\/p>\n<p><b>Las misiones<br \/>\n<\/b>&#8211; Ofrecer una docencia de alto nivel a todas y todos sin limite de edad ni prerrequisitos;<br \/>\n&#8211; Proponer puntos de vista inesperada y sorprendente sobre el arte;<br \/>\n&#8211; Ofrecer las bases para liberarse de la pr\u00e1ctica \u00fanica;<br \/>\n&#8211; Construir un contexto para formular un enfoque y un proceso singular;<br \/>\n&#8211; Poner en evidencia los retos a la obra en el arte del siglo XXI.<\/p>\n<p><strong>Una escuela l\u00edquida\u00a0<\/strong><br \/>\nLa ENDA es una escuela l\u00edquida que se mueva de un lugar a otro: parkings, museos, centros de arte contempor\u00e1neo, huertos, metros, galer\u00edas, trenes, embajadas, asociaciones, fundaciones, escuelas, bodegas, universidades\u2026 Este principio de acci\u00f3n se aplica tambi\u00e9n en el mismo trabajo que la escuela realiza con sus practicantes basado en la vivacidad. El programa puesta en circulaci\u00f3n, actualizado cada a\u00f1o, ofrece a los participantes nuevas oportunidades y aperturas para formular, valorizar y vincular su trabajo con otros.<\/p>\n<p><strong>Una escuela horizontal\u00a0<\/strong><br \/>\nLos participantes pueden organizar sus propios m\u00f3dulos de trabajos, algunos se convierten oradores, pueden iniciar o participar a proyecto fuera de la sesi\u00f3n en Francia o al extranjero. Como participante pueden formular LDEI (L\u00edneas de investigaci\u00f3n y de experimentaci\u00f3n) tem\u00e1ticas y en vinculo con una cuesti\u00f3n fundamental para ustedes. Influenciando su estructura los propios practicantes convierten la ENDA en una escuela fundamental.<\/p>\n<p><strong>Proyectos externos en Francia y al internacional\u00a0<\/strong><br \/>\nEl programa incluye tambi\u00e9n posibilidad de participar o de iniciar proyectos externos (Bruselas, Beirut, Guatemala, Nueva York, Mosc\u00fa\u2026). La ENDA trabaja en estrecha colaboraci\u00f3n con la Bienal de Par\u00eds* y otras instituciones, estructuras, proyectos, ofreciendo a los participantes muchas oportunidades para participar en proyectos en Francia y al internacional. Uno de los proyectos actuales de la ENDA, titulado ETI (Experimentar una transformaci\u00f3n institucional) consiste en la experimentaci\u00f3n de nuevos modelos institucionales para el arte. Este proyecto que inici\u00f3 constituyendo un consorcio de instituciones europeas est\u00e1 patrocinado por el programa Europa Creativa de la Uni\u00f3n Europea.<\/p>\n<p><strong>El DNREA, el diploma de investigaci\u00f3n y experimentaci\u00f3n art\u00edstica<\/strong><br \/>\nLa escuela emite un t\u00edtulo cuya referencia est\u00e1 en la nomenclatura de la docencia art\u00edstica la m\u00e1s pr\u00f3xima ser\u00eda un posgrado. El DNREA (Diploma nacional de investigaci\u00f3n y experimentaci\u00f3n en arte) se entrega al final de cada sesi\u00f3n tras una entrevista ante un jurado de sesi\u00f3n y que se realiza gracias a la investigaci\u00f3n y al trabajo realizados durante la sesi\u00f3n. EL DNREA no es un diploma en arte sino en investigaci\u00f3n y experimentaci\u00f3n art\u00edstica.<\/p>\n<p>Desarrolla otros valores que las en escuelas de arte o en el mundo de arte, la ENDA est\u00e1 receptiva a todo, pero tambi\u00e9n independiente de todo.<\/p>\n<p>La ENDA no entra en ninguna categor\u00eda de la ense\u00f1anza art\u00edstica francesa e internacional. Se trata de una escuela de nueva generaci\u00f3n, necesaria hoy tanto a nivel de la investigaci\u00f3n que realiza en arte como en la capacidad cr\u00edtica del sistema del arte.<\/p>\n<p>Realizando un echo a una situaci\u00f3n pol\u00edtica, econ\u00f3mica y social que sobrepasa la del arte, la ENDA se afirma como un espacio de emancipaci\u00f3n que formula lo que es una escuela de arte en el siglo XXI.<\/p>\n<p>* La ENDA se constituye como la secci\u00f3n pedag\u00f3gica de la Bienal de Par\u00eds<\/p>\n","protected":false},"excerpt":{"rendered":"<p>La ENDA (Escuela nacional de arte) es una instituci\u00f3n de investigaci\u00f3n y de experimentaci\u00f3n en arte. Una formaci\u00f3n \u00fanica y una pedagog\u00eda revolucionaria Gracias a sus criterios de administraci\u00f3n, a su apertura a todas y todas a partir de 18 a\u00f1os, a su programa y su organizaci\u00f3n, a sus metodolog\u00edas, a sus L\u00edneas de investigaci\u00f3n [&hellip;]<\/p>\n","protected":false},"author":1,"featured_media":0,"parent":0,"menu_order":0,"comment_status":"closed","ping_status":"closed","template":"","meta":{"_coblocks_attr":"","_coblocks_dimensions":"","_coblocks_responsive_height":"","_coblocks_accordion_ie_support":"","footnotes":""},"_links":{"self":[{"href":"https:\/\/www.enda.fr\/es\/wp-json\/wp\/v2\/pages\/61"}],"collection":[{"href":"https:\/\/www.enda.fr\/es\/wp-json\/wp\/v2\/pages"}],"about":[{"href":"https:\/\/www.enda.fr\/es\/wp-json\/wp\/v2\/types\/page"}],"author":[{"embeddable":true,"href":"https:\/\/www.enda.fr\/es\/wp-json\/wp\/v2\/users\/1"}],"replies":[{"embeddable":true,"href":"https:\/\/www.enda.fr\/es\/wp-json\/wp\/v2\/comments?post=61"}],"version-history":[{"count":33,"href":"https:\/\/www.enda.fr\/es\/wp-json\/wp\/v2\/pages\/61\/revisions"}],"predecessor-version":[{"id":4501,"href":"https:\/\/www.enda.fr\/es\/wp-json\/wp\/v2\/pages\/61\/revisions\/4501"}],"wp:attachment":[{"href":"https:\/\/www.enda.fr\/es\/wp-json\/wp\/v2\/media?parent=61"}],"curies":[{"name":"wp","href":"https:\/\/api.w.org\/{rel}","templated":true}]}}